{"id":8518,"date":"2021-02-25T12:10:42","date_gmt":"2021-02-25T12:10:42","guid":{"rendered":"https:\/\/www.tuwebaccesible.es\/?page_id=8518"},"modified":"2026-03-19T10:44:29","modified_gmt":"2026-03-19T10:44:29","slug":"accessible-design","status":"publish","type":"page","link":"https:\/\/www.tuwebaccesible.es\/en\/accessible-design\/","title":{"rendered":"Accessible Design"},"content":{"rendered":"<div class=\"wpb-content-wrapper\"><p>[vc_section][vc_row row_height_percent=&#8221;0&#8243; overlay_alpha=&#8221;50&#8243; gutter_size=&#8221;3&#8243; column_width_percent=&#8221;100&#8243; shift_y=&#8221;0&#8243; z_index=&#8221;0&#8243; uncode_shortcode_id=&#8221;121136&#8243; css=&#8221;.vc_custom_1722428925695{margin-top: 15px !important;margin-bottom: 15px !important;}&#8221; el_id=&#8221;firts-row-dise\u00f1o-accesible&#8221;][vc_column width=&#8221;8\/12&#8243;][vc_row_inner row_inner_height_percent=&#8221;0&#8243; overlay_alpha=&#8221;50&#8243; gutter_size=&#8221;3&#8243; shift_y=&#8221;0&#8243; z_index=&#8221;0&#8243; uncode_shortcode_id=&#8221;117984&#8243; css=&#8221;.vc_custom_1722428515112{padding-right: 40px !important;}&#8221; el_class=&#8221;pb-sm-0&#8243; limit_content=&#8221;&#8221;][vc_column_inner width=&#8221;1\/1&#8243;][vc_custom_heading text_font=&#8221;font-179873&#8243; text_size=&#8221;fontsize-50&#8243; text_weight=&#8221;600&#8243; text_height=&#8221;fontheight-50&#8243; uncode_shortcode_id=&#8221;186952&#8243;]An attractive user interface should also invite and facilitate the navigability and use of a website.[\/vc_custom_heading][\/vc_column_inner][\/vc_row_inner][vc_row_inner row_inner_height_percent=&#8221;0&#8243; overlay_alpha=&#8221;50&#8243; gutter_size=&#8221;5&#8243; shift_y=&#8221;0&#8243; z_index=&#8221;0&#8243; uncode_shortcode_id=&#8221;144907&#8243; limit_content=&#8221;&#8221;][vc_column_inner width=&#8221;11\/12&#8243;][vc_column_text uncode_shortcode_id=&#8221;125539&#8243; el_class=&#8221;fontsize-18 fontheight-28&#8243;]We design and develop accessible, responsive, adaptive, and modern web pages. Because an accessible website is compatible with the design of an attractive space, the user experience will be passive and more useful. Our team offers a comprehensive service tailored to the particular needs of each website.[\/vc_column_text][\/vc_column_inner][vc_column_inner width=&#8221;1\/12&#8243;][\/vc_column_inner][\/vc_row_inner][\/vc_column][vc_column column_width_percent=&#8221;100&#8243; position_vertical=&#8221;middle&#8221; gutter_size=&#8221;3&#8243; overlay_alpha=&#8221;50&#8243; shift_x=&#8221;0&#8243; shift_y=&#8221;0&#8243; shift_y_down=&#8221;0&#8243; z_index=&#8221;0&#8243; medium_width=&#8221;0&#8243; mobile_width=&#8221;0&#8243; width=&#8221;4\/12&#8243; uncode_shortcode_id=&#8221;158614&#8243;][vc_single_image media=&#8221;7362&#8243; media_width_use_pixel=&#8221;yes&#8221; alignment=&#8221;right&#8221; uncode_shortcode_id=&#8221;123445&#8243; media_width_pixel=&#8221;365&#8243;][\/vc_column][\/vc_row][\/vc_section][vc_section overlay_alpha=&#8221;50&#8243; uncode_shortcode_id=&#8221;123456&#8243;][vc_row row_height_percent=&#8221;0&#8243; overlay_alpha=&#8221;50&#8243; gutter_size=&#8221;0&#8243; column_width_percent=&#8221;100&#8243; shift_y=&#8221;0&#8243; z_index=&#8221;0&#8243; content_parallax=&#8221;0&#8243; uncode_shortcode_id=&#8221;750292&#8243;][vc_column width=&#8221;1\/1&#8243;][vc_custom_heading text_font=&#8221;font-179873&#8243; text_size=&#8221;fontsize-50&#8243; text_weight=&#8221;600&#8243; text_height=&#8221;fontheight-50&#8243; uncode_shortcode_id=&#8221;175450&#8243;]Comprehensive web service[\/vc_custom_heading][\/vc_column][\/vc_row][vc_row row_height_percent=&#8221;0&#8243; override_padding=&#8221;yes&#8221; h_padding=&#8221;2&#8243; top_padding=&#8221;0&#8243; bottom_padding=&#8221;0&#8243; overlay_alpha=&#8221;50&#8243; gutter_size=&#8221;3&#8243; column_width_percent=&#8221;100&#8243; shift_y=&#8221;0&#8243; z_index=&#8221;0&#8243; uncode_shortcode_id=&#8221;709087&#8243; css=&#8221;.vc_custom_1722422591257{padding-top: 5px !important;}&#8221;][vc_column width=&#8221;1\/4&#8243;][vc_row_inner row_inner_height_percent=&#8221;0&#8243; overlay_alpha=&#8221;50&#8243; gutter_size=&#8221;0&#8243; shift_y=&#8221;0&#8243; z_index=&#8221;0&#8243; uncode_shortcode_id=&#8221;222290&#8243; css=&#8221;.vc_custom_1722424458321{padding-right: 3em !important;}&#8221; el_class=&#8221;pr-sm-0&#8243; limit_content=&#8221;&#8221;][vc_column_inner column_width_percent=&#8221;100&#8243; gutter_size=&#8221;0&#8243; overlay_alpha=&#8221;50&#8243; shift_x=&#8221;0&#8243; shift_y=&#8221;0&#8243; shift_y_down=&#8221;0&#8243; z_index=&#8221;0&#8243; medium_width=&#8221;0&#8243; mobile_width=&#8221;0&#8243; width=&#8221;1\/1&#8243; uncode_shortcode_id=&#8221;121703&#8243; el_class=&#8221;icons-w15&#8243;][vc_single_image media=&#8221;7364&#8243; media_width_use_pixel=&#8221;yes&#8221; image=&#8221;6590&#8243; uncode_shortcode_id=&#8221;210883&#8243; media_width_pixel=&#8221;65&#8243;][vc_custom_heading text_color=&#8221;color-black-Three&#8221; heading_semantic=&#8221;h3&#8243; text_font=&#8221;font-179873&#8243; text_size=&#8221;fontsize-30&#8243; text_weight=&#8221;600&#8243; text_height=&#8221;fontheight-32&#8243; uncode_shortcode_id=&#8221;612339&#8243; text_color_type=&#8221;uncode-palette&#8221; el_class=&#8221;mt-15&#8243;]Planning[\/vc_custom_heading][vc_column_text uncode_shortcode_id=&#8221;166750&#8243; css=&#8221;.vc_custom_1734694705680{margin-top: 14px !important;}&#8221; el_class=&#8221;fontheight-28&#8243;]We carry out the complete planning of the project with all its scope and specific needs.[\/vc_column_text][\/vc_column_inner][\/vc_row_inner][\/vc_column][vc_column width=&#8221;1\/4&#8243;][vc_row_inner row_inner_height_percent=&#8221;0&#8243; overlay_alpha=&#8221;50&#8243; gutter_size=&#8221;0&#8243; shift_y=&#8221;0&#8243; z_index=&#8221;0&#8243; uncode_shortcode_id=&#8221;119263&#8243; limit_content=&#8221;&#8221;][vc_column_inner column_width_percent=&#8221;100&#8243; gutter_size=&#8221;3&#8243; overlay_alpha=&#8221;50&#8243; shift_x=&#8221;0&#8243; shift_y=&#8221;0&#8243; shift_y_down=&#8221;0&#8243; z_index=&#8221;0&#8243; medium_width=&#8221;0&#8243; mobile_width=&#8221;0&#8243; width=&#8221;1\/1&#8243; uncode_shortcode_id=&#8221;200346&#8243; el_class=&#8221;icons-w15&#8243;][vc_single_image media=&#8221;7366&#8243; media_width_use_pixel=&#8221;yes&#8221; image=&#8221;6590&#8243; uncode_shortcode_id=&#8221;557034&#8243; media_width_pixel=&#8221;65&#8243;][vc_custom_heading text_color=&#8221;color-black-Three&#8221; heading_semantic=&#8221;h3&#8243; text_font=&#8221;font-179873&#8243; text_size=&#8221;fontsize-30&#8243; text_weight=&#8221;600&#8243; text_height=&#8221;fontheight-32&#8243; uncode_shortcode_id=&#8221;229525&#8243; text_color_type=&#8221;uncode-palette&#8221; el_class=&#8221;mt-15&#8243;]We design[\/vc_custom_heading][vc_column_text uncode_shortcode_id=&#8221;647671&#8243; css=&#8221;.vc_custom_1734694754367{margin-top: 14px !important;padding-right: 1em !important;}&#8221; el_class=&#8221;fontheight-28 pr-sm-0&#8243;]We carry out web design according to the business objective, prioritizing usability and accessibility in the user interface.[\/vc_column_text][\/vc_column_inner][\/vc_row_inner][\/vc_column][vc_column width=&#8221;1\/4&#8243;][vc_row_inner row_inner_height_percent=&#8221;0&#8243; overlay_alpha=&#8221;50&#8243; gutter_size=&#8221;0&#8243; shift_y=&#8221;0&#8243; z_index=&#8221;0&#8243; uncode_shortcode_id=&#8221;119263&#8243; limit_content=&#8221;&#8221;][vc_column_inner column_width_percent=&#8221;100&#8243; gutter_size=&#8221;3&#8243; overlay_alpha=&#8221;50&#8243; shift_x=&#8221;0&#8243; shift_y=&#8221;0&#8243; shift_y_down=&#8221;0&#8243; z_index=&#8221;0&#8243; medium_width=&#8221;0&#8243; mobile_width=&#8221;0&#8243; width=&#8221;1\/1&#8243; uncode_shortcode_id=&#8221;200346&#8243; el_class=&#8221;icons-w15&#8243;][vc_single_image media=&#8221;7368&#8243; media_width_use_pixel=&#8221;yes&#8221; image=&#8221;6590&#8243; uncode_shortcode_id=&#8221;178981&#8243; media_width_pixel=&#8221;65&#8243;][vc_custom_heading text_color=&#8221;color-black-Three&#8221; heading_semantic=&#8221;h3&#8243; text_font=&#8221;font-179873&#8243; text_size=&#8221;fontsize-30&#8243; text_weight=&#8221;600&#8243; text_height=&#8221;fontheight-32&#8243; uncode_shortcode_id=&#8221;141579&#8243; text_color_type=&#8221;uncode-palette&#8221; el_class=&#8221;mt-15&#8243;]We develop[\/vc_custom_heading][vc_column_text uncode_shortcode_id=&#8221;455906&#8243; css=&#8221;.vc_custom_1734694790046{margin-top: 14px !important;padding-right: 1.5em !important;}&#8221; el_class=&#8221;fontheight-28 pr-sm-0&#8243;]We layout and develop adaptive websites using different languages and frameworks, according to the target needs.[\/vc_column_text][\/vc_column_inner][\/vc_row_inner][\/vc_column][vc_column width=&#8221;1\/4&#8243;][vc_row_inner row_inner_height_percent=&#8221;0&#8243; overlay_alpha=&#8221;50&#8243; gutter_size=&#8221;0&#8243; shift_y=&#8221;0&#8243; z_index=&#8221;0&#8243; uncode_shortcode_id=&#8221;119263&#8243; limit_content=&#8221;&#8221;][vc_column_inner column_width_percent=&#8221;100&#8243; gutter_size=&#8221;3&#8243; overlay_alpha=&#8221;50&#8243; shift_x=&#8221;0&#8243; shift_y=&#8221;0&#8243; shift_y_down=&#8221;0&#8243; z_index=&#8221;0&#8243; medium_width=&#8221;0&#8243; mobile_width=&#8221;0&#8243; width=&#8221;1\/1&#8243; uncode_shortcode_id=&#8221;200346&#8243; el_class=&#8221;icons-w15&#8243;][vc_single_image media=&#8221;7370&#8243; media_width_use_pixel=&#8221;yes&#8221; image=&#8221;6590&#8243; uncode_shortcode_id=&#8221;131738&#8243; media_width_pixel=&#8221;65&#8243;][vc_custom_heading text_color=&#8221;color-black-Three&#8221; heading_semantic=&#8221;h3&#8243; text_font=&#8221;font-179873&#8243; text_size=&#8221;fontsize-30&#8243; text_weight=&#8221;600&#8243; text_height=&#8221;fontheight-32&#8243; uncode_shortcode_id=&#8221;456963&#8243; text_color_type=&#8221;uncode-palette&#8221; el_class=&#8221;mt-15&#8243;]We maintain[\/vc_custom_heading][vc_column_text uncode_shortcode_id=&#8221;195619&#8243; css=&#8221;.vc_custom_1734694825420{margin-top: 14px !important;padding-right: 2.3em !important;}&#8221; el_class=&#8221;fontheight-28 pr-sm-0&#8243;]We take care of maintenance to ensure that all the functioning of the websites is perfect, so you don&#8217;t have to worry about it.[\/vc_column_text][\/vc_column_inner][\/vc_row_inner][\/vc_column][\/vc_row][\/vc_section][vc_section][vc_row row_height_percent=&#8221;0&#8243; override_padding=&#8221;yes&#8221; h_padding=&#8221;2&#8243; top_padding=&#8221;0&#8243; bottom_padding=&#8221;2&#8243; overlay_alpha=&#8221;50&#8243; gutter_size=&#8221;0&#8243; column_width_percent=&#8221;100&#8243; shift_y=&#8221;0&#8243; z_index=&#8221;0&#8243; content_parallax=&#8221;0&#8243; uncode_shortcode_id=&#8221;904116&#8243; css=&#8221;.vc_custom_1759140351826{margin-top: 60px !important;}&#8221;][vc_column width=&#8221;1\/1&#8243;][vc_row_inner row_inner_height_percent=&#8221;0&#8243; overlay_alpha=&#8221;50&#8243; gutter_size=&#8221;0&#8243; shift_y=&#8221;0&#8243; z_index=&#8221;0&#8243; uncode_shortcode_id=&#8221;211425&#8243; css=&#8221;.vc_custom_1722411230779{margin-bottom: 26px !important;}&#8221; limit_content=&#8221;&#8221;][vc_column_inner column_width_percent=&#8221;100&#8243; gutter_size=&#8221;0&#8243; overlay_alpha=&#8221;50&#8243; shift_x=&#8221;0&#8243; shift_y=&#8221;0&#8243; shift_y_down=&#8221;0&#8243; z_index=&#8221;0&#8243; medium_width=&#8221;0&#8243; mobile_width=&#8221;0&#8243; width=&#8221;2\/3&#8243; uncode_shortcode_id=&#8221;163737&#8243;][vc_custom_heading text_font=&#8221;font-179873&#8243; text_size=&#8221;fontsize-50&#8243; text_weight=&#8221;600&#8243; text_height=&#8221;fontheight-50&#8243; uncode_shortcode_id=&#8221;366671&#8243;]We offer accessible web design and development services.[\/vc_custom_heading][vc_column_text uncode_shortcode_id=&#8221;249522&#8243; el_class=&#8221;fontheight-28&#8243; css=&#8221;.vc_custom_1734694862758{padding-top: 10px !important;}&#8221;]Our web and digital design and development service includes:<\/p>\n<ul class=\"list-purple-lh-25\">\n<li><strong>Corporate, institutional, web portals<\/strong><\/li>\n<li><strong>Blogs<\/strong><\/li>\n<li><strong>Online stores, e-commerce<\/strong><\/li>\n<li><strong>Web applications<\/strong><\/li>\n<li><strong>Management platforms<\/strong><\/li>\n<\/ul>\n<p>[\/vc_column_text][\/vc_column_inner][vc_column_inner width=&#8221;1\/3&#8243;][\/vc_column_inner][\/vc_row_inner][\/vc_column][\/vc_row][\/vc_section][vc_section back_color=&#8221;color-white-Four&#8221; overlay_alpha=&#8221;50&#8243; uncode_shortcode_id=&#8221;181876&#8243; back_color_type=&#8221;uncode-palette&#8221;][vc_row row_height_percent=&#8221;0&#8243; override_padding=&#8221;yes&#8221; h_padding=&#8221;2&#8243; top_padding=&#8221;3&#8243; bottom_padding=&#8221;3&#8243; overlay_alpha=&#8221;50&#8243; gutter_size=&#8221;0&#8243; column_width_percent=&#8221;100&#8243; shift_y=&#8221;0&#8243; z_index=&#8221;0&#8243; uncode_shortcode_id=&#8221;964529&#8243;][vc_column width=&#8221;9\/12&#8243;][vc_custom_heading text_font=&#8221;font-179873&#8243; text_size=&#8221;fontsize-50&#8243; text_weight=&#8221;600&#8243; text_height=&#8221;fontheight-50&#8243; uncode_shortcode_id=&#8221;205173&#8243;]We adapt to your needs.[\/vc_custom_heading][vc_column_text uncode_shortcode_id=&#8221;145923&#8243; el_class=&#8221;fontheight-28&#8243;]We work with several languages and frameworks, which allows us to control the resource consumption of the website and facilitates the incorporation of all the necessary functionalities, making the portal faster and more navigable.[\/vc_column_text][vc_row_inner row_inner_height_percent=&#8221;0&#8243; overlay_alpha=&#8221;50&#8243; gutter_size=&#8221;0&#8243; shift_y=&#8221;0&#8243; z_index=&#8221;0&#8243; uncode_shortcode_id=&#8221;173464&#8243; limit_content=&#8221;&#8221;][vc_column_inner width=&#8221;1\/12&#8243;][vc_single_image media=&#8221;7372&#8243; media_width_use_pixel=&#8221;yes&#8221; uncode_shortcode_id=&#8221;721633&#8243; media_width_pixel=&#8221;65&#8243;][\/vc_column_inner][vc_column_inner column_width_percent=&#8221;100&#8243; gutter_size=&#8221;3&#8243; overlay_alpha=&#8221;50&#8243; shift_x=&#8221;0&#8243; shift_y=&#8221;0&#8243; shift_y_down=&#8221;0&#8243; z_index=&#8221;0&#8243; medium_width=&#8221;0&#8243; mobile_width=&#8221;0&#8243; width=&#8221;11\/12&#8243; uncode_shortcode_id=&#8221;304929&#8243; css=&#8221;.vc_custom_1722425203307{padding-top: 7px !important;padding-left: 29px !important;}&#8221; el_id=&#8221;column-lenguajes-dise\u00f1os&#8221;][vc_custom_heading text_color=&#8221;color-black-Three&#8221; heading_semantic=&#8221;h3&#8243; text_font=&#8221;font-179873&#8243; text_size=&#8221;fontsize-30&#8243; text_weight=&#8221;600&#8243; text_height=&#8221;fontheight-32&#8243; uncode_shortcode_id=&#8221;188492&#8243; text_color_type=&#8221;uncode-palette&#8221;]Languages and frameworks we use[\/vc_custom_heading][vc_column_text uncode_shortcode_id=&#8221;168143&#8243; el_class=&#8221;fontheight-28&#8243; css=&#8221;.vc_custom_1734694933373{margin-top: 3px !important;}&#8221;]Some of the languages, frameworks, and content management systems we commonly work with, although we can always adapt to your needs.<\/p>\n<ul>\n<li><strong>Languages:<\/strong> HTML, CSS, SASS, PHP, JavaScript, Java.<\/li>\n<li><strong>Frameworks \/ Libraries:<\/strong> Jquery, Bootstrap, Yii, Angular, Vue.js.<\/li>\n<li><strong>Content management systems:<\/strong> Drupal, WordPress, Joomla, Prestashop.<\/li>\n<\/ul>\n<p>[\/vc_column_text][\/vc_column_inner][\/vc_row_inner][\/vc_column][\/vc_row][\/vc_section][vc_section][vc_row row_height_percent=&#8221;0&#8243; override_padding=&#8221;yes&#8221; h_padding=&#8221;2&#8243; top_padding=&#8221;0&#8243; bottom_padding=&#8221;0&#8243; overlay_alpha=&#8221;50&#8243; gutter_size=&#8221;0&#8243; column_width_percent=&#8221;100&#8243; shift_y=&#8221;0&#8243; z_index=&#8221;0&#8243; content_parallax=&#8221;0&#8243; uncode_shortcode_id=&#8221;165347&#8243; css=&#8221;.vc_custom_1759140372787{margin-top: 5.15em !important;margin-bottom: 8.1em !important;}&#8221; el_class=&#8221;mt-sm-50 mb-sm-50&#8243;][vc_column width=&#8221;1\/1&#8243;][vc_row_inner row_inner_height_percent=&#8221;0&#8243; overlay_alpha=&#8221;50&#8243; gutter_size=&#8221;2&#8243; shift_y=&#8221;0&#8243; z_index=&#8221;0&#8243; uncode_shortcode_id=&#8221;159054&#8243; limit_content=&#8221;&#8221;][vc_column_inner width=&#8221;5\/12&#8243;][vc_single_image media=&#8221;7374&#8243; media_width_use_pixel=&#8221;yes&#8221; uncode_shortcode_id=&#8221;900758&#8243; media_width_pixel=&#8221;375&#8243;][\/vc_column_inner][vc_column_inner column_width_percent=&#8221;100&#8243; position_vertical=&#8221;middle&#8221; gutter_size=&#8221;3&#8243; overlay_alpha=&#8221;50&#8243; shift_x=&#8221;0&#8243; shift_y=&#8221;0&#8243; shift_y_down=&#8221;0&#8243; z_index=&#8221;0&#8243; medium_width=&#8221;0&#8243; mobile_width=&#8221;0&#8243; width=&#8221;7\/12&#8243; uncode_shortcode_id=&#8221;854065&#8243;][vc_custom_heading text_font=&#8221;font-179873&#8243; text_size=&#8221;fontsize-50&#8243; text_weight=&#8221;600&#8243; text_height=&#8221;fontheight-50&#8243; uncode_shortcode_id=&#8221;178043&#8243;]Accessibility and usability guaranteed[\/vc_custom_heading][vc_column_text uncode_shortcode_id=&#8221;502191&#8243; el_class=&#8221;fontheight-28&#8243; css=&#8221;.vc_custom_1734694972764{margin-top: 23px !important;}&#8221;]We design and develop from the beginning, under the <strong>WCAG 2.1 criteria<\/strong>, which allows us to offer a website accessible to all people, and that also meets the legal requirements. We ensure the <strong>best user experience<\/strong>, as well as <strong>SEO optimization<\/strong>, so that your website is easily navigable and meets the expected institutional and business objectives.[\/vc_column_text][\/vc_column_inner][\/vc_row_inner][\/vc_column][\/vc_row][\/vc_section][vc_row][vc_column width=&#8221;1\/1&#8243;][uncode_block id=&#8221;8419&#8243;][\/vc_column][\/vc_row]<\/p>\n<\/div>","protected":false},"excerpt":{"rendered":"<p>Una web accesible tambi\u00e9n debe ser responsive, adaptativa, y con un dise\u00f1o cuidado y adecuado a las necesidades de su p\u00fablico. Cons\u00faltanos.<\/p>\n","protected":false},"author":4,"featured_media":0,"parent":0,"menu_order":0,"comment_status":"closed","ping_status":"closed","template":"","meta":{"_acf_changed":false,"footnotes":""},"class_list":["post-8518","page","type-page","status-publish","hentry"],"acf":[],"_links":{"self":[{"href":"https:\/\/www.tuwebaccesible.es\/en\/wp-json\/wp\/v2\/pages\/8518","targetHints":{"allow":["GET"]}}],"collection":[{"href":"https:\/\/www.tuwebaccesible.es\/en\/wp-json\/wp\/v2\/pages"}],"about":[{"href":"https:\/\/www.tuwebaccesible.es\/en\/wp-json\/wp\/v2\/types\/page"}],"author":[{"embeddable":true,"href":"https:\/\/www.tuwebaccesible.es\/en\/wp-json\/wp\/v2\/users\/4"}],"replies":[{"embeddable":true,"href":"https:\/\/www.tuwebaccesible.es\/en\/wp-json\/wp\/v2\/comments?post=8518"}],"version-history":[{"count":0,"href":"https:\/\/www.tuwebaccesible.es\/en\/wp-json\/wp\/v2\/pages\/8518\/revisions"}],"wp:attachment":[{"href":"https:\/\/www.tuwebaccesible.es\/en\/wp-json\/wp\/v2\/media?parent=8518"}],"curies":[{"name":"wp","href":"https:\/\/api.w.org\/{rel}","templated":true}]}}