{"id":8757,"date":"2024-12-02T08:10:59","date_gmt":"2024-12-02T08:10:59","guid":{"rendered":"https:\/\/www.tuwebaccesible.es\/?page_id=8757"},"modified":"2025-01-16T16:28:20","modified_gmt":"2025-01-16T16:28:20","slug":"validador-de-accesibilidad-web","status":"publish","type":"page","link":"https:\/\/www.tuwebaccesible.es\/cat\/validador-de-accesibilidad-web\/","title":{"rendered":"Validador d&#8217;Accessibilitat Web"},"content":{"rendered":"<div class=\"wpb-content-wrapper\"><p>[vc_section back_color=&#8221;color-black-Three&#8221; overlay_alpha=&#8221;50&#8243; content_parallax=&#8221;0&#8243; uncode_shortcode_id=&#8221;166956&#8243; back_color_type=&#8221;uncode-palette&#8221;][vc_row][vc_column width=&#8221;1\/1&#8243;][uncode_block id=&#8221;8994&#8243;][\/vc_column][\/vc_row][\/vc_section][vc_section overlay_alpha=&#8221;50&#8243; content_parallax=&#8221;0&#8243; uncode_shortcode_id=&#8221;144532&#8243;][vc_row row_height_percent=&#8221;0&#8243; override_padding=&#8221;yes&#8221; h_padding=&#8221;2&#8243; top_padding=&#8221;4&#8243; bottom_padding=&#8221;3&#8243; back_color=&#8221;color-white-Four&#8221; overlay_alpha=&#8221;50&#8243; gutter_size=&#8221;3&#8243; column_width_percent=&#8221;100&#8243; shift_y=&#8221;0&#8243; z_index=&#8221;0&#8243; content_parallax=&#8221;0&#8243; uncode_shortcode_id=&#8221;213079&#8243; css=&#8221;.vc_custom_1735556226356{margin-top: 0px !important;margin-bottom: 0px !important;}&#8221; back_color_type=&#8221;uncode-palette&#8221;][vc_column column_width_percent=&#8221;100&#8243; gutter_size=&#8221;2&#8243; overlay_alpha=&#8221;50&#8243; shift_x=&#8221;0&#8243; shift_y=&#8221;0&#8243; shift_y_down=&#8221;0&#8243; z_index=&#8221;0&#8243; medium_width=&#8221;0&#8243; mobile_width=&#8221;0&#8243; width=&#8221;1\/1&#8243; uncode_shortcode_id=&#8221;152318&#8243;][vc_custom_heading text_font=&#8221;font-179873&#8243; text_size=&#8221;fontsize-50&#8243; text_weight=&#8221;600&#8243; text_height=&#8221;fontheight-50&#8243; uncode_shortcode_id=&#8221;126543&#8243;]Per qu\u00e8 verificar el compliment de<br \/>\nl&#8217;accessibilitat d&#8217;un portal web?[\/vc_custom_heading][vc_row_inner][vc_column_inner column_width_percent=&#8221;100&#8243; gutter_size=&#8221;3&#8243; overlay_alpha=&#8221;50&#8243; shift_x=&#8221;0&#8243; shift_y=&#8221;0&#8243; shift_y_down=&#8221;0&#8243; z_index=&#8221;0&#8243; medium_width=&#8221;0&#8243; mobile_width=&#8221;0&#8243; width=&#8221;1\/1&#8243; uncode_shortcode_id=&#8221;163845&#8243;][vc_column_text uncode_shortcode_id=&#8221;141461&#8243; el_class=&#8221;fontsize-18 fontheight-28&#8243;]Garantir que el teu lloc web sigui accessible \u00e9s essencial per complir amb normatives com WCAG, ADA o el Reial decret 1112\/2018. Amb la nostra eina, podr\u00e0s identificar i solucionar problemes d&#8217;accessibilitat per oferir una millor experi\u00e8ncia a tots els teus usuaris.<\/p>\n<p>La nostra eina:<\/p>\n<ul>\n<li>\u00c9s f\u00e0cil d&#8217;usar.<\/li>\n<li>Proporciona resultats detallats.<\/li>\n<li>Est\u00e0 avalada per experts en accessibilitat.<\/li>\n<\/ul>\n<p>[\/vc_column_text][\/vc_column_inner][\/vc_row_inner][\/vc_column][\/vc_row][\/vc_section][vc_section][vc_row row_height_percent=&#8221;0&#8243; override_padding=&#8221;yes&#8221; h_padding=&#8221;3&#8243; top_padding=&#8221;3&#8243; bottom_padding=&#8221;2&#8243; overlay_alpha=&#8221;50&#8243; gutter_size=&#8221;3&#8243; column_width_percent=&#8221;100&#8243; shift_y=&#8221;0&#8243; z_index=&#8221;0&#8243; content_parallax=&#8221;0&#8243; full_width=&#8221;stretch_row&#8221; bg_type=&#8221;bg_color&#8221; bg_color_value=&#8221;#f7f7f7&#8243; css=&#8221;.vc_custom_1735646219376{padding-top: 44px !important;padding-bottom: 44px !important;}&#8221; el_class=&#8221;container-funcionalidades pt-sm-0&#8243; uncode_shortcode_id=&#8221;160556&#8243;][vc_column][vc_custom_heading heading_semantic=&#8221;h3&#8243; text_font=&#8221;font-179873&#8243; text_size=&#8221;fontsize-50&#8243; text_height=&#8221;fontheight-50&#8243; uncode_shortcode_id=&#8221;993257&#8243;]Funcionalitats de l&#8217;Eina[\/vc_custom_heading][vc_row_inner gap=&#8221;15&#8243; el_class=&#8221;row-caracteristicas-fcn&#8221;][vc_column_inner column_width_percent=&#8221;100&#8243; gutter_size=&#8221;2&#8243; overlay_alpha=&#8221;50&#8243; shift_x=&#8221;0&#8243; shift_y=&#8221;0&#8243; shift_y_down=&#8221;0&#8243; z_index=&#8221;0&#8243; medium_width=&#8221;0&#8243; mobile_width=&#8221;0&#8243; width=&#8221;1\/3&#8243; uncode_shortcode_id=&#8221;194571&#8243;][vc_single_image media=&#8221;5596&#8243; media_width_use_pixel=&#8221;yes&#8221; image=&#8221;4573&#8243; img_size=&#8221;full&#8221; css=&#8221;.vc_custom_1710761245407{margin-bottom: 14px !important;}&#8221; uncode_shortcode_id=&#8221;157451&#8243; media_width_pixel=&#8221;65&#8243;][vc_custom_heading heading_semantic=&#8221;h4&#8243; text_font=&#8221;font-179873&#8243; text_size=&#8221;fontsize-30&#8243; text_height=&#8221;fontheight-28&#8243; uncode_shortcode_id=&#8221;137104&#8243;]Facilita&#8217;ns la teva adre\u00e7a URL[\/vc_custom_heading][vc_column_text el_class=&#8221;text-caracteristicas-fcn&#8221; uncode_shortcode_id=&#8221;119770&#8243;]Analitzarem l&#8217;accessibilitat del teu portal web en segons.[\/vc_column_text][\/vc_column_inner][vc_column_inner column_width_percent=&#8221;100&#8243; gutter_size=&#8221;2&#8243; overlay_alpha=&#8221;50&#8243; shift_x=&#8221;0&#8243; shift_y=&#8221;0&#8243; shift_y_down=&#8221;0&#8243; z_index=&#8221;0&#8243; medium_width=&#8221;0&#8243; mobile_width=&#8221;0&#8243; width=&#8221;1\/3&#8243; uncode_shortcode_id=&#8221;919589&#8243;][vc_single_image media=&#8221;5932&#8243; media_width_use_pixel=&#8221;yes&#8221; image=&#8221;4575&#8243; img_size=&#8221;full&#8221; css=&#8221;.vc_custom_1710761256743{margin-bottom: 14px !important;}&#8221; uncode_shortcode_id=&#8221;182959&#8243; media_width_pixel=&#8221;65&#8243;][vc_custom_heading heading_semantic=&#8221;h4&#8243; text_font=&#8221;font-179873&#8243; text_size=&#8221;fontsize-30&#8243; text_height=&#8221;fontheight-28&#8243; uncode_shortcode_id=&#8221;567497&#8243;]Rep un Informe Personalitzat[\/vc_custom_heading][vc_column_text el_class=&#8221;text-caracteristicas-fcn&#8221; uncode_shortcode_id=&#8221;939901&#8243;]Obt\u00e9 una an\u00e0lisi detallada amb les barreres d&#8217;accessibilitat identificades.[\/vc_column_text][\/vc_column_inner][vc_column_inner column_width_percent=&#8221;100&#8243; gutter_size=&#8221;2&#8243; overlay_alpha=&#8221;50&#8243; shift_x=&#8221;0&#8243; shift_y=&#8221;0&#8243; shift_y_down=&#8221;0&#8243; z_index=&#8221;0&#8243; medium_width=&#8221;0&#8243; mobile_width=&#8221;0&#8243; width=&#8221;1\/3&#8243; uncode_shortcode_id=&#8221;681035&#8243;][vc_single_image media=&#8221;5392&#8243; media_width_use_pixel=&#8221;yes&#8221; image=&#8221;4576&#8243; img_size=&#8221;full&#8221; css=&#8221;.vc_custom_1710761267320{margin-bottom: 14px !important;}&#8221; uncode_shortcode_id=&#8221;866747&#8243; media_width_pixel=&#8221;65&#8243;][vc_custom_heading heading_semantic=&#8221;h4&#8243; text_font=&#8221;font-179873&#8243; text_size=&#8221;fontsize-30&#8243; text_height=&#8221;fontheight-28&#8243; uncode_shortcode_id=&#8221;672778&#8243;]Recomanacions Pr\u00e0ctiques[\/vc_custom_heading][vc_column_text el_class=&#8221;text-caracteristicas-fcn&#8221; uncode_shortcode_id=&#8221;745712&#8243;]Solucions clares i aplicables per complir amb les normatives.[\/vc_column_text][\/vc_column_inner][\/vc_row_inner][\/vc_column][\/vc_row][\/vc_section][vc_section back_color=&#8221;color-light-lavender-Two&#8221; overlay_alpha=&#8221;50&#8243; content_parallax=&#8221;0&#8243; uncode_shortcode_id=&#8221;760426&#8243; back_color_type=&#8221;uncode-palette&#8221;][vc_row row_height_percent=&#8221;0&#8243; override_padding=&#8221;yes&#8221; h_padding=&#8221;2&#8243; top_padding=&#8221;3&#8243; bottom_padding=&#8221;3&#8243; overlay_alpha=&#8221;50&#8243; gutter_size=&#8221;4&#8243; column_width_percent=&#8221;100&#8243; shift_y=&#8221;0&#8243; z_index=&#8221;0&#8243; content_parallax=&#8221;0&#8243; uncode_shortcode_id=&#8221;314331&#8243;][vc_column column_width_percent=&#8221;100&#8243; position_vertical=&#8221;bottom&#8221; gutter_size=&#8221;3&#8243; overlay_alpha=&#8221;50&#8243; shift_x=&#8221;0&#8243; shift_y=&#8221;0&#8243; shift_y_down=&#8221;0&#8243; z_index=&#8221;0&#8243; medium_width=&#8221;0&#8243; mobile_width=&#8221;0&#8243; width=&#8221;2\/3&#8243; uncode_shortcode_id=&#8221;118176&#8243;][vc_custom_heading text_font=&#8221;font-179873&#8243; text_size=&#8221;fontsize-50&#8243; text_height=&#8221;fontheight-50&#8243; uncode_shortcode_id=&#8221;147925&#8243;]Sabies que la falta d&#8217;accessibilitat pot portar a sancions legals i p\u00e8rdua d&#8217;usuaris?[\/vc_custom_heading][vc_column_text uncode_shortcode_id=&#8221;170411&#8243; el_class=&#8221;fontisize-18 fontheight-28&#8243; css=&#8221;.vc_custom_1735803844416{margin-top: 10px !important;}&#8221;]Descobreix si est\u00e0s obligat a complir amb la normativa amb nom\u00e9s un clic.[\/vc_column_text][vc_button button_color=&#8221;color-black-Three&#8221; hover_fx=&#8221;outlined&#8221; border_width=&#8221;3&#8243; display=&#8221;inline&#8221; inline_mobile=&#8221;yes&#8221; button_color_type=&#8221;uncode-palette&#8221; uncode_shortcode_id=&#8221;146857&#8243; el_class=&#8221;btn-no-border-black mt-40 border-black-hover&#8221; link=&#8221;url:https%3A%2F%2Fwww.tuwebaccesible.es%2Fcertificacion-de-accesibilidad-web%2F&#8221;]M\u00e9s informaci\u00f3<span class=\"sr-only\">sobre les normatives d&#8217;accessibilitat vigents<\/span>[\/vc_button][\/vc_column][vc_column width=&#8221;1\/3&#8243;][vc_single_image media=&#8221;5265&#8243; media_width_use_pixel=&#8221;yes&#8221; uncode_shortcode_id=&#8221;127628&#8243; media_width_pixel=&#8221;276&#8243; el_id=&#8221;img-wcag-validador&#8221;][\/vc_column][\/vc_row][\/vc_section][vc_section overlay_alpha=&#8221;50&#8243; content_parallax=&#8221;0&#8243; uncode_shortcode_id=&#8221;109102&#8243;][vc_row row_height_percent=&#8221;0&#8243; override_padding=&#8221;yes&#8221; h_padding=&#8221;3&#8243; top_padding=&#8221;2&#8243; bottom_padding=&#8221;2&#8243; overlay_alpha=&#8221;50&#8243; gutter_size=&#8221;3&#8243; column_width_percent=&#8221;100&#8243; shift_y=&#8221;0&#8243; z_index=&#8221;0&#8243; content_parallax=&#8221;0&#8243; full_width=&#8221;stretch_row&#8221; bg_type=&#8221;bg_color&#8221; bg_color_value=&#8221;#f7f7f7&#8243; css=&#8221;.vc_custom_1735572474530{padding-top: 41px !important;}&#8221; el_class=&#8221;fila-funcionalidades&#8221; uncode_shortcode_id=&#8221;300772&#8243;][vc_column width=&#8221;1\/1&#8243;][vc_custom_heading heading_semantic=&#8221;h3&#8243; text_font=&#8221;font-179873&#8243; text_size=&#8221;fontsize-50&#8243; text_height=&#8221;fontheight-50&#8243; uncode_shortcode_id=&#8221;639350&#8243;]Beneficis d&#8217;Usar la Nostra Eina[\/vc_custom_heading][vc_separator sep_color=&#8221;color-light-urple&#8221; uncode_shortcode_id=&#8221;285012&#8243; sep_color_type=&#8221;uncode-palette&#8221; el_width=&#8221;20%&#8221; el_height=&#8221;5px&#8221; el_class=&#8221;mt-25&#8243;][\/vc_column][\/vc_row][vc_row row_height_percent=&#8221;0&#8243; override_padding=&#8221;yes&#8221; h_padding=&#8221;3&#8243; top_padding=&#8221;2&#8243; bottom_padding=&#8221;3&#8243; overlay_alpha=&#8221;50&#8243; gutter_size=&#8221;3&#8243; column_width_percent=&#8221;100&#8243; shift_y=&#8221;0&#8243; z_index=&#8221;0&#8243; content_parallax=&#8221;0&#8243; full_width=&#8221;stretch_row&#8221; bg_type=&#8221;bg_color&#8221; bg_color_value=&#8221;#f7f7f7&#8243; css=&#8221;.vc_custom_1735572523625{padding-bottom: 30px !important;}&#8221; uncode_shortcode_id=&#8221;775541&#8243;][vc_column column_width_percent=&#8221;100&#8243; gutter_size=&#8221;3&#8243; overlay_alpha=&#8221;50&#8243; shift_x=&#8221;0&#8243; shift_y=&#8221;0&#8243; shift_y_down=&#8221;0&#8243; z_index=&#8221;0&#8243; medium_width=&#8221;0&#8243; mobile_width=&#8221;0&#8243; width=&#8221;1\/1&#8243; uncode_shortcode_id=&#8221;133747&#8243;][vc_column_text el_class=&#8221;lista-funcionalidades&#8221; uncode_shortcode_id=&#8221;153465&#8243;]<\/p>\n<ul class=\"list-pros-waw\">\n<li><strong>Compliment Legal:<\/strong> Avalua si el teu portal web compleix amb normatives com WCAG, ADA i el Reial decret 1112\/2018.<\/li>\n<li><strong>Millora de l&#8217;Experi\u00e8ncia de l&#8217;Usuari:<\/strong> Augmenta la satisfacci\u00f3 de tots els teus visitants, incloses persones amb discapacitat.<\/li>\n<li><strong>Optimitzaci\u00f3 SEO:<\/strong> L&#8217;accessibilitat millora el posicionament en cercadors.<\/li>\n<li><strong>Estalvi de Temps i Recursos:<\/strong> Identifica problemes i rep solucions clares sense esfor\u00e7 addicional.<\/li>\n<\/ul>\n<p>[\/vc_column_text][\/vc_column][\/vc_row][\/vc_section][vc_section back_color=&#8221;color-white-Four&#8221; overlay_alpha=&#8221;50&#8243; content_parallax=&#8221;0&#8243; uncode_shortcode_id=&#8221;190685&#8243; back_color_type=&#8221;uncode-palette&#8221;][vc_row row_height_percent=&#8221;0&#8243; override_padding=&#8221;yes&#8221; h_padding=&#8221;2&#8243; top_padding=&#8221;3&#8243; bottom_padding=&#8221;2&#8243; overlay_alpha=&#8221;50&#8243; gutter_size=&#8221;3&#8243; column_width_percent=&#8221;100&#8243; shift_y=&#8221;0&#8243; z_index=&#8221;0&#8243; content_parallax=&#8221;0&#8243; uncode_shortcode_id=&#8221;301903&#8243; css=&#8221;.vc_custom_1735573615969{margin-top: 0px !important;margin-bottom: 0px !important;}&#8221;][vc_column column_width_percent=&#8221;100&#8243; gutter_size=&#8221;2&#8243; overlay_alpha=&#8221;50&#8243; shift_x=&#8221;0&#8243; shift_y=&#8221;0&#8243; shift_y_down=&#8221;0&#8243; z_index=&#8221;0&#8243; medium_width=&#8221;0&#8243; mobile_width=&#8221;0&#8243; width=&#8221;1\/1&#8243; uncode_shortcode_id=&#8221;152318&#8243;][vc_custom_heading text_font=&#8221;font-179873&#8243; text_size=&#8221;fontsize-50&#8243; text_weight=&#8221;600&#8243; text_height=&#8221;fontheight-50&#8243; uncode_shortcode_id=&#8221;683376&#8243;]Analitzem els criteris clau<br \/>\nd&#8217;accessibilitat de cada normativa[\/vc_custom_heading][\/vc_column][\/vc_row][vc_row row_height_percent=&#8221;0&#8243; overlay_alpha=&#8221;50&#8243; gutter_size=&#8221;5&#8243; column_width_percent=&#8221;100&#8243; shift_y=&#8221;0&#8243; z_index=&#8221;0&#8243; content_parallax=&#8221;0&#8243; uncode_shortcode_id=&#8221;150169&#8243; el_class=&#8221;first-row-criterios-oaw&#8221;][vc_column column_width_percent=&#8221;100&#8243; gutter_size=&#8221;3&#8243; overlay_alpha=&#8221;50&#8243; shift_x=&#8221;0&#8243; shift_y=&#8221;0&#8243; shift_y_down=&#8221;0&#8243; z_index=&#8221;0&#8243; medium_width=&#8221;0&#8243; mobile_width=&#8221;0&#8243; width=&#8221;1\/2&#8243; uncode_shortcode_id=&#8221;981991&#8243;][vc_row_inner row_inner_height_percent=&#8221;0&#8243; overlay_alpha=&#8221;50&#8243; gutter_size=&#8221;2&#8243; shift_y=&#8221;0&#8243; z_index=&#8221;0&#8243; uncode_shortcode_id=&#8221;509077&#8243;][vc_column_inner width=&#8221;9\/12&#8243;][vc_custom_heading heading_semantic=&#8221;h3&#8243; text_font=&#8221;font-179873&#8243; text_size=&#8221;fontsize-30&#8243; text_weight=&#8221;600&#8243; text_height=&#8221;fontheight-28&#8243; uncode_shortcode_id=&#8221;140817&#8243;]WCAG 2.1 Nivell AA:[\/vc_custom_heading][vc_column_text uncode_shortcode_id=&#8221;438508&#8243; el_class=&#8221;fontsize-17 fontheight-28 mt-10&#8243;]Avaluem els criteris essencials per aconseguir una web accessible i sense barreres segons els est\u00e0ndards internacionals.[\/vc_column_text][\/vc_column_inner][vc_column_inner column_width_percent=&#8221;100&#8243; position_vertical=&#8221;middle&#8221; align_horizontal=&#8221;align_center&#8221; gutter_size=&#8221;3&#8243; overlay_alpha=&#8221;50&#8243; shift_x=&#8221;0&#8243; shift_y=&#8221;0&#8243; shift_y_down=&#8221;0&#8243; z_index=&#8221;0&#8243; medium_width=&#8221;0&#8243; mobile_width=&#8221;0&#8243; width=&#8221;3\/12&#8243; uncode_shortcode_id=&#8221;210114&#8243;][vc_single_image media=&#8221;8336&#8243; media_width_percent=&#8221;100&#8243; uncode_shortcode_id=&#8221;171947&#8243; el_class=&#8221;img-criterios-oaw&#8221;][\/vc_column_inner][\/vc_row_inner][\/vc_column][vc_column column_width_percent=&#8221;100&#8243; gutter_size=&#8221;3&#8243; overlay_alpha=&#8221;50&#8243; shift_x=&#8221;0&#8243; shift_y=&#8221;0&#8243; shift_y_down=&#8221;0&#8243; z_index=&#8221;0&#8243; medium_width=&#8221;0&#8243; mobile_width=&#8221;0&#8243; width=&#8221;1\/2&#8243; uncode_shortcode_id=&#8221;189103&#8243; el_class=&#8221;pt-sm-0&#8243;][vc_row_inner row_inner_height_percent=&#8221;0&#8243; overlay_alpha=&#8221;50&#8243; gutter_size=&#8221;2&#8243; shift_y=&#8221;0&#8243; z_index=&#8221;0&#8243; uncode_shortcode_id=&#8221;413548&#8243; el_class=&#8221;pt-sm-50&#8243;][vc_column_inner width=&#8221;9\/12&#8243;][vc_custom_heading heading_semantic=&#8221;h3&#8243; text_font=&#8221;font-179873&#8243; text_size=&#8221;fontsize-30&#8243; text_weight=&#8221;600&#8243; text_height=&#8221;fontheight-28&#8243; uncode_shortcode_id=&#8221;486629&#8243;]Llei ADA (EUA):[\/vc_custom_heading][vc_column_text uncode_shortcode_id=&#8221;169170&#8243; el_class=&#8221;fontsize-17 fontheight-28 mt-10&#8243;]Garantim que la teva web compleixi amb els requisits legals d&#8217;accessibilitat als Estats Units.[\/vc_column_text][\/vc_column_inner][vc_column_inner column_width_percent=&#8221;100&#8243; position_vertical=&#8221;middle&#8221; align_horizontal=&#8221;align_center&#8221; gutter_size=&#8221;3&#8243; overlay_alpha=&#8221;50&#8243; shift_x=&#8221;0&#8243; shift_y=&#8221;0&#8243; shift_y_down=&#8221;0&#8243; z_index=&#8221;0&#8243; medium_width=&#8221;0&#8243; mobile_width=&#8221;0&#8243; width=&#8221;3\/12&#8243; uncode_shortcode_id=&#8221;170821&#8243;][vc_single_image media=&#8221;8339&#8243; media_width_percent=&#8221;100&#8243; uncode_shortcode_id=&#8221;102918&#8243; el_class=&#8221;img-criterios-oaw&#8221;][\/vc_column_inner][\/vc_row_inner][\/vc_column][\/vc_row][vc_row row_height_percent=&#8221;0&#8243; override_padding=&#8221;yes&#8221; h_padding=&#8221;2&#8243; top_padding=&#8221;2&#8243; bottom_padding=&#8221;3&#8243; overlay_alpha=&#8221;50&#8243; gutter_size=&#8221;5&#8243; column_width_percent=&#8221;100&#8243; shift_y=&#8221;0&#8243; z_index=&#8221;0&#8243; content_parallax=&#8221;0&#8243; uncode_shortcode_id=&#8221;170690&#8243; el_class=&#8221;second-row-criterios-oaw&#8221;][vc_column column_width_percent=&#8221;100&#8243; gutter_size=&#8221;3&#8243; overlay_alpha=&#8221;50&#8243; shift_x=&#8221;0&#8243; shift_y=&#8221;0&#8243; shift_y_down=&#8221;0&#8243; z_index=&#8221;0&#8243; medium_width=&#8221;0&#8243; mobile_width=&#8221;0&#8243; width=&#8221;1\/2&#8243; uncode_shortcode_id=&#8221;408086&#8243; el_class=&#8221;pt-sm-0&#8243;][vc_row_inner row_inner_height_percent=&#8221;0&#8243; overlay_alpha=&#8221;50&#8243; gutter_size=&#8221;2&#8243; shift_y=&#8221;0&#8243; z_index=&#8221;0&#8243; uncode_shortcode_id=&#8221;240752&#8243; el_class=&#8221;pt-sm-50&#8243;][vc_column_inner width=&#8221;9\/12&#8243;][vc_custom_heading heading_semantic=&#8221;h3&#8243; text_font=&#8221;font-179873&#8243; text_size=&#8221;fontsize-30&#8243; text_weight=&#8221;600&#8243; text_height=&#8221;fontheight-28&#8243; uncode_shortcode_id=&#8221;165604&#8243;]Reial decret 1112\/2018 (Espanya):[\/vc_custom_heading][vc_column_text uncode_shortcode_id=&#8221;173014&#8243; el_class=&#8221;fontsize-17 fontheight-28 mt-10&#8243;]Revisem la teva web per assegurar el compliment de la normativa espanyola d&#8217;accessibilitat digital.[\/vc_column_text][\/vc_column_inner][vc_column_inner column_width_percent=&#8221;100&#8243; position_vertical=&#8221;middle&#8221; align_horizontal=&#8221;align_center&#8221; gutter_size=&#8221;3&#8243; overlay_alpha=&#8221;50&#8243; shift_x=&#8221;0&#8243; shift_y=&#8221;0&#8243; shift_y_down=&#8221;0&#8243; z_index=&#8221;0&#8243; medium_width=&#8221;0&#8243; mobile_width=&#8221;0&#8243; width=&#8221;3\/12&#8243; uncode_shortcode_id=&#8221;210114&#8243;][vc_single_image media=&#8221;8336&#8243; media_width_percent=&#8221;100&#8243; uncode_shortcode_id=&#8221;146139&#8243; el_class=&#8221;img-criterios-oaw&#8221;][\/vc_column_inner][\/vc_row_inner][\/vc_column][vc_column column_width_percent=&#8221;100&#8243; gutter_size=&#8221;3&#8243; overlay_alpha=&#8221;50&#8243; shift_x=&#8221;0&#8243; shift_y=&#8221;0&#8243; shift_y_down=&#8221;0&#8243; z_index=&#8221;0&#8243; medium_width=&#8221;0&#8243; mobile_width=&#8221;0&#8243; width=&#8221;1\/2&#8243; uncode_shortcode_id=&#8221;207112&#8243; el_class=&#8221;pt-sm-0&#8243;][vc_row_inner row_inner_height_percent=&#8221;0&#8243; overlay_alpha=&#8221;50&#8243; gutter_size=&#8221;2&#8243; shift_y=&#8221;0&#8243; z_index=&#8221;0&#8243; uncode_shortcode_id=&#8221;815959&#8243; el_class=&#8221;pt-sm-50&#8243;][vc_column_inner width=&#8221;9\/12&#8243;][vc_custom_heading heading_semantic=&#8221;h3&#8243; text_font=&#8221;font-179873&#8243; text_size=&#8221;fontsize-30&#8243; text_weight=&#8221;600&#8243; text_height=&#8221;fontheight-28&#8243; uncode_shortcode_id=&#8221;147194&#8243;]Codi d&#8217;Accessibilitat de Catalunya:[\/vc_custom_heading][vc_column_text uncode_shortcode_id=&#8221;285087&#8243; el_class=&#8221;fontsize-17 fontheight-28 mt-10&#8243;]Adaptem la teva web als requeriments espec\u00edfics del Codi d&#8217;Accessibilitat de Catalunya.[\/vc_column_text][\/vc_column_inner][vc_column_inner column_width_percent=&#8221;100&#8243; position_vertical=&#8221;middle&#8221; align_horizontal=&#8221;align_center&#8221; gutter_size=&#8221;3&#8243; overlay_alpha=&#8221;50&#8243; shift_x=&#8221;0&#8243; shift_y=&#8221;0&#8243; shift_y_down=&#8221;0&#8243; z_index=&#8221;0&#8243; medium_width=&#8221;0&#8243; mobile_width=&#8221;0&#8243; width=&#8221;3\/12&#8243; uncode_shortcode_id=&#8221;170821&#8243;][vc_single_image media=&#8221;8345&#8243; media_width_percent=&#8221;100&#8243; uncode_shortcode_id=&#8221;231753&#8243; el_class=&#8221;img-criterios-oaw&#8221;][\/vc_column_inner][\/vc_row_inner][\/vc_column][\/vc_row][\/vc_section][vc_section overlay_alpha=&#8221;50&#8243; content_parallax=&#8221;0&#8243; uncode_shortcode_id=&#8221;177483&#8243;][vc_row row_height_percent=&#8221;0&#8243; override_padding=&#8221;yes&#8221; h_padding=&#8221;3&#8243; top_padding=&#8221;3&#8243; bottom_padding=&#8221;3&#8243; overlay_alpha=&#8221;50&#8243; gutter_size=&#8221;3&#8243; column_width_percent=&#8221;100&#8243; shift_y=&#8221;0&#8243; z_index=&#8221;0&#8243; content_parallax=&#8221;0&#8243; uncode_shortcode_id=&#8221;150835&#8243; el_id=&#8221;accordion-preguntas-frecuentes&#8221;][vc_column width=&#8221;1\/1&#8243;][vc_custom_heading text_font=&#8221;font-179873&#8243; text_size=&#8221;fontsize-50&#8243; text_height=&#8221;fontheight-50&#8243; uncode_shortcode_id=&#8221;173459&#8243;]Preguntes Freq\u00fcents (FAQs)[\/vc_custom_heading][vc_accordion sign=&#8221;plus&#8221; sign_size=&#8221;md&#8221; gutter_simple=&#8221;0&#8243; uncode_shortcode_id=&#8221;479743&#8243; el_class=&#8221;secondary-accordion-ADA&#8221; active_tab=&#8221;0&#8243;][vc_accordion_tab gutter_size=&#8221;2&#8243; column_padding=&#8221;2&#8243; title=&#8221;Qu\u00e8 \u00e9s aquesta eina?&#8221; tab_id=&#8221;1730199680-1-78&#8243;][vc_column_text uncode_shortcode_id=&#8221;889935&#8243;]\u00c9s una soluci\u00f3 automatitzada per detectar barreres d&#8217;accessibilitat en llocs web, basada en les millors pr\u00e0ctiques internacionals.[\/vc_column_text][\/vc_accordion_tab][vc_accordion_tab gutter_size=&#8221;2&#8243; column_padding=&#8221;2&#8243; title=&#8221;Com rebo l&#8217;informe?&#8221; tab_id=&#8221;1730199680-2-98&#8243;][vc_column_text uncode_shortcode_id=&#8221;346578&#8243;]Introdueix el teu correu electr\u00f2nic i t&#8217;enviarem una an\u00e0lisi detallada del teu portal.[\/vc_column_text][\/vc_accordion_tab][vc_accordion_tab gutter_size=&#8221;2&#8243; column_padding=&#8221;2&#8243; title=&#8221;\u00c9s gratis?&#8221; tab_id=&#8221;1730200849428-2-3&#8243;][vc_column_text uncode_shortcode_id=&#8221;201779&#8243;]S\u00ed, rebr\u00e0s un informe inicial gratu\u00eft per con\u00e8ixer l&#8217;estat de la teva accessibilitat.[\/vc_column_text][\/vc_accordion_tab][vc_accordion_tab gutter_size=&#8221;2&#8243; column_padding=&#8221;2&#8243; title=&#8221;Quines normatives avalua?&#8221; tab_id=&#8221;1730200849428-2-39&#8243;][vc_column_text uncode_shortcode_id=&#8221;192049&#8243;]WCAG 2.1, ADA, Reial decret 1112\/2018, entre d&#8217;altres.[\/vc_column_text][\/vc_accordion_tab][vc_accordion_tab gutter_size=&#8221;2&#8243; column_padding=&#8221;2&#8243; title=&#8221;Qu\u00e8 faig despr\u00e9s de rebre l&#8217;informe?&#8221; tab_id=&#8221;1730200849428-2-33&#8243;][vc_column_text uncode_shortcode_id=&#8221;901918&#8243;]Utilitza les recomanacions pr\u00e0ctiques de l&#8217;informe per implementar millores. Si necessites ajuda, el nostre equip d&#8217;experts est\u00e0 a la teva disposici\u00f3.[\/vc_column_text][\/vc_accordion_tab][\/vc_accordion][\/vc_column][\/vc_row][\/vc_section][vc_row][vc_column width=&#8221;1\/1&#8243;][uncode_block id=&#8221;8133&#8243;][\/vc_column][\/vc_row]<\/p>\n<\/div>","protected":false},"excerpt":{"rendered":"<p>Conozca al detalle el nivel que ofrece su portal en t\u00e9rminos de accesibilidad web.<\/p>\n","protected":false},"author":4,"featured_media":8738,"parent":0,"menu_order":0,"comment_status":"closed","ping_status":"closed","template":"","meta":{"_acf_changed":false,"footnotes":""},"class_list":["post-8757","page","type-page","status-publish","has-post-thumbnail","hentry"],"acf":[],"_form":null,"_mail":null,"_mail_2":null,"_messages":null,"_additional_settings":null,"_locale":null,"migrate_from_cf7_redirect":null,"_hash":null,"_links":{"self":[{"href":"https:\/\/www.tuwebaccesible.es\/cat\/wp-json\/wp\/v2\/pages\/8757","targetHints":{"allow":["GET"]}}],"collection":[{"href":"https:\/\/www.tuwebaccesible.es\/cat\/wp-json\/wp\/v2\/pages"}],"about":[{"href":"https:\/\/www.tuwebaccesible.es\/cat\/wp-json\/wp\/v2\/types\/page"}],"author":[{"embeddable":true,"href":"https:\/\/www.tuwebaccesible.es\/cat\/wp-json\/wp\/v2\/users\/4"}],"replies":[{"embeddable":true,"href":"https:\/\/www.tuwebaccesible.es\/cat\/wp-json\/wp\/v2\/comments?post=8757"}],"version-history":[{"count":7,"href":"https:\/\/www.tuwebaccesible.es\/cat\/wp-json\/wp\/v2\/pages\/8757\/revisions"}],"predecessor-version":[{"id":9004,"href":"https:\/\/www.tuwebaccesible.es\/cat\/wp-json\/wp\/v2\/pages\/8757\/revisions\/9004"}],"wp:featuredmedia":[{"embeddable":true,"href":"https:\/\/www.tuwebaccesible.es\/cat\/wp-json\/wp\/v2\/media\/8738"}],"wp:attachment":[{"href":"https:\/\/www.tuwebaccesible.es\/cat\/wp-json\/wp\/v2\/media?parent=8757"}],"curies":[{"name":"wp","href":"https:\/\/api.w.org\/{rel}","templated":true}]}}