{"id":8224,"date":"2021-02-24T08:03:45","date_gmt":"2021-02-24T08:03:45","guid":{"rendered":"https:\/\/www.tuwebaccesible.es\/accessibilitat-web\/"},"modified":"2025-03-13T11:06:56","modified_gmt":"2025-03-13T11:06:56","slug":"accessibilitat-digital","status":"publish","type":"page","link":"https:\/\/www.tuwebaccesible.es\/cat\/accessibilitat-digital\/","title":{"rendered":"Accessibilitat Digital"},"content":{"rendered":"<div class=\"wpb-content-wrapper\"><p>[vc_row row_height_percent=&#8221;0&#8243; override_padding=&#8221;yes&#8221; h_padding=&#8221;2&#8243; top_padding=&#8221;2&#8243; bottom_padding=&#8221;1&#8243; overlay_alpha=&#8221;50&#8243; gutter_size=&#8221;3&#8243; column_width_percent=&#8221;100&#8243; shift_y=&#8221;0&#8243; z_index=&#8221;0&#8243; full_width=&#8221;stretch_row&#8221; content_placement=&#8221;middle&#8221; bg_type=&#8221;bg_color&#8221; bg_color_value=&#8221;rgba(248,248,248,0.8)&#8221; el_class=&#8221;fila-fondo-gris&#8221; uncode_shortcode_id=&#8221;148771&#8243; css=&#8221;.vc_custom_1720691807620{margin-bottom: 26px !important;}&#8221;][vc_column width=&#8221;1\/2&#8243;][vc_custom_heading text_font=&#8221;font-179873&#8243; text_size=&#8221;fontsize-50&#8243; text_weight=&#8221;600&#8243; text_height=&#8221;fontheight-50&#8243; uncode_shortcode_id=&#8221;116666&#8243;]Qu\u00e8 \u00e9s exactament l\u2019accessibilitat digital?[\/vc_custom_heading][\/vc_column][vc_column column_width_percent=&#8221;100&#8243; gutter_size=&#8221;3&#8243; overlay_alpha=&#8221;50&#8243; shift_x=&#8221;0&#8243; shift_y=&#8221;0&#8243; shift_y_down=&#8221;0&#8243; z_index=&#8221;0&#8243; medium_width=&#8221;0&#8243; mobile_width=&#8221;0&#8243; width=&#8221;1\/2&#8243; uncode_shortcode_id=&#8221;277584&#8243; el_id=&#8221;space-que-es&#8221;][\/vc_column][\/vc_row][vc_row row_height_percent=&#8221;0&#8243; override_padding=&#8221;yes&#8221; h_padding=&#8221;2&#8243; top_padding=&#8221;0&#8243; bottom_padding=&#8221;3&#8243; overlay_alpha=&#8221;50&#8243; gutter_size=&#8221;3&#8243; column_width_percent=&#8221;100&#8243; shift_y=&#8221;0&#8243; z_index=&#8221;0&#8243; full_width=&#8221;stretch_row&#8221; content_placement=&#8221;middle&#8221; bg_type=&#8221;bg_color&#8221; bg_color_value=&#8221;rgba(248,248,248,0.8)&#8221; el_class=&#8221;mb-36 pb-sm-20&#8243; uncode_shortcode_id=&#8221;194312&#8243;][vc_column width=&#8221;7\/12&#8243;][vc_column_text uncode_shortcode_id=&#8221;111997&#8243; el_class=&#8221;fontheight-28&#8243;]<\/p>\n<p data-start=\"0\" data-end=\"313\">L\u2019accessibilitat digital procura garantir que qualsevol contingut, servei o plataforma digital pugui ser utilitzat pel m\u00e0xim nombre de persones, independentment dels seus coneixements, capacitats o del tipus de dispositiu que facin servir per accedir a la informaci\u00f3.<\/p>\n<p data-start=\"315\" data-end=\"877\" data-is-last-node=\"\" data-is-only-node=\"\">Al llarg dels anys, han sorgit diversos mites sobre l\u2019accessibilitat digital. Un dels m\u00e9s estesos \u00e9s la idea que la seva implantaci\u00f3 \u00e9s costosa i suposa una despesa addicional sense gaires beneficis. Aix\u00f2 no nom\u00e9s \u00e9s fals, sin\u00f3 que contradiu el mateix principi d\u2019accessibilitat i usabilitat, que cerca optimitzar recursos i fer que l\u2019acc\u00e9s a la informaci\u00f3 sigui clar i intu\u00eftiu. Un altre mite persistent \u00e9s que l\u2019accessibilitat digital nom\u00e9s beneficia les persones amb discapacitat, quan en realitat millora l\u2019experi\u00e8ncia de navegaci\u00f3 i d\u2019\u00fas de tota la poblaci\u00f3.<\/p>\n<p>[\/vc_column_text][\/vc_column][vc_column column_width_percent=&#8221;100&#8243; position_vertical=&#8221;middle&#8221; align_horizontal=&#8221;align_center&#8221; gutter_size=&#8221;3&#8243; overlay_alpha=&#8221;50&#8243; shift_x=&#8221;0&#8243; shift_y=&#8221;0&#8243; shift_y_down=&#8221;0&#8243; z_index=&#8221;0&#8243; medium_width=&#8221;0&#8243; mobile_width=&#8221;0&#8243; width=&#8221;5\/12&#8243; uncode_shortcode_id=&#8221;176946&#8243; el_id=&#8221;column-img-que-accesibilidad&#8221;][vc_single_image media=&#8221;5023&#8243; media_width_use_pixel=&#8221;yes&#8221; alignment=&#8221;center&#8221; uncode_shortcode_id=&#8221;694735&#8243; media_width_pixel=&#8221;429&#8243;][\/vc_column][\/vc_row][vc_row row_height_percent=&#8221;0&#8243; override_padding=&#8221;yes&#8221; h_padding=&#8221;2&#8243; top_padding=&#8221;3&#8243; bottom_padding=&#8221;0&#8243; back_color=&#8221;color-white-Four&#8221; overlay_alpha=&#8221;50&#8243; gutter_size=&#8221;3&#8243; column_width_percent=&#8221;100&#8243; shift_y=&#8221;0&#8243; z_index=&#8221;0&#8243; uncode_shortcode_id=&#8221;947481&#8243; back_color_type=&#8221;uncode-palette&#8221;][vc_column column_width_percent=&#8221;100&#8243; gutter_size=&#8221;2&#8243; overlay_alpha=&#8221;50&#8243; shift_x=&#8221;0&#8243; shift_y=&#8221;0&#8243; shift_y_down=&#8221;0&#8243; z_index=&#8221;0&#8243; medium_width=&#8221;0&#8243; mobile_width=&#8221;0&#8243; width=&#8221;1\/1&#8243; offset=&#8221;vc_hidden-sm vc_hidden-xs&#8221; uncode_shortcode_id=&#8221;183264&#8243;][vc_custom_heading text_font=&#8221;font-179873&#8243; text_size=&#8221;fontsize-50&#8243; text_weight=&#8221;600&#8243; text_height=&#8221;fontheight-50&#8243; uncode_shortcode_id=&#8221;116074&#8243;]Avantatges de l\u2019accessibilitat digital[\/vc_custom_heading][vc_column_text uncode_shortcode_id=&#8221;664673&#8243; css=&#8221;.vc_custom_1741863797633{padding-right: 13em !important;}&#8221; el_class=&#8221;text-ventajas-accs&#8221;]Hi ha m\u00faltiples raons per garantir que els entorns digitals siguin accessibles. A continuaci\u00f3, t\u2019en presentem algunes de les m\u00e9s importants:[\/vc_column_text][\/vc_column][\/vc_row][vc_row row_height_percent=&#8221;0&#8243; override_padding=&#8221;yes&#8221; h_padding=&#8221;2&#8243; top_padding=&#8221;2&#8243; bottom_padding=&#8221;0&#8243; back_color=&#8221;color-white-Four&#8221; overlay_alpha=&#8221;50&#8243; gutter_size=&#8221;3&#8243; column_width_percent=&#8221;100&#8243; shift_y=&#8221;0&#8243; z_index=&#8221;0&#8243; gap=&#8221;30&#8243; content_placement=&#8221;top&#8221; uncode_shortcode_id=&#8221;632690&#8243; back_color_type=&#8221;uncode-palette&#8221;][vc_column width=&#8221;1\/12&#8243; el_class=&#8221;columna-icono&#8221;][vc_single_image media=&#8221;5030&#8243; media_width_use_pixel=&#8221;yes&#8221; image=&#8221;1287&#8243; uncode_shortcode_id=&#8221;156068&#8243; media_width_pixel=&#8221;65&#8243;][\/vc_column][vc_column column_width_percent=&#8221;100&#8243; gutter_size=&#8221;1&#8243; overlay_alpha=&#8221;50&#8243; shift_x=&#8221;0&#8243; shift_y=&#8221;0&#8243; shift_y_down=&#8221;0&#8243; z_index=&#8221;0&#8243; medium_width=&#8221;0&#8243; mobile_width=&#8221;0&#8243; width=&#8221;11\/12&#8243; uncode_shortcode_id=&#8221;184872&#8243;][vc_custom_heading text_color=&#8221;color-black-Three&#8221; heading_semantic=&#8221;h3&#8243; text_font=&#8221;font-179873&#8243; text_size=&#8221;fontsize-30&#8243; text_weight=&#8221;600&#8243; text_height=&#8221;fontheight-32&#8243; uncode_shortcode_id=&#8221;116788&#8243; text_color_type=&#8221;uncode-palette&#8221;]Mercat[\/vc_custom_heading][vc_column_text uncode_shortcode_id=&#8221;146132&#8243;]<\/p>\n<p data-start=\"183\" data-end=\"243\"><strong>Abast m\u00e9s gran i expansi\u00f3 de l\u2019audi\u00e8ncia<\/strong><\/p>\n<ul class=\"mt-10 lista-ventajas-accs\">\n<li>Millora la usabilitat en tot tipus de dispositius i plataformes.<\/li>\n<li>Permet que totes les persones puguin accedir i utilitzar els continguts digitals.<\/li>\n<li>Facilita l\u2019acc\u00e9s a persones grans i amb diferents necessitats.<\/li>\n<li>Millora la visibilitat i el posicionament en cercadors.<\/li>\n<li>Permet la reutilitzaci\u00f3 de continguts en m\u00faltiples formats o dispositius.<\/li>\n<li>Facilita la internacionalitzaci\u00f3 amb subt\u00edtols, idiomes alternatius i continguts universals.<\/li>\n<li>Contribueix a reduir la bretxa digital.<\/li>\n<li>Fomenta la fidelitzaci\u00f3 del p\u00fablic gr\u00e0cies a una experi\u00e8ncia accessible i efectiva.<\/li>\n<\/ul>\n<p>[\/vc_column_text][\/vc_column][\/vc_row][vc_row row_height_percent=&#8221;0&#8243; override_padding=&#8221;yes&#8221; h_padding=&#8221;2&#8243; top_padding=&#8221;2&#8243; bottom_padding=&#8221;0&#8243; back_color=&#8221;color-white-Four&#8221; overlay_alpha=&#8221;50&#8243; gutter_size=&#8221;3&#8243; column_width_percent=&#8221;100&#8243; shift_y=&#8221;0&#8243; z_index=&#8221;0&#8243; gap=&#8221;30&#8243; content_placement=&#8221;top&#8221; uncode_shortcode_id=&#8221;168460&#8243; back_color_type=&#8221;uncode-palette&#8221;][vc_column width=&#8221;1\/12&#8243; el_class=&#8221;columna-icono&#8221;][vc_single_image media=&#8221;5031&#8243; media_width_use_pixel=&#8221;yes&#8221; image=&#8221;1288&#8243; uncode_shortcode_id=&#8221;143125&#8243; media_width_pixel=&#8221;65&#8243;][\/vc_column][vc_column column_width_percent=&#8221;100&#8243; gutter_size=&#8221;1&#8243; overlay_alpha=&#8221;50&#8243; shift_x=&#8221;0&#8243; shift_y=&#8221;0&#8243; shift_y_down=&#8221;0&#8243; z_index=&#8221;0&#8243; medium_width=&#8221;0&#8243; mobile_width=&#8221;0&#8243; width=&#8221;11\/12&#8243; uncode_shortcode_id=&#8221;213329&#8243;][vc_custom_heading text_color=&#8221;color-black-Three&#8221; heading_semantic=&#8221;h3&#8243; text_font=&#8221;font-179873&#8243; text_size=&#8221;fontsize-30&#8243; text_weight=&#8221;600&#8243; text_height=&#8221;fontheight-32&#8243; uncode_shortcode_id=&#8221;185198&#8243; text_color_type=&#8221;uncode-palette&#8221;]Efici\u00e8ncia[\/vc_custom_heading][vc_column_text uncode_shortcode_id=&#8221;125937&#8243;]<\/p>\n<p data-start=\"833\" data-end=\"906\"><strong>Optimitzaci\u00f3 de recursos i reducci\u00f3 de costos<\/strong><\/p>\n<ul class=\"mt-10 lista-ventajas-accs\">\n<li>Redueix els costos de desenvolupament i manteniment de plataformes digitals.<\/li>\n<li>Millora la indexaci\u00f3 als motors de cerca.<\/li>\n<li>Facilita la reutilitzaci\u00f3 de continguts.<\/li>\n<li>Optimitza la c\u00e0rrega del servidor (gr\u00e0cies a una estructura m\u00e9s eficient, l\u2019\u00fas d\u2019estils adequats i alternatives textuals).<\/li>\n<li>Millora la gesti\u00f3 de l\u2019ample de banda<\/li>\n<\/ul>\n<p>[\/vc_column_text][\/vc_column][\/vc_row][vc_row row_height_percent=&#8221;0&#8243; override_padding=&#8221;yes&#8221; h_padding=&#8221;2&#8243; top_padding=&#8221;2&#8243; bottom_padding=&#8221;0&#8243; back_color=&#8221;color-white-Four&#8221; overlay_alpha=&#8221;50&#8243; gutter_size=&#8221;3&#8243; column_width_percent=&#8221;100&#8243; shift_y=&#8221;0&#8243; z_index=&#8221;0&#8243; gap=&#8221;30&#8243; content_placement=&#8221;top&#8221; uncode_shortcode_id=&#8221;386456&#8243; back_color_type=&#8221;uncode-palette&#8221;][vc_column width=&#8221;1\/12&#8243; el_class=&#8221;columna-icono&#8221;][vc_single_image media=&#8221;5032&#8243; media_width_use_pixel=&#8221;yes&#8221; image=&#8221;1289&#8243; uncode_shortcode_id=&#8221;158550&#8243; media_width_pixel=&#8221;65&#8243;][\/vc_column][vc_column column_width_percent=&#8221;100&#8243; gutter_size=&#8221;1&#8243; overlay_alpha=&#8221;50&#8243; shift_x=&#8221;0&#8243; shift_y=&#8221;0&#8243; shift_y_down=&#8221;0&#8243; z_index=&#8221;0&#8243; medium_width=&#8221;0&#8243; mobile_width=&#8221;0&#8243; width=&#8221;11\/12&#8243; uncode_shortcode_id=&#8221;165496&#8243;][vc_custom_heading text_color=&#8221;color-black-Three&#8221; heading_semantic=&#8221;h3&#8243; text_font=&#8221;font-179873&#8243; text_size=&#8221;fontsize-30&#8243; text_weight=&#8221;600&#8243; text_height=&#8221;fontheight-32&#8243; uncode_shortcode_id=&#8221;604113&#8243; text_color_type=&#8221;uncode-palette&#8221;]Responsabilitat[\/vc_custom_heading][vc_column_text uncode_shortcode_id=&#8221;251082&#8243;]<\/p>\n<p data-start=\"1249\" data-end=\"1335\"><strong>Comprom\u00eds social i reducci\u00f3 de la bretxa digital<\/strong><\/p>\n<ul class=\"mt-10 lista-ventajas-accs\">\n<li>Refor\u00e7a la imatge de marca i la reputaci\u00f3 corporativa.<\/li>\n<li>Permet diferenciar-se de la compet\u00e8ncia.<\/li>\n<li>Amplia l\u2019abast a una part significativa de la poblaci\u00f3 (m\u00e9s de 3,5 milions de persones a Espanya requereixen serveis digitals accessibles).<\/li>\n<li>Contribueix a tancar la bretxa digital i a fomentar la inclusi\u00f3.<\/li>\n<\/ul>\n<p>[\/vc_column_text][\/vc_column][\/vc_row][vc_row row_height_percent=&#8221;0&#8243; override_padding=&#8221;yes&#8221; h_padding=&#8221;2&#8243; top_padding=&#8221;2&#8243; bottom_padding=&#8221;3&#8243; back_color=&#8221;color-white-Four&#8221; overlay_alpha=&#8221;50&#8243; gutter_size=&#8221;3&#8243; column_width_percent=&#8221;100&#8243; shift_y=&#8221;0&#8243; z_index=&#8221;0&#8243; gap=&#8221;30&#8243; content_placement=&#8221;top&#8221; el_class=&#8221;mb-36&#8243; uncode_shortcode_id=&#8221;188184&#8243; back_color_type=&#8221;uncode-palette&#8221;][vc_column width=&#8221;1\/12&#8243; el_class=&#8221;columna-icono&#8221;][vc_single_image media=&#8221;5033&#8243; media_width_use_pixel=&#8221;yes&#8221; image=&#8221;1290&#8243; uncode_shortcode_id=&#8221;101717&#8243; media_width_pixel=&#8221;65&#8243;][\/vc_column][vc_column column_width_percent=&#8221;100&#8243; gutter_size=&#8221;1&#8243; overlay_alpha=&#8221;50&#8243; shift_x=&#8221;0&#8243; shift_y=&#8221;0&#8243; shift_y_down=&#8221;0&#8243; z_index=&#8221;0&#8243; medium_width=&#8221;0&#8243; mobile_width=&#8221;0&#8243; width=&#8221;11\/12&#8243; uncode_shortcode_id=&#8221;140315&#8243;][vc_custom_heading text_color=&#8221;color-black-Three&#8221; heading_semantic=&#8221;h3&#8243; text_font=&#8221;font-179873&#8243; text_size=&#8221;fontsize-30&#8243; text_weight=&#8221;600&#8243; text_height=&#8221;fontheight-32&#8243; uncode_shortcode_id=&#8221;655324&#8243; text_color_type=&#8221;uncode-palette&#8221;]Legislaci\u00f3[\/vc_custom_heading][vc_column_text uncode_shortcode_id=&#8221;105442&#8243;]<\/p>\n<p data-start=\"1653\" data-end=\"1736\"><strong>Compliment normatiu i adaptaci\u00f3 a les noves regulacions<\/strong><\/p>\n<ul class=\"mt-10 lista-ventajas-accs\">\n<li><strong>Compleixi la legislaci\u00f3 d&#8217;accessibilitat digital<\/strong>\n<ul class=\"sublista\">\n<li><a href=\"https:\/\/www.boe.es\/buscar\/act.php?id=BOE-A-2002-13758\" target=\"_blank\" rel=\"noopener\"><span style=\"color: #000000;\">Llei 34\/2002<\/span><\/a>, de 11 de juliol de 2002, de serveis de la societat de la informaci\u00f3 i comer\u00e7 electr\u00f2nic (LSSICE).<\/li>\n<li><a style=\"color: #000000;\" href=\"https:\/\/www.boe.es\/buscar\/doc.php?id=BOE-A-2003-22066\" target=\"_blank\" rel=\"noopener\"><span style=\"color: #000000;\">Llei 51\/2003<\/span><\/a>, de 2 de desembre de 2003, d&#8217;igualtat d&#8217;oportunitats, no discriminaci\u00f3 i accessibilitat universal de les persones amb discapacitat (LIONDAU).<\/li>\n<\/ul>\n<\/li>\n<li class=\"mt-15\"><strong>Assoleix els objectius de les noves iniciatives europees<\/strong>\n<ul class=\"sublista\">\n<li>Creaci\u00f3 de nous mercats (gr\u00e0cies als nous serveis, aplicacions i continguts)<\/li>\n<li>Augment de la productivitat, el creixement i ocupaci\u00f3.<\/li>\n<li>Millor acc\u00e9s a les eines d\u2019informaci\u00f3 i comunicaci\u00f3<\/li>\n<li>Redueix la bretxa digital i promou la inclusi\u00f3.<\/li>\n<\/ul>\n<\/li>\n<\/ul>\n<p>[\/vc_column_text][\/vc_column][\/vc_row][vc_row][vc_column width=&#8221;1\/1&#8243;][uncode_block id=&#8221;5652&#8243;][\/vc_column][\/vc_row]<\/p>\n<\/div>","protected":false},"excerpt":{"rendered":"<p>[vc_row row_height_percent=&#8221;0&#8243; override_padding=&#8221;yes&#8221; h_padding=&#8221;2&#8243; top_padding=&#8221;2&#8243; bottom_padding=&#8221;1&#8243; overlay_alpha=&#8221;50&#8243; gutter_size=&#8221;3&#8243; column_width_percent=&#8221;100&#8243; shift_y=&#8221;0&#8243; z_index=&#8221;0&#8243; full_width=&#8221;stretch_row&#8221; content_placement=&#8221;middle&#8221; bg_type=&#8221;bg_color&#8221; bg_color_value=&#8221;rgba(248,248,248,0.8)&#8221; el_class=&#8221;fila-fondo-gris&#8221; uncode_shortcode_id=&#8221;148771&#8243; css=&#8221;.vc_custom_1720691807620{margin-bottom: 26px !important;}&#8221;][vc_column [&hellip;]<\/p>\n","protected":false},"author":4,"featured_media":0,"parent":0,"menu_order":0,"comment_status":"closed","ping_status":"closed","template":"","meta":{"_acf_changed":false,"footnotes":""},"class_list":["post-8224","page","type-page","status-publish","hentry"],"acf":[],"_form":null,"_mail":null,"_mail_2":null,"_messages":null,"_additional_settings":null,"_locale":null,"migrate_from_cf7_redirect":null,"_hash":null,"_links":{"self":[{"href":"https:\/\/www.tuwebaccesible.es\/cat\/wp-json\/wp\/v2\/pages\/8224","targetHints":{"allow":["GET"]}}],"collection":[{"href":"https:\/\/www.tuwebaccesible.es\/cat\/wp-json\/wp\/v2\/pages"}],"about":[{"href":"https:\/\/www.tuwebaccesible.es\/cat\/wp-json\/wp\/v2\/types\/page"}],"author":[{"embeddable":true,"href":"https:\/\/www.tuwebaccesible.es\/cat\/wp-json\/wp\/v2\/users\/4"}],"replies":[{"embeddable":true,"href":"https:\/\/www.tuwebaccesible.es\/cat\/wp-json\/wp\/v2\/comments?post=8224"}],"version-history":[{"count":2,"href":"https:\/\/www.tuwebaccesible.es\/cat\/wp-json\/wp\/v2\/pages\/8224\/revisions"}],"predecessor-version":[{"id":9418,"href":"https:\/\/www.tuwebaccesible.es\/cat\/wp-json\/wp\/v2\/pages\/8224\/revisions\/9418"}],"wp:attachment":[{"href":"https:\/\/www.tuwebaccesible.es\/cat\/wp-json\/wp\/v2\/media?parent=8224"}],"curies":[{"name":"wp","href":"https:\/\/api.w.org\/{rel}","templated":true}]}}