{"id":8217,"date":"2021-02-25T12:10:42","date_gmt":"2021-02-25T12:10:42","guid":{"rendered":"https:\/\/www.tuwebaccesible.es\/diseno-accesible\/"},"modified":"2025-09-29T10:21:58","modified_gmt":"2025-09-29T10:21:58","slug":"diseno-accesible","status":"publish","type":"page","link":"https:\/\/www.tuwebaccesible.es\/cat\/diseno-accesible\/","title":{"rendered":"Disseny accessible"},"content":{"rendered":"<div class=\"wpb-content-wrapper\"><p>[vc_section][vc_row row_height_percent=&#8221;0&#8243; overlay_alpha=&#8221;50&#8243; gutter_size=&#8221;3&#8243; column_width_percent=&#8221;100&#8243; shift_y=&#8221;0&#8243; z_index=&#8221;0&#8243; uncode_shortcode_id=&#8221;121136&#8243; css=&#8221;.vc_custom_1722428925695{margin-top: 15px !important;margin-bottom: 15px !important;}&#8221; el_id=&#8221;firts-row-dise\u00f1o-accesible&#8221;][vc_column width=&#8221;8\/12&#8243;][vc_row_inner row_inner_height_percent=&#8221;0&#8243; overlay_alpha=&#8221;50&#8243; gutter_size=&#8221;3&#8243; shift_y=&#8221;0&#8243; z_index=&#8221;0&#8243; uncode_shortcode_id=&#8221;117984&#8243; css=&#8221;.vc_custom_1722428515112{padding-right: 40px !important;}&#8221; el_class=&#8221;pb-sm-0&#8243; limit_content=&#8221;&#8221;][vc_column_inner width=&#8221;1\/1&#8243;][vc_custom_heading text_font=&#8221;font-179873&#8243; text_size=&#8221;fontsize-50&#8243; text_weight=&#8221;600&#8243; text_height=&#8221;fontheight-50&#8243; uncode_shortcode_id=&#8221;324345&#8243;]Una interf\u00edcie d&#8217;usuari atractiva, ha d&#8217;invitar i facilitar la navegabilitat i l&#8217;\u00fas d&#8217;un espai web.[\/vc_custom_heading][\/vc_column_inner][\/vc_row_inner][vc_row_inner row_inner_height_percent=&#8221;0&#8243; overlay_alpha=&#8221;50&#8243; gutter_size=&#8221;5&#8243; shift_y=&#8221;0&#8243; z_index=&#8221;0&#8243; uncode_shortcode_id=&#8221;144907&#8243; limit_content=&#8221;&#8221;][vc_column_inner width=&#8221;11\/12&#8243;][vc_column_text uncode_shortcode_id=&#8221;401787&#8243; el_class=&#8221;fontsize-18 fontheight-28&#8243;]Dissenyem i desenvolupem p\u00e0gines web accessibles, responsives, adaptatives i modernes. Perqu\u00e8 un portal web accessible \u00e9s compatible amb el disseny d&#8217;un espai atractiu, i aix\u00ed l&#8217;experi\u00e8ncia de l&#8217;usuari ser\u00e0 m\u00e9s passiva i \u00fatil. El nostre equip ofereix un servei complet i adaptat a les necessitats particulars de cada web.[\/vc_column_text][\/vc_column_inner][vc_column_inner width=&#8221;1\/12&#8243;][\/vc_column_inner][\/vc_row_inner][\/vc_column][vc_column column_width_percent=&#8221;100&#8243; position_vertical=&#8221;middle&#8221; gutter_size=&#8221;3&#8243; overlay_alpha=&#8221;50&#8243; shift_x=&#8221;0&#8243; shift_y=&#8221;0&#8243; shift_y_down=&#8221;0&#8243; z_index=&#8221;0&#8243; medium_width=&#8221;0&#8243; mobile_width=&#8221;0&#8243; width=&#8221;4\/12&#8243; uncode_shortcode_id=&#8221;158614&#8243;][vc_single_image media=&#8221;5389&#8243; media_width_use_pixel=&#8221;yes&#8221; alignment=&#8221;right&#8221; uncode_shortcode_id=&#8221;123445&#8243; media_width_pixel=&#8221;365&#8243;][\/vc_column][\/vc_row][\/vc_section][vc_section overlay_alpha=&#8221;50&#8243; uncode_shortcode_id=&#8221;123456&#8243;][vc_row row_height_percent=&#8221;0&#8243; overlay_alpha=&#8221;50&#8243; gutter_size=&#8221;0&#8243; column_width_percent=&#8221;100&#8243; shift_y=&#8221;0&#8243; z_index=&#8221;0&#8243; content_parallax=&#8221;0&#8243; uncode_shortcode_id=&#8221;322960&#8243;][vc_column width=&#8221;1\/1&#8243;][vc_custom_heading text_font=&#8221;font-179873&#8243; text_size=&#8221;fontsize-50&#8243; text_weight=&#8221;600&#8243; text_height=&#8221;fontheight-50&#8243; uncode_shortcode_id=&#8221;136803&#8243;]Servei web complet[\/vc_custom_heading][\/vc_column][\/vc_row][vc_row row_height_percent=&#8221;0&#8243; override_padding=&#8221;yes&#8221; h_padding=&#8221;2&#8243; top_padding=&#8221;0&#8243; bottom_padding=&#8221;0&#8243; overlay_alpha=&#8221;50&#8243; gutter_size=&#8221;3&#8243; column_width_percent=&#8221;100&#8243; shift_y=&#8221;0&#8243; z_index=&#8221;0&#8243; uncode_shortcode_id=&#8221;709087&#8243; css=&#8221;.vc_custom_1722422591257{padding-top: 5px !important;}&#8221;][vc_column width=&#8221;1\/4&#8243;][vc_row_inner row_inner_height_percent=&#8221;0&#8243; overlay_alpha=&#8221;50&#8243; gutter_size=&#8221;0&#8243; shift_y=&#8221;0&#8243; z_index=&#8221;0&#8243; uncode_shortcode_id=&#8221;222290&#8243; css=&#8221;.vc_custom_1722424458321{padding-right: 3em !important;}&#8221; el_class=&#8221;pr-sm-0&#8243; limit_content=&#8221;&#8221;][vc_column_inner column_width_percent=&#8221;100&#8243; gutter_size=&#8221;0&#8243; overlay_alpha=&#8221;50&#8243; shift_x=&#8221;0&#8243; shift_y=&#8221;0&#8243; shift_y_down=&#8221;0&#8243; z_index=&#8221;0&#8243; medium_width=&#8221;0&#8243; mobile_width=&#8221;0&#8243; width=&#8221;1\/1&#8243; uncode_shortcode_id=&#8221;121703&#8243; el_class=&#8221;icons-w15&#8243;][vc_single_image media=&#8221;5390&#8243; media_width_use_pixel=&#8221;yes&#8221; image=&#8221;1287&#8243; uncode_shortcode_id=&#8221;210883&#8243; media_width_pixel=&#8221;65&#8243;][vc_custom_heading text_color=&#8221;color-black-Three&#8221; heading_semantic=&#8221;h3&#8243; text_font=&#8221;font-179873&#8243; text_size=&#8221;fontsize-30&#8243; text_weight=&#8221;600&#8243; text_height=&#8221;fontheight-32&#8243; uncode_shortcode_id=&#8221;196041&#8243; text_color_type=&#8221;uncode-palette&#8221; el_class=&#8221;mt-15&#8243;]Planificaci\u00f3[\/vc_custom_heading][vc_column_text uncode_shortcode_id=&#8221;331976&#8243; css=&#8221;.vc_custom_1732617722798{margin-top: 14px !important;}&#8221; el_class=&#8221;fontheight-28&#8243;]Portem a terme la planificaci\u00f3 completa del projecte amb tota la seva envergadura i necessitats espec\u00edfiques.[\/vc_column_text][\/vc_column_inner][\/vc_row_inner][\/vc_column][vc_column width=&#8221;1\/4&#8243;][vc_row_inner row_inner_height_percent=&#8221;0&#8243; overlay_alpha=&#8221;50&#8243; gutter_size=&#8221;0&#8243; shift_y=&#8221;0&#8243; z_index=&#8221;0&#8243; uncode_shortcode_id=&#8221;119263&#8243; limit_content=&#8221;&#8221;][vc_column_inner column_width_percent=&#8221;100&#8243; gutter_size=&#8221;3&#8243; overlay_alpha=&#8221;50&#8243; shift_x=&#8221;0&#8243; shift_y=&#8221;0&#8243; shift_y_down=&#8221;0&#8243; z_index=&#8221;0&#8243; medium_width=&#8221;0&#8243; mobile_width=&#8221;0&#8243; width=&#8221;1\/1&#8243; uncode_shortcode_id=&#8221;200346&#8243; el_class=&#8221;icons-w15&#8243;][vc_single_image media=&#8221;5391&#8243; media_width_use_pixel=&#8221;yes&#8221; image=&#8221;1287&#8243; uncode_shortcode_id=&#8221;557034&#8243; media_width_pixel=&#8221;65&#8243;][vc_custom_heading text_color=&#8221;color-black-Three&#8221; heading_semantic=&#8221;h3&#8243; text_font=&#8221;font-179873&#8243; text_size=&#8221;fontsize-30&#8243; text_weight=&#8221;600&#8243; text_height=&#8221;fontheight-32&#8243; uncode_shortcode_id=&#8221;789751&#8243; text_color_type=&#8221;uncode-palette&#8221; el_class=&#8221;mt-15&#8243;]Dissenyem[\/vc_custom_heading][vc_column_text uncode_shortcode_id=&#8221;118290&#8243; css=&#8221;.vc_custom_1732618079630{margin-top: 14px !important;padding-right: 1em !important;}&#8221; el_class=&#8221;fontheight-28 pr-sm-0&#8243;]Realitzem el disseny web, segons l&#8217;objectiu de negoci, prioritzant la usabilitat i l&#8217;accessibilitat en la interf\u00edcie d&#8217;usuari.[\/vc_column_text][\/vc_column_inner][\/vc_row_inner][\/vc_column][vc_column width=&#8221;1\/4&#8243;][vc_row_inner row_inner_height_percent=&#8221;0&#8243; overlay_alpha=&#8221;50&#8243; gutter_size=&#8221;0&#8243; shift_y=&#8221;0&#8243; z_index=&#8221;0&#8243; uncode_shortcode_id=&#8221;119263&#8243; limit_content=&#8221;&#8221;][vc_column_inner column_width_percent=&#8221;100&#8243; gutter_size=&#8221;3&#8243; overlay_alpha=&#8221;50&#8243; shift_x=&#8221;0&#8243; shift_y=&#8221;0&#8243; shift_y_down=&#8221;0&#8243; z_index=&#8221;0&#8243; medium_width=&#8221;0&#8243; mobile_width=&#8221;0&#8243; width=&#8221;1\/1&#8243; uncode_shortcode_id=&#8221;200346&#8243; el_class=&#8221;icons-w15&#8243;][vc_single_image media=&#8221;5392&#8243; media_width_use_pixel=&#8221;yes&#8221; image=&#8221;1287&#8243; uncode_shortcode_id=&#8221;178981&#8243; media_width_pixel=&#8221;65&#8243;][vc_custom_heading text_color=&#8221;color-black-Three&#8221; heading_semantic=&#8221;h3&#8243; text_font=&#8221;font-179873&#8243; text_size=&#8221;fontsize-30&#8243; text_weight=&#8221;600&#8243; text_height=&#8221;fontheight-32&#8243; uncode_shortcode_id=&#8221;180068&#8243; text_color_type=&#8221;uncode-palette&#8221; el_class=&#8221;mt-15&#8243;]Desenvolupem[\/vc_custom_heading][vc_column_text uncode_shortcode_id=&#8221;423969&#8243; css=&#8221;.vc_custom_1732618108300{margin-top: 14px !important;padding-right: 1.5em !important;}&#8221; el_class=&#8221;fontheight-28 pr-sm-0&#8243;]Maquetem i programem webs adaptatives amb diferents llenguatges i frameworks, segons les necessitats objectiu.[\/vc_column_text][\/vc_column_inner][\/vc_row_inner][\/vc_column][vc_column width=&#8221;1\/4&#8243;][vc_row_inner row_inner_height_percent=&#8221;0&#8243; overlay_alpha=&#8221;50&#8243; gutter_size=&#8221;0&#8243; shift_y=&#8221;0&#8243; z_index=&#8221;0&#8243; uncode_shortcode_id=&#8221;119263&#8243; limit_content=&#8221;&#8221;][vc_column_inner column_width_percent=&#8221;100&#8243; gutter_size=&#8221;3&#8243; overlay_alpha=&#8221;50&#8243; shift_x=&#8221;0&#8243; shift_y=&#8221;0&#8243; shift_y_down=&#8221;0&#8243; z_index=&#8221;0&#8243; medium_width=&#8221;0&#8243; mobile_width=&#8221;0&#8243; width=&#8221;1\/1&#8243; uncode_shortcode_id=&#8221;200346&#8243; el_class=&#8221;icons-w15&#8243;][vc_single_image media=&#8221;5393&#8243; media_width_use_pixel=&#8221;yes&#8221; image=&#8221;1287&#8243; uncode_shortcode_id=&#8221;131738&#8243; media_width_pixel=&#8221;65&#8243;][vc_custom_heading text_color=&#8221;color-black-Three&#8221; heading_semantic=&#8221;h3&#8243; text_font=&#8221;font-179873&#8243; text_size=&#8221;fontsize-30&#8243; text_weight=&#8221;600&#8243; text_height=&#8221;fontheight-32&#8243; uncode_shortcode_id=&#8221;195883&#8243; text_color_type=&#8221;uncode-palette&#8221; el_class=&#8221;mt-15&#8243;]Mantenim[\/vc_custom_heading][vc_column_text uncode_shortcode_id=&#8221;178470&#8243; css=&#8221;.vc_custom_1732618136953{margin-top: 14px !important;padding-right: 2.3em !important;}&#8221; el_class=&#8221;fontheight-28 pr-sm-0&#8243;]Ens encarreguem del manteniment i que tot el funcionament dels espais web sigui perfecte i aix\u00ed vost\u00e8 es despreocupa.[\/vc_column_text][\/vc_column_inner][\/vc_row_inner][\/vc_column][\/vc_row][\/vc_section][vc_section][vc_row row_height_percent=&#8221;0&#8243; override_padding=&#8221;yes&#8221; h_padding=&#8221;2&#8243; top_padding=&#8221;0&#8243; bottom_padding=&#8221;2&#8243; overlay_alpha=&#8221;50&#8243; gutter_size=&#8221;0&#8243; column_width_percent=&#8221;100&#8243; shift_y=&#8221;0&#8243; z_index=&#8221;0&#8243; content_parallax=&#8221;0&#8243; uncode_shortcode_id=&#8221;109851&#8243; css=&#8221;.vc_custom_1759141291597{margin-top: 60px !important;}&#8221;][vc_column width=&#8221;1\/1&#8243;][vc_row_inner row_inner_height_percent=&#8221;0&#8243; overlay_alpha=&#8221;50&#8243; gutter_size=&#8221;0&#8243; shift_y=&#8221;0&#8243; z_index=&#8221;0&#8243; uncode_shortcode_id=&#8221;211425&#8243; css=&#8221;.vc_custom_1722411230779{margin-bottom: 26px !important;}&#8221; limit_content=&#8221;&#8221;][vc_column_inner column_width_percent=&#8221;100&#8243; gutter_size=&#8221;0&#8243; overlay_alpha=&#8221;50&#8243; shift_x=&#8221;0&#8243; shift_y=&#8221;0&#8243; shift_y_down=&#8221;0&#8243; z_index=&#8221;0&#8243; medium_width=&#8221;0&#8243; mobile_width=&#8221;0&#8243; width=&#8221;2\/3&#8243; uncode_shortcode_id=&#8221;163737&#8243;][vc_custom_heading text_font=&#8221;font-179873&#8243; text_size=&#8221;fontsize-50&#8243; text_weight=&#8221;600&#8243; text_height=&#8221;fontheight-50&#8243; uncode_shortcode_id=&#8221;192176&#8243;]Oferim serveis de disseny i desenvolupament web accessible[\/vc_custom_heading][vc_column_text uncode_shortcode_id=&#8221;117611&#8243; el_class=&#8221;fontheight-28&#8243; css=&#8221;.vc_custom_1732618176466{padding-top: 10px !important;}&#8221;]El nostre servei de disseny i desenvolupament web i digital inclou:<\/p>\n<ul class=\"list-purple-lh-25\">\n<li><strong>P\u00e0gines web corporatives, institucionals, portals web<\/strong><\/li>\n<li><strong>Blogs<\/strong><\/li>\n<li><strong>Botigues Online, e-commerce<\/strong><\/li>\n<li><strong>Aplicacions web<\/strong><\/li>\n<li><strong>Plataformes de gesti\u00f3<\/strong><\/li>\n<\/ul>\n<p>[\/vc_column_text][\/vc_column_inner][vc_column_inner width=&#8221;1\/3&#8243;][\/vc_column_inner][\/vc_row_inner][\/vc_column][\/vc_row][\/vc_section][vc_section back_color=&#8221;color-white-Four&#8221; overlay_alpha=&#8221;50&#8243; uncode_shortcode_id=&#8221;181876&#8243; back_color_type=&#8221;uncode-palette&#8221;][vc_row row_height_percent=&#8221;0&#8243; override_padding=&#8221;yes&#8221; h_padding=&#8221;2&#8243; top_padding=&#8221;3&#8243; bottom_padding=&#8221;3&#8243; overlay_alpha=&#8221;50&#8243; gutter_size=&#8221;0&#8243; column_width_percent=&#8221;100&#8243; shift_y=&#8221;0&#8243; z_index=&#8221;0&#8243; uncode_shortcode_id=&#8221;964529&#8243;][vc_column width=&#8221;9\/12&#8243;][vc_custom_heading text_font=&#8221;font-179873&#8243; text_size=&#8221;fontsize-50&#8243; text_weight=&#8221;600&#8243; text_height=&#8221;fontheight-50&#8243; uncode_shortcode_id=&#8221;186019&#8243;]Ens adaptem a les teves necessitats[\/vc_custom_heading][vc_column_text uncode_shortcode_id=&#8221;207371&#8243; el_class=&#8221;fontheight-28&#8243;]Treballem amb diversos llenguatges i frameworks, cosa que ens permet controlar el consum de recursos del lloc web i facilita la incorporaci\u00f3 de totes les funcionalitats necess\u00e0ries, perqu\u00e8 el portal sigui m\u00e9s r\u00e0pid i m\u00e9s navegable.[\/vc_column_text][vc_row_inner row_inner_height_percent=&#8221;0&#8243; overlay_alpha=&#8221;50&#8243; gutter_size=&#8221;0&#8243; shift_y=&#8221;0&#8243; z_index=&#8221;0&#8243; uncode_shortcode_id=&#8221;173464&#8243; limit_content=&#8221;&#8221;][vc_column_inner width=&#8221;1\/12&#8243;][vc_single_image media=&#8221;5396&#8243; media_width_use_pixel=&#8221;yes&#8221; uncode_shortcode_id=&#8221;721633&#8243; media_width_pixel=&#8221;65&#8243;][\/vc_column_inner][vc_column_inner column_width_percent=&#8221;100&#8243; gutter_size=&#8221;3&#8243; overlay_alpha=&#8221;50&#8243; shift_x=&#8221;0&#8243; shift_y=&#8221;0&#8243; shift_y_down=&#8221;0&#8243; z_index=&#8221;0&#8243; medium_width=&#8221;0&#8243; mobile_width=&#8221;0&#8243; width=&#8221;11\/12&#8243; uncode_shortcode_id=&#8221;304929&#8243; css=&#8221;.vc_custom_1722425203307{padding-top: 7px !important;padding-left: 29px !important;}&#8221; el_id=&#8221;column-lenguajes-dise\u00f1os&#8221;][vc_custom_heading text_color=&#8221;color-black-Three&#8221; heading_semantic=&#8221;h3&#8243; text_font=&#8221;font-179873&#8243; text_size=&#8221;fontsize-30&#8243; text_weight=&#8221;600&#8243; text_height=&#8221;fontheight-32&#8243; uncode_shortcode_id=&#8221;969733&#8243; text_color_type=&#8221;uncode-palette&#8221;]Llenguatges i frameworks que utilitzem[\/vc_custom_heading][vc_column_text uncode_shortcode_id=&#8221;117407&#8243; el_class=&#8221;fontheight-28&#8243; css=&#8221;.vc_custom_1732618243818{margin-top: 3px !important;}&#8221;]Alguns dels llenguatges, frameworks, i gestors de continguts amb els que treballem habitualment, tot i que sempre podem adaptar-nos a les seves necessitats.<\/p>\n<ul>\n<li><strong>Llenguatges:<\/strong> HTML, CSS, SASS, PHP, JavaScript, Java.<\/li>\n<li><strong>Frameworks \/ Libraries:<\/strong> Jquery, Bootstrap, Yii, Angular, Vue.js.<\/li>\n<li><strong>Gestors de contingut:<\/strong> Drupal, WordPress, Joomla, Prestashop.<\/li>\n<\/ul>\n<p>[\/vc_column_text][\/vc_column_inner][\/vc_row_inner][\/vc_column][vc_column width=&#8221;3\/12&#8243;][\/vc_column][\/vc_row][\/vc_section][vc_section][vc_row row_height_percent=&#8221;0&#8243; override_padding=&#8221;yes&#8221; h_padding=&#8221;2&#8243; top_padding=&#8221;0&#8243; bottom_padding=&#8221;0&#8243; overlay_alpha=&#8221;50&#8243; gutter_size=&#8221;0&#8243; column_width_percent=&#8221;100&#8243; shift_y=&#8221;0&#8243; z_index=&#8221;0&#8243; content_parallax=&#8221;0&#8243; uncode_shortcode_id=&#8221;910978&#8243; css=&#8221;.vc_custom_1759141309813{margin-top: 5.15em !important;margin-bottom: 8.1em !important;}&#8221; el_class=&#8221;mt-sm-50 mb-sm-50&#8243;][vc_column width=&#8221;1\/1&#8243;][vc_row_inner row_inner_height_percent=&#8221;0&#8243; overlay_alpha=&#8221;50&#8243; gutter_size=&#8221;2&#8243; shift_y=&#8221;0&#8243; z_index=&#8221;0&#8243; uncode_shortcode_id=&#8221;159054&#8243; limit_content=&#8221;&#8221;][vc_column_inner width=&#8221;5\/12&#8243;][vc_single_image media=&#8221;5418&#8243; media_width_use_pixel=&#8221;yes&#8221; uncode_shortcode_id=&#8221;900758&#8243; media_width_pixel=&#8221;375&#8243;][\/vc_column_inner][vc_column_inner column_width_percent=&#8221;100&#8243; position_vertical=&#8221;middle&#8221; gutter_size=&#8221;3&#8243; overlay_alpha=&#8221;50&#8243; shift_x=&#8221;0&#8243; shift_y=&#8221;0&#8243; shift_y_down=&#8221;0&#8243; z_index=&#8221;0&#8243; medium_width=&#8221;0&#8243; mobile_width=&#8221;0&#8243; width=&#8221;7\/12&#8243; uncode_shortcode_id=&#8221;854065&#8243;][vc_custom_heading text_font=&#8221;font-179873&#8243; text_size=&#8221;fontsize-50&#8243; text_weight=&#8221;600&#8243; text_height=&#8221;fontheight-50&#8243; uncode_shortcode_id=&#8221;123108&#8243;]Accessibilitat i usabilitat garantides[\/vc_custom_heading][vc_column_text uncode_shortcode_id=&#8221;128285&#8243; el_class=&#8221;fontheight-28&#8243; css=&#8221;.vc_custom_1732618277721{margin-top: 23px !important;}&#8221;]Dissenyem i desenvolupem des del comen\u00e7ament, sota els <strong>criteris de les WCAG 2.1<\/strong>, cosa que ens permet oferir un lloc web accessible per a tothom, i que a m\u00e9s s&#8217;ajusti a les exig\u00e8ncies de la llei. Vetllem per garantir la <strong>millor experi\u00e8ncia de l&#8217;usuari<\/strong>, aix\u00ed com per l&#8217;<strong>optimitzaci\u00f3 SEO<\/strong>, perqu\u00e8 el seu web sigui f\u00e0cilment navegable i compleixi amb els objectius institucionals i de negoci esperats.[\/vc_column_text][\/vc_column_inner][\/vc_row_inner][\/vc_column][\/vc_row][\/vc_section][vc_row][vc_column width=&#8221;1\/1&#8243;][uncode_block id=&#8221;5226&#8243;][\/vc_column][\/vc_row]<\/p>\n<\/div>","protected":false},"excerpt":{"rendered":"<p>Una web accesible tambi\u00e9n debe ser responsive, adaptativa, y con un dise\u00f1o cuidado y adecuado a las necesidades de su p\u00fablico. Cons\u00faltanos.<\/p>\n","protected":false},"author":4,"featured_media":0,"parent":0,"menu_order":0,"comment_status":"closed","ping_status":"closed","template":"","meta":{"_acf_changed":false,"footnotes":""},"class_list":["post-8217","page","type-page","status-publish","hentry"],"acf":[],"_form":null,"_mail":null,"_mail_2":null,"_messages":null,"_additional_settings":null,"_locale":null,"migrate_from_cf7_redirect":null,"_hash":null,"_links":{"self":[{"href":"https:\/\/www.tuwebaccesible.es\/cat\/wp-json\/wp\/v2\/pages\/8217","targetHints":{"allow":["GET"]}}],"collection":[{"href":"https:\/\/www.tuwebaccesible.es\/cat\/wp-json\/wp\/v2\/pages"}],"about":[{"href":"https:\/\/www.tuwebaccesible.es\/cat\/wp-json\/wp\/v2\/types\/page"}],"author":[{"embeddable":true,"href":"https:\/\/www.tuwebaccesible.es\/cat\/wp-json\/wp\/v2\/users\/4"}],"replies":[{"embeddable":true,"href":"https:\/\/www.tuwebaccesible.es\/cat\/wp-json\/wp\/v2\/comments?post=8217"}],"version-history":[{"count":1,"href":"https:\/\/www.tuwebaccesible.es\/cat\/wp-json\/wp\/v2\/pages\/8217\/revisions"}],"predecessor-version":[{"id":10812,"href":"https:\/\/www.tuwebaccesible.es\/cat\/wp-json\/wp\/v2\/pages\/8217\/revisions\/10812"}],"wp:attachment":[{"href":"https:\/\/www.tuwebaccesible.es\/cat\/wp-json\/wp\/v2\/media?parent=8217"}],"curies":[{"name":"wp","href":"https:\/\/api.w.org\/{rel}","templated":true}]}}