{"id":8212,"date":"2021-03-03T17:01:17","date_gmt":"2021-03-03T17:01:17","guid":{"rendered":"https:\/\/www.tuwebaccesible.es\/politica-de-cookies\/"},"modified":"2021-03-03T17:01:17","modified_gmt":"2021-03-03T17:01:17","slug":"politica-de-cookies","status":"publish","type":"page","link":"https:\/\/www.tuwebaccesible.es\/cat\/politica-de-cookies\/","title":{"rendered":"Pol\u00edtica de cookies"},"content":{"rendered":"<div class=\"wpb-content-wrapper\"><p>[vc_section][vc_row row_height_percent=&#8221;0&#8243; override_padding=&#8221;yes&#8221; h_padding=&#8221;2&#8243; top_padding=&#8221;3&#8243; bottom_padding=&#8221;1&#8243; overlay_alpha=&#8221;50&#8243; gutter_size=&#8221;3&#8243; column_width_percent=&#8221;100&#8243; shift_y=&#8221;0&#8243; z_index=&#8221;0&#8243; content_parallax=&#8221;0&#8243; uncode_shortcode_id=&#8221;643507&#8243;][vc_column column_width_percent=&#8221;100&#8243; gutter_size=&#8221;1&#8243; overlay_alpha=&#8221;50&#8243; shift_x=&#8221;0&#8243; shift_y=&#8221;0&#8243; shift_y_down=&#8221;0&#8243; z_index=&#8221;0&#8243; medium_width=&#8221;0&#8243; mobile_width=&#8221;0&#8243; width=&#8221;1\/1&#8243; uncode_shortcode_id=&#8221;468056&#8243;][vc_column_text uncode_shortcode_id=&#8221;236957&#8243; css=&#8221;.vc_custom_1732621966453{margin-top: 20px !important;}&#8221; el_class=&#8221;fontheight-28&#8243;]Una cookie \u00e9s un petit fitxer de text que s&#8217;emmagatzema al seu navegador quan visita gaireb\u00e9 qualsevol p\u00e0gina web. La seva utilitat \u00e9s que la web sigui capa\u00e7 de recordar la seva visita quan torni a navegar per aquesta p\u00e0gina. Les cookies solen emmagatzemar informaci\u00f3 de car\u00e0cter t\u00e8cnic, prefer\u00e8ncies personals, personalitzaci\u00f3 de continguts, estad\u00edstiques d&#8217;\u00fas, enlla\u00e7os a xarxes socials, acc\u00e9s a comptes d&#8217;usuari, etc. L&#8217;objectiu de la cookie \u00e9s adaptar el contingut de la web al seu perfil i necessitats; sense cookies, els serveis oferts per qualsevol p\u00e0gina es veurien notablement redu\u00efts. Si desitja consultar m\u00e9s informaci\u00f3 sobre qu\u00e8 s\u00f3n les cookies, qu\u00e8 emmagatzemen, com eliminar-les, desactivar-les, etc.[\/vc_column_text][\/vc_column][\/vc_row][\/vc_section][vc_section][vc_row row_height_percent=&#8221;0&#8243; override_padding=&#8221;yes&#8221; h_padding=&#8221;2&#8243; top_padding=&#8221;2&#8243; bottom_padding=&#8221;1&#8243; overlay_alpha=&#8221;50&#8243; gutter_size=&#8221;3&#8243; column_width_percent=&#8221;100&#8243; shift_y=&#8221;0&#8243; z_index=&#8221;0&#8243; content_parallax=&#8221;0&#8243; uncode_shortcode_id=&#8221;114582&#8243;][vc_column column_width_percent=&#8221;100&#8243; gutter_size=&#8221;1&#8243; overlay_alpha=&#8221;50&#8243; shift_x=&#8221;0&#8243; shift_y=&#8221;0&#8243; shift_y_down=&#8221;0&#8243; z_index=&#8221;0&#8243; medium_width=&#8221;0&#8243; mobile_width=&#8221;0&#8243; width=&#8221;1\/1&#8243; uncode_shortcode_id=&#8221;468056&#8243;][vc_custom_heading text_font=&#8221;font-179873&#8243; text_size=&#8221;fontsize-25&#8243; text_weight=&#8221;600&#8243; uncode_shortcode_id=&#8221;138478&#8243;]Cookies utilitzades en aquest lloc web[\/vc_custom_heading][vc_column_text uncode_shortcode_id=&#8221;204885&#8243; css=&#8221;.vc_custom_1732622037197{margin-top: 20px !important;}&#8221; el_class=&#8221;fontheight-28&#8243;]Seguint les directrius de l&#8217;Ag\u00e8ncia Espanyola de Protecci\u00f3 de Dades procedim a detallar l&#8217;\u00fas de cookies que fa aquesta web amb la finalitat d&#8217;informar-lo amb la m\u00e0xima exactitud possible.<\/p>\n<p>Aquest lloc web utilitza les seg\u00fcents cookies pr\u00f2pies:<\/p>\n<ul>\n<li>Cookies de sessi\u00f3, per garantir que els usuaris que escriguin comentaris al blog siguin humans i no aplicacions automatitzades. D&#8217;aquesta manera es combat l&#8217;spam.<\/li>\n<\/ul>\n<p>Aquest lloc web utilitza les seg\u00fcents cookies de tercers:<\/p>\n<ul>\n<li>Google Analytics: Emmagatzema cookies per poder elaborar estad\u00edstiques sobre el tr\u00e0nsit i volum de visites d&#8217;aquest web. En utilitzar aquest lloc web, est\u00e0 consentint el tractament d&#8217;informaci\u00f3 sobre vost\u00e8 per Google. Per tant, l&#8217;exercici de qualsevol dret en aquest sentit haur\u00e0 de fer-lo comunicant directament amb Google.<\/li>\n<li>Xarxes socials: Cada xarxa social utilitza les seves pr\u00f2pies cookies perqu\u00e8 vost\u00e8 pugui clicar en botons del tipus M&#8217;agrada o Compartir.<\/li>\n<\/ul>\n<p>[\/vc_column_text][\/vc_column][\/vc_row][\/vc_section][vc_section][vc_row row_height_percent=&#8221;0&#8243; override_padding=&#8221;yes&#8221; h_padding=&#8221;2&#8243; top_padding=&#8221;2&#8243; bottom_padding=&#8221;1&#8243; overlay_alpha=&#8221;50&#8243; gutter_size=&#8221;3&#8243; column_width_percent=&#8221;100&#8243; shift_y=&#8221;0&#8243; z_index=&#8221;0&#8243; content_parallax=&#8221;0&#8243; uncode_shortcode_id=&#8221;656546&#8243;][vc_column column_width_percent=&#8221;100&#8243; gutter_size=&#8221;1&#8243; overlay_alpha=&#8221;50&#8243; shift_x=&#8221;0&#8243; shift_y=&#8221;0&#8243; shift_y_down=&#8221;0&#8243; z_index=&#8221;0&#8243; medium_width=&#8221;0&#8243; mobile_width=&#8221;0&#8243; width=&#8221;1\/1&#8243; uncode_shortcode_id=&#8221;468056&#8243;][vc_custom_heading heading_semantic=&#8221;h3&#8243; text_font=&#8221;font-179873&#8243; text_size=&#8221;fontsize-20&#8243; text_weight=&#8221;600&#8243; uncode_shortcode_id=&#8221;494355&#8243;]Desactivaci\u00f3 o eliminaci\u00f3 de cookies[\/vc_custom_heading][vc_column_text uncode_shortcode_id=&#8221;161692&#8243; css=&#8221;.vc_custom_1732622078693{margin-top: 20px !important;}&#8221; el_class=&#8221;fontheight-28&#8243;]En qualsevol moment podr\u00e0 exercir el seu dret de desactivaci\u00f3 o eliminaci\u00f3 de cookies d&#8217;aquest lloc web. Aquestes accions es realitzen de manera diferent en funci\u00f3 del navegador que estigui utilitzant.[\/vc_column_text][\/vc_column][\/vc_row][\/vc_section][vc_section][vc_row row_height_percent=&#8221;0&#8243; override_padding=&#8221;yes&#8221; h_padding=&#8221;2&#8243; top_padding=&#8221;2&#8243; bottom_padding=&#8221;3&#8243; overlay_alpha=&#8221;50&#8243; gutter_size=&#8221;3&#8243; column_width_percent=&#8221;100&#8243; shift_y=&#8221;0&#8243; z_index=&#8221;0&#8243; content_parallax=&#8221;0&#8243; uncode_shortcode_id=&#8221;313479&#8243;][vc_column column_width_percent=&#8221;100&#8243; gutter_size=&#8221;1&#8243; overlay_alpha=&#8221;50&#8243; shift_x=&#8221;0&#8243; shift_y=&#8221;0&#8243; shift_y_down=&#8221;0&#8243; z_index=&#8221;0&#8243; medium_width=&#8221;0&#8243; mobile_width=&#8221;0&#8243; width=&#8221;1\/1&#8243; uncode_shortcode_id=&#8221;468056&#8243;][vc_custom_heading heading_semantic=&#8221;h3&#8243; text_font=&#8221;font-179873&#8243; text_size=&#8221;fontsize-20&#8243; text_weight=&#8221;600&#8243; uncode_shortcode_id=&#8221;204047&#8243;]Notes addicionals[\/vc_custom_heading][vc_column_text uncode_shortcode_id=&#8221;117040&#8243; css=&#8221;.vc_custom_1732622120238{margin-top: 20px !important;}&#8221; el_class=&#8221;fontheight-28&#8243;]<\/p>\n<ul>\n<li>Ni aquesta web ni els seus representants legals es fan responsables ni del contingut ni de la veracitat de les pol\u00edtiques de privadesa que puguin tenir els tercers esmentats en aquesta pol\u00edtica de cookies.<\/li>\n<li>Els navegadors web s\u00f3n les eines encarregades d&#8217;emmagatzemar les cookies i des d&#8217;aquest lloc ha de efectuar el seu dret a l&#8217;eliminaci\u00f3 o desactivaci\u00f3 de les mateixes. Ni aquesta web ni els seus representants legals poden garantir la correcta o incorrecta manipulaci\u00f3 de les cookies per part dels esmentats navegadors.<\/li>\n<li>En alguns casos \u00e9s necessari instal\u00b7lar cookies perqu\u00e8 el navegador no oblidi la seva decisi\u00f3 de no acceptaci\u00f3 de les mateixes.<\/li>\n<li>En el cas de les cookies de Google Analytics, aquesta empresa emmagatzema les cookies en servidors ubicats als Estats Units i es compromet a no compartir-la amb tercers, excepte en els casos en qu\u00e8 sigui necessari per al funcionament del sistema o quan la llei obligui a tal efecte. Segons Google, no guarda la seva adre\u00e7a IP. Google Inc. \u00e9s una companyia adherida a l&#8217;Acord de Port Segur que garanteix que totes les dades transferides seran tractades amb un nivell de protecci\u00f3 acord amb la normativa europea. Podeu consultar informaci\u00f3 detallada sobre aquest aspecte en aquest enlla\u00e7. Si desitja informaci\u00f3 sobre l&#8217;\u00fas que Google fa de les cookies, us adjuntem aquest altre enlla\u00e7.<\/li>\n<li>Per a qualsevol dubte o consulta sobre aquesta pol\u00edtica de cookies, no dubti en comunicar-se amb nosaltres a trav\u00e9s de la secci\u00f3 de contacte.<\/li>\n<\/ul>\n<p>[\/vc_column_text][\/vc_column][\/vc_row][\/vc_section]<\/p>\n<\/div>","protected":false},"excerpt":{"rendered":"<p>[vc_section][vc_row row_height_percent=&#8221;0&#8243; override_padding=&#8221;yes&#8221; h_padding=&#8221;2&#8243; top_padding=&#8221;3&#8243; bottom_padding=&#8221;1&#8243; overlay_alpha=&#8221;50&#8243; gutter_size=&#8221;3&#8243; column_width_percent=&#8221;100&#8243; shift_y=&#8221;0&#8243; z_index=&#8221;0&#8243; content_parallax=&#8221;0&#8243; uncode_shortcode_id=&#8221;643507&#8243;][vc_column column_width_percent=&#8221;100&#8243; gutter_size=&#8221;1&#8243; overlay_alpha=&#8221;50&#8243; shift_x=&#8221;0&#8243; shift_y=&#8221;0&#8243; shift_y_down=&#8221;0&#8243; z_index=&#8221;0&#8243; [&hellip;]<\/p>\n","protected":false},"author":4,"featured_media":0,"parent":0,"menu_order":0,"comment_status":"closed","ping_status":"closed","template":"","meta":{"_acf_changed":false,"footnotes":""},"class_list":["post-8212","page","type-page","status-publish","hentry"],"acf":[],"_form":null,"_mail":null,"_mail_2":null,"_messages":null,"_additional_settings":null,"_locale":null,"migrate_from_cf7_redirect":null,"_hash":null,"_links":{"self":[{"href":"https:\/\/www.tuwebaccesible.es\/cat\/wp-json\/wp\/v2\/pages\/8212","targetHints":{"allow":["GET"]}}],"collection":[{"href":"https:\/\/www.tuwebaccesible.es\/cat\/wp-json\/wp\/v2\/pages"}],"about":[{"href":"https:\/\/www.tuwebaccesible.es\/cat\/wp-json\/wp\/v2\/types\/page"}],"author":[{"embeddable":true,"href":"https:\/\/www.tuwebaccesible.es\/cat\/wp-json\/wp\/v2\/users\/4"}],"replies":[{"embeddable":true,"href":"https:\/\/www.tuwebaccesible.es\/cat\/wp-json\/wp\/v2\/comments?post=8212"}],"version-history":[{"count":0,"href":"https:\/\/www.tuwebaccesible.es\/cat\/wp-json\/wp\/v2\/pages\/8212\/revisions"}],"wp:attachment":[{"href":"https:\/\/www.tuwebaccesible.es\/cat\/wp-json\/wp\/v2\/media?parent=8212"}],"curies":[{"name":"wp","href":"https:\/\/api.w.org\/{rel}","templated":true}]}}