{"id":8207,"date":"2023-01-24T10:53:35","date_gmt":"2023-01-24T10:53:35","guid":{"rendered":"https:\/\/www.tuwebaccesible.es\/accesibilitat-web-per-al-kit-digital\/"},"modified":"2026-03-19T10:44:29","modified_gmt":"2026-03-19T10:44:29","slug":"accesibilitat-web-per-al-kit-digital","status":"publish","type":"page","link":"https:\/\/www.tuwebaccesible.es\/cat\/accesibilitat-web-per-al-kit-digital\/","title":{"rendered":"Accessibilitat Web Kit Digital"},"content":{"rendered":"<div class=\"wpb-content-wrapper\"><p>[vc_section][vc_row row_height_percent=&#8221;0&#8243; override_padding=&#8221;yes&#8221; h_padding=&#8221;2&#8243; top_padding=&#8221;2&#8243; bottom_padding=&#8221;2&#8243; overlay_alpha=&#8221;50&#8243; gutter_size=&#8221;2&#8243; column_width_percent=&#8221;100&#8243; shift_y=&#8221;0&#8243; z_index=&#8221;0&#8243; uncode_shortcode_id=&#8221;178007&#8243; css=&#8221;.vc_custom_1721909261672{margin-top: 15px !important;margin-bottom: 20px !important;}&#8221;][vc_column width=&#8221;7\/12&#8243;][vc_single_image media=&#8221;8209&#8243; media_width_use_pixel=&#8221;yes&#8221; uncode_shortcode_id=&#8221;426610&#8243; media_width_pixel=&#8221;232&#8243;][vc_custom_heading text_font=&#8221;font-179873&#8243; text_size=&#8221;fontsize-50&#8243; text_weight=&#8221;600&#8243; text_height=&#8221;fontheight-50&#8243; uncode_shortcode_id=&#8221;207982&#8243;]Qu\u00e8 ens presenta la iniciativa \u2018Kit Digital\u2019?[\/vc_custom_heading][vc_column_text uncode_shortcode_id=&#8221;606063&#8243; el_class=&#8221;fontsize-18 fontheight-28&#8243;]Una de les condicions que estableix la iniciativa Kit Digital, \u00e9s que tant els portals web com els e-commerce siguin accessibles, \u00e9s a dir, que compleixin els criteris m\u00ednims d&#8217;accessibilitat. El Kit Digital estableix que s&#8217;apliqui la norma <a href=\"https:\/\/www.une.org\/encuentra-tu-norma\/busca-tu-norma\/norma?c=N0068037\" target=\"_blank\" rel=\"noopener\"><strong><u class=\"underline-space\">UNE-EN 301549:2022<\/u><\/strong><\/a> en cadascun dels llocs que es desenvolupin per tenir portals amb un nivell d&#8217;accessibilitat de AA, com a m\u00ednim.<\/p>\n<p>Cal esmentar que la manera de justificar l&#8217;accessibilitat dels projectes de Kit Digital \u00e9s mitjan\u00e7ant un Informe de Revisi\u00f3 d&#8217;Accessibilitat. Aquest es troba disponible a l&#8217;Observatori d&#8217;Accessibilitat, \u00e9s una plantilla Excel en la qual haur\u00e0s d&#8217;anotar el resultat obtingut de cadascun dels criteris de la norma revisada (un total de 49).<\/p>\n<p>La plantilla ha d&#8217;estar correctament emplenada ja que ser\u00e0 la que s&#8217;utilitzar\u00e0 en la justificaci\u00f3 del projecte i on el resultat de l&#8217;an\u00e0lisi de l&#8217;accessibilitat web o e-commerce indicar\u00e0 la situaci\u00f3 de compliment i la puntuaci\u00f3 obtinguda (de 0 a 10).[\/vc_column_text][\/vc_column][vc_column column_width_percent=&#8221;100&#8243; gutter_size=&#8221;3&#8243; overlay_alpha=&#8221;50&#8243; shift_x=&#8221;0&#8243; shift_y=&#8221;0&#8243; shift_y_down=&#8221;0&#8243; z_index=&#8221;0&#8243; medium_width=&#8221;0&#8243; mobile_width=&#8221;0&#8243; width=&#8221;5\/12&#8243; uncode_shortcode_id=&#8221;152488&#8243; css=&#8221;.vc_custom_1721911359625{padding-top: 85px !important;}&#8221; el_id=&#8221;img-top-kit-digital&#8221;][vc_single_image media=&#8221;8450&#8243; media_width_use_pixel=&#8221;yes&#8221; alignment=&#8221;right&#8221; uncode_shortcode_id=&#8221;172136&#8243; media_width_pixel=&#8221;402&#8243;][\/vc_column][\/vc_row][\/vc_section][vc_section back_color=&#8221;color-white-Four&#8221; overlay_alpha=&#8221;50&#8243; uncode_shortcode_id=&#8221;117681&#8243; back_color_type=&#8221;uncode-palette&#8221;][vc_row row_height_percent=&#8221;0&#8243; override_padding=&#8221;yes&#8221; h_padding=&#8221;2&#8243; top_padding=&#8221;3&#8243; bottom_padding=&#8221;3&#8243; overlay_alpha=&#8221;50&#8243; gutter_size=&#8221;2&#8243; column_width_percent=&#8221;100&#8243; shift_y=&#8221;0&#8243; z_index=&#8221;0&#8243; uncode_shortcode_id=&#8221;536372&#8243;][vc_column width=&#8221;1\/12&#8243;][vc_single_image media=&#8221;8451&#8243; media_width_use_pixel=&#8221;yes&#8221; uncode_shortcode_id=&#8221;122601&#8243; media_width_pixel=&#8221;77&#8243;][\/vc_column][vc_column width=&#8221;11\/12&#8243;][vc_custom_heading text_font=&#8221;font-179873&#8243; text_size=&#8221;fontsize-50&#8243; text_weight=&#8221;600&#8243; text_height=&#8221;fontheight-50&#8243; uncode_shortcode_id=&#8221;197372&#8243;]Guia de justificaci\u00f3 per acreditar el compliment de la Accessibilitat[\/vc_custom_heading][vc_row_inner limit_content=&#8221;&#8221;][vc_column_inner width=&#8221;5\/6&#8243;][vc_column_text uncode_shortcode_id=&#8221;161656&#8243; el_class=&#8221;fontsize-18 fontheight-28 mt-15&#8243;]Si desitja visualitzar les guies i plantilles per emplenar la justificaci\u00f3 i com acreditar el compliment de l&#8217;accessibilitat WCAG 2.1, us recomanem accedir al seg\u00fcent enlla\u00e7:[\/vc_column_text][\/vc_column_inner][vc_column_inner column_width_percent=&#8221;100&#8243; gutter_size=&#8221;3&#8243; overlay_alpha=&#8221;50&#8243; shift_x=&#8221;0&#8243; shift_y=&#8221;0&#8243; shift_y_down=&#8221;0&#8243; z_index=&#8221;0&#8243; medium_visibility=&#8221;yes&#8221; medium_width=&#8221;0&#8243; mobile_visibility=&#8221;yes&#8221; mobile_width=&#8221;0&#8243; width=&#8221;1\/6&#8243; uncode_shortcode_id=&#8221;204695&#8243;][\/vc_column_inner][\/vc_row_inner][vc_button button_color=&#8221;color-black-Three&#8221; border_width=&#8221;3&#8243; display=&#8221;inline&#8221; inline_mobile=&#8221;yes&#8221; button_color_type=&#8221;uncode-palette&#8221; uncode_shortcode_id=&#8221;139061&#8243; el_class=&#8221;btn-no-border-black mt-30&#8243; link=&#8221;url:https%3A%2F%2Fportal.gestion.sedepkd.red.gob.es%2Fportal%2FespacioAD%2Fguias%2Fjustificaciones|target:_blank&#8221;]Guia i Plantilla Red.es Justificaci\u00f3 (url externa)[\/vc_button][\/vc_column][\/vc_row][\/vc_section][vc_section][vc_row row_height_percent=&#8221;0&#8243; override_padding=&#8221;yes&#8221; h_padding=&#8221;2&#8243; top_padding=&#8221;3&#8243; bottom_padding=&#8221;3&#8243; overlay_alpha=&#8221;50&#8243; gutter_size=&#8221;0&#8243; column_width_percent=&#8221;100&#8243; shift_y=&#8221;0&#8243; z_index=&#8221;0&#8243; content_parallax=&#8221;0&#8243; uncode_shortcode_id=&#8221;402115&#8243;][vc_column width=&#8221;1\/1&#8243;][vc_row_inner limit_content=&#8221;&#8221;][vc_column_inner width=&#8221;7\/12&#8243;][vc_custom_heading text_font=&#8221;font-179873&#8243; text_size=&#8221;fontsize-50&#8243; text_weight=&#8221;600&#8243; text_height=&#8221;fontheight-50&#8243; uncode_shortcode_id=&#8221;208838&#8243;]Per\u00f2, quins s\u00f3n aquests criteris d&#8217;accessibilitat?[\/vc_custom_heading][\/vc_column_inner][vc_column_inner column_width_percent=&#8221;100&#8243; gutter_size=&#8221;3&#8243; overlay_alpha=&#8221;50&#8243; shift_x=&#8221;0&#8243; shift_y=&#8221;0&#8243; shift_y_down=&#8221;0&#8243; z_index=&#8221;0&#8243; medium_width=&#8221;0&#8243; mobile_width=&#8221;0&#8243; width=&#8221;5\/12&#8243; uncode_shortcode_id=&#8221;129888&#8243; el_class=&#8221;pt-sm-0&#8243;][\/vc_column_inner][\/vc_row_inner][vc_row_inner limit_content=&#8221;&#8221;][vc_column_inner width=&#8221;11\/12&#8243;][vc_column_text uncode_shortcode_id=&#8221;114392&#8243; el_class=&#8221;fontsize-18 fontheight-28&#8243;]Doncs b\u00e9, aquests criteris estan definits a la norma <a href=\"https:\/\/www.une.org\/encuentra-tu-norma\/busca-tu-norma\/norma?c=N0068037\" target=\"_blank\" rel=\"noopener\"><strong><u class=\"underline-space\">UNE-EN 301549:2022<\/u><\/strong><\/a>, que al seu torn est\u00e0 basada en les normes d&#8217;accessibilitat globals <a href=\"https:\/\/www.w3.org\/WAI\/standards-guidelines\/wcag\/es\" target=\"_blank\" rel=\"noopener\"><strong><u class=\"underline-space\">WCAG 2.1<\/u><\/strong><\/a>.<\/p>\n<p>El que ens estableix la norma UNE-EN, \u00e9s cadascun dels requisits que s&#8217;han d&#8217;avaluar i complir (un total de 49 criteris), i que afecta tant les p\u00e0gines web, aplicacions i botigues en l\u00ednia.<\/p>\n<p>En aquest cas, el que estableix Kit Digital a nivell d&#8217;accessibilitat, \u00e9s que s&#8217;apliqui la norma UNE-EN 301549:2022 en cadascuna de les webs i e-commerce que desenvolupem, per obtenir portals amb un nivell d&#8217;accessibilitat d&#8217;almenys AA. Tanmateix, no estableixen quin grau (o puntuaci\u00f3) m\u00ednima s&#8217;ha d&#8217;assolir, tenint en compte que si apliquem aquesta norma, podem obtenir 3 possibles resultats:<\/p>\n<ul class=\"list-purple\">\n<li><strong>No conforme:<\/strong> aix\u00f2 indicaria que la nostra web o e-commerce no \u00e9s accessible.<\/li>\n<li><strong>Parcialment conforme:<\/strong> aix\u00f2 indicaria que la nostra web \u00e9s accessible a nivell A o AA (segons la puntuaci\u00f3 obtinguda del 0 al 10).<\/li>\n<li><strong>Totalment conforme:<\/strong> aix\u00f2 indicaria que la nostra web o e-commerce \u00e9s totalment accessible per a un nivell AA i amb una puntuaci\u00f3 m\u00e0xima de 10.<\/li>\n<\/ul>\n<p>Per experi\u00e8ncia, sabem que aconseguir que una web o un e-commerce obtinguin un resultat \u00abTotalment conforme\u00bb \u00e9s complicat i en molts casos, fins i tot impossible, per les pr\u00f2pies configuracions dels sistemes en qu\u00e8 estan basades les webs i e-commerce (CMS). Per aix\u00f2, podem entendre que el resultat d&#8217;aplicar la norma s&#8217;ha de centrar almenys en aconseguir un \u00abparcialment conforme\u00bb amb almenys una puntuaci\u00f3 que superi els 8 punts sobre 10.[\/vc_column_text][\/vc_column_inner][vc_column_inner column_width_percent=&#8221;100&#8243; gutter_size=&#8221;3&#8243; overlay_alpha=&#8221;50&#8243; shift_x=&#8221;0&#8243; shift_y=&#8221;0&#8243; shift_y_down=&#8221;0&#8243; z_index=&#8221;0&#8243; medium_width=&#8221;0&#8243; mobile_width=&#8221;0&#8243; width=&#8221;1\/12&#8243; uncode_shortcode_id=&#8221;135895&#8243; el_class=&#8221;pt-sm-0&#8243;][\/vc_column_inner][\/vc_row_inner][\/vc_column][\/vc_row][\/vc_section][vc_section back_color=&#8221;color-white-Four&#8221; overlay_alpha=&#8221;50&#8243; uncode_shortcode_id=&#8221;318376&#8243; back_color_type=&#8221;uncode-palette&#8221;][vc_row row_height_percent=&#8221;0&#8243; override_padding=&#8221;yes&#8221; h_padding=&#8221;2&#8243; top_padding=&#8221;3&#8243; bottom_padding=&#8221;3&#8243; overlay_alpha=&#8221;50&#8243; gutter_size=&#8221;0&#8243; column_width_percent=&#8221;100&#8243; shift_y=&#8221;0&#8243; z_index=&#8221;0&#8243; content_parallax=&#8221;0&#8243; uncode_shortcode_id=&#8221;207309&#8243;][vc_column width=&#8221;1\/1&#8243;][vc_row_inner limit_content=&#8221;&#8221;][vc_column_inner width=&#8221;2\/3&#8243;][vc_custom_heading text_font=&#8221;font-179873&#8243; text_size=&#8221;fontsize-50&#8243; text_weight=&#8221;600&#8243; text_height=&#8221;fontheight-50&#8243; uncode_shortcode_id=&#8221;214414&#8243;]Finalment, com puc justificar l&#8217;accessibilitat del meu portal web?[\/vc_custom_heading][\/vc_column_inner][vc_column_inner column_width_percent=&#8221;100&#8243; gutter_size=&#8221;3&#8243; overlay_alpha=&#8221;50&#8243; shift_x=&#8221;0&#8243; shift_y=&#8221;0&#8243; shift_y_down=&#8221;0&#8243; z_index=&#8221;0&#8243; medium_visibility=&#8221;yes&#8221; medium_width=&#8221;0&#8243; mobile_visibility=&#8221;yes&#8221; mobile_width=&#8221;0&#8243; width=&#8221;1\/3&#8243; uncode_shortcode_id=&#8221;132113&#8243;][\/vc_column_inner][\/vc_row_inner][vc_column_text uncode_shortcode_id=&#8221;165052&#8243; el_class=&#8221;fontsize-18 fontheight-28&#8243;]Els informes de revisi\u00f3 d&#8217;accessibilitat (IRA) s\u00f3n un document que avalua el nivell d&#8217;accessibilitat d&#8217;un lloc web o aplicaci\u00f3 m\u00f2bil.<br \/>\nEl seu objectiu \u00e9s identificar les barreres que impedeixen l&#8217;acc\u00e9s a persones amb discapacitats i proporcionar recomanacions per corregir els problemes detectats.<br \/>\nPer realitzar un Informe de revisi\u00f3 d&#8217;accessibilitat (IRA), s&#8217;han de realitzar proves manuals i autom\u00e0tiques per avaluar l&#8217;accessibilitat d&#8217;un lloc web o aplicaci\u00f3 m\u00f2bil. Aquestes proves han de seguir les pautes d&#8217;accessibilitat establertes en les directrius WCAG (Web Content Accessibility Guidelines).<br \/>\nL&#8217;IRA ha d&#8217;incloure una descripci\u00f3 detallada de les proves realitzades, els resultats obtinguts, i les recomanacions per millorar l&#8217;accessibilitat del lloc web o aplicaci\u00f3 m\u00f2bil.<br \/>\n\u00c9s important que l&#8217;informe sigui clar i conc\u00eds, perqu\u00e8 els desenvolupadors puguin entendre els problemes i prendre mesures per solucionar-los.[\/vc_column_text][vc_column_text uncode_shortcode_id=&#8221;995929&#8243; el_class=&#8221;fontsize-18 fontheight-28&#8243;]<strong>Podeu descarregar la plantilla aqu\u00ed:<\/strong>[\/vc_column_text][vc_button button_color=&#8221;color-black-Three&#8221; border_width=&#8221;3&#8243; display=&#8221;inline&#8221; inline_mobile=&#8221;yes&#8221; button_color_type=&#8221;uncode-palette&#8221; uncode_shortcode_id=&#8221;206283&#8243; el_class=&#8221;btn-no-border-black mt-10&#8243; link=&#8221;url:https%3A%2F%2Fportal.gestion.sedepkd.red.gob.es%2Fportal%2FespacioAD%2Fguias%2Fjustificaciones|target:_blank&#8221;]Informe de Revisi\u00f3 de l&#8217;Accessibilitat (.xls)[\/vc_button][vc_column_text uncode_shortcode_id=&#8221;168000&#8243; el_class=&#8221;fontsize-18 fontheight-28 mt-10&#8243;](actualitzat 15 gener 2023)[\/vc_column_text][\/vc_column][\/vc_row][\/vc_section][vc_row][vc_column width=&#8221;1\/1&#8243;][uncode_block id=&#8221;5226&#8243;][\/vc_column][\/vc_row]<\/p>\n<\/div>","protected":false},"excerpt":{"rendered":"<p>Te ayudamos a que tus proyectos digitales sean accesibles, tal y como establece Kit Digital.<\/p>\n","protected":false},"author":4,"featured_media":8209,"parent":0,"menu_order":0,"comment_status":"closed","ping_status":"closed","template":"","meta":{"_acf_changed":false,"footnotes":""},"class_list":["post-8207","page","type-page","status-publish","has-post-thumbnail","hentry"],"acf":[],"_links":{"self":[{"href":"https:\/\/www.tuwebaccesible.es\/cat\/wp-json\/wp\/v2\/pages\/8207","targetHints":{"allow":["GET"]}}],"collection":[{"href":"https:\/\/www.tuwebaccesible.es\/cat\/wp-json\/wp\/v2\/pages"}],"about":[{"href":"https:\/\/www.tuwebaccesible.es\/cat\/wp-json\/wp\/v2\/types\/page"}],"author":[{"embeddable":true,"href":"https:\/\/www.tuwebaccesible.es\/cat\/wp-json\/wp\/v2\/users\/4"}],"replies":[{"embeddable":true,"href":"https:\/\/www.tuwebaccesible.es\/cat\/wp-json\/wp\/v2\/comments?post=8207"}],"version-history":[{"count":0,"href":"https:\/\/www.tuwebaccesible.es\/cat\/wp-json\/wp\/v2\/pages\/8207\/revisions"}],"wp:featuredmedia":[{"embeddable":true,"href":"https:\/\/www.tuwebaccesible.es\/cat\/wp-json\/wp\/v2\/media\/8209"}],"wp:attachment":[{"href":"https:\/\/www.tuwebaccesible.es\/cat\/wp-json\/wp\/v2\/media?parent=8207"}],"curies":[{"name":"wp","href":"https:\/\/api.w.org\/{rel}","templated":true}]}}