{"id":8205,"date":"2023-01-24T13:34:13","date_gmt":"2023-01-24T13:34:13","guid":{"rendered":"https:\/\/www.tuwebaccesible.es\/experts-en-accessibilitat-web\/"},"modified":"2023-01-24T13:34:13","modified_gmt":"2023-01-24T13:34:13","slug":"experts-en-accessibilitat-web","status":"publish","type":"page","link":"https:\/\/www.tuwebaccesible.es\/cat\/experts-en-accessibilitat-web\/","title":{"rendered":"Experts en Accessibilitat Web"},"content":{"rendered":"<div class=\"wpb-content-wrapper\"><p>[vc_row row_height_percent=&#8221;0&#8243; override_padding=&#8221;yes&#8221; h_padding=&#8221;2&#8243; top_padding=&#8221;3&#8243; bottom_padding=&#8221;2&#8243; overlay_alpha=&#8221;50&#8243; gutter_size=&#8221;3&#8243; column_width_percent=&#8221;100&#8243; shift_y=&#8221;0&#8243; z_index=&#8221;0&#8243; uncode_shortcode_id=&#8221;616376&#8243;][vc_column column_width_percent=&#8221;100&#8243; gutter_size=&#8221;2&#8243; overlay_alpha=&#8221;50&#8243; shift_x=&#8221;0&#8243; shift_y=&#8221;0&#8243; shift_y_down=&#8221;0&#8243; z_index=&#8221;0&#8243; medium_width=&#8221;0&#8243; mobile_width=&#8221;0&#8243; uncode_shortcode_id=&#8221;982223&#8243;][vc_column_text uncode_shortcode_id=&#8221;193904&#8243; el_class=&#8221;fontsize-18 fontheight-28&#8243;]Som un equip expert en mat\u00e8ria d&#8217;accessibilitat web, format per auditors, programadors i dissenyadors. La nostra formaci\u00f3 i experi\u00e8ncia ens permet portar a terme una an\u00e0lisi completa de p\u00e0gines, portals web i plataformes digitals, podent, a m\u00e9s, encarregar-nos de l&#8217;adequaci\u00f3 d&#8217;aquests espais, al <a href=\"https:\/\/www.tuwebaccesible.es\/tres-niveles-de-accesibilidad-web-criterios-de-conformidad-a-aa-y-aaa-administraciones-publicas\/\" data-schema-attribute=\"about\"><strong><u class=\"underline-space\">nivell de conformitat obligatori de AA<\/u><\/strong><\/a>, o elevar la seva plataforma digital a nivells superiors.<\/p>\n<p>Oferim un assessorament constant sobre les necessitats que requereixin una millora en quant a la seva accessibilitat, l&#8217;an\u00e0lisi de nous continguts, o l&#8217;aplicaci\u00f3 de noves funcions. A m\u00e9s, oferim un <strong>suport tecnol\u00f2gic fonamental a qualsevol departament t\u00e8cnic<\/strong> per a la correcci\u00f3 de codi i implementaci\u00f3 de millores atenent a un nivell d&#8217;adequaci\u00f3 establert per les <a href=\"https:\/\/www.w3.org\/WAI\/standards-guidelines\/wcag\/glance\/es\" target=\"_blank\" rel=\"noopener\" data-schema-attribute=\"mentions\"><strong><u class=\"underline-space\">pautes d&#8217;accessibilitat WCAG 2.1<\/u><\/strong>.[\/vc_column_text][\/vc_column][\/vc_row][vc_section overlay_alpha=&#8221;50&#8243; content_parallax=&#8221;0&#8243; uncode_shortcode_id=&#8221;486316&#8243;][vc_row row_height_percent=&#8221;0&#8243; override_padding=&#8221;yes&#8221; h_padding=&#8221;2&#8243; top_padding=&#8221;2&#8243; bottom_padding=&#8221;0&#8243; overlay_alpha=&#8221;50&#8243; gutter_size=&#8221;3&#8243; column_width_percent=&#8221;100&#8243; shift_y=&#8221;0&#8243; z_index=&#8221;0&#8243; uncode_shortcode_id=&#8221;560620&#8243;][vc_column][vc_custom_heading text_font=&#8221;font-179873&#8243; text_size=&#8221;fontsize-30&#8243; text_weight=&#8221;600&#8243; text_transform=&#8221;uppercase&#8221; text=&#8221;NUESTRO EQUIPO A SU DISPOSICI\u00d3N&#8221; font_container=&#8221;tag:h2|font_size:30px|text_align:left&#8221; use_theme_fonts=&#8221;yes&#8221; uncode_shortcode_id=&#8221;180144&#8243;]El nostre equip a la seva disposici\u00f3[\/vc_custom_heading][\/vc_column][\/vc_row][vc_row row_height_percent=&#8221;0&#8243; override_padding=&#8221;yes&#8221; h_padding=&#8221;2&#8243; top_padding=&#8221;2&#8243; bottom_padding=&#8221;2&#8243; overlay_alpha=&#8221;50&#8243; equal_height=&#8221;yes&#8221; gutter_size=&#8221;2&#8243; column_width_percent=&#8221;100&#8243; shift_y=&#8221;0&#8243; z_index=&#8221;0&#8243; content_parallax=&#8221;0&#8243; el_class=&#8221;equipo&#8221; uncode_shortcode_id=&#8221;750210&#8243;][vc_column column_width_percent=&#8221;100&#8243; gutter_size=&#8221;3&#8243; overlay_alpha=&#8221;50&#8243; shift_x=&#8221;0&#8243; shift_y=&#8221;0&#8243; shift_y_down=&#8221;0&#8243; z_index=&#8221;0&#8243; medium_width=&#8221;0&#8243; mobile_width=&#8221;0&#8243; width=&#8221;1\/4&#8243; uncode_shortcode_id=&#8221;136136&#8243;][vc_single_image media=&#8221;5506&#8243; media_width_percent=&#8221;100&#8243; image=&#8221;2285&#8243; img_size=&#8221;full&#8221; uncode_shortcode_id=&#8221;199453&#8243;][vc_single_image media=&#8221;5513&#8243; media_width_percent=&#8221;100&#8243; image=&#8221;1960&#8243; uncode_shortcode_id=&#8221;330062&#8243;][vc_custom_heading heading_semantic=&#8221;h3&#8243; text_font=&#8221;font-179873&#8243; text_size=&#8221;fontsize-25&#8243; text_weight=&#8221;600&#8243; sub_reduced=&#8221;yes&#8221; text=&#8221;NUESTRO EQUIPO A SU DISPOSICI\u00d3N&#8221; font_container=&#8221;tag:h2|font_size:30px|text_align:left&#8221; use_theme_fonts=&#8221;yes&#8221; uncode_shortcode_id=&#8221;214642&#8243; subheading=&#8221;CEO&#8221;]DANIEL GALLARDO[\/vc_custom_heading][\/vc_column][vc_column column_width_percent=&#8221;100&#8243; position_vertical=&#8221;bottom&#8221; gutter_size=&#8221;3&#8243; overlay_alpha=&#8221;50&#8243; shift_x=&#8221;0&#8243; shift_y=&#8221;0&#8243; shift_y_down=&#8221;0&#8243; z_index=&#8221;0&#8243; medium_width=&#8221;0&#8243; mobile_width=&#8221;0&#8243; width=&#8221;1\/4&#8243; uncode_shortcode_id=&#8221;151926&#8243;][vc_single_image media=&#8221;5730&#8243; media_width_use_pixel=&#8221;yes&#8221; image=&#8221;2277&#8243; img_size=&#8221;full&#8221; uncode_shortcode_id=&#8221;317929&#8243; media_width_pixel=&#8221;350&#8243;][vc_single_image media=&#8221;5513&#8243; media_width_percent=&#8221;100&#8243; image=&#8221;1960&#8243; uncode_shortcode_id=&#8221;521272&#8243;][vc_custom_heading heading_semantic=&#8221;h3&#8243; text_font=&#8221;font-179873&#8243; text_size=&#8221;fontsize-25&#8243; text_weight=&#8221;600&#8243; sub_reduced=&#8221;yes&#8221; text=&#8221;NUESTRO EQUIPO A SU DISPOSICI\u00d3N&#8221; font_container=&#8221;tag:h2|font_size:30px|text_align:left&#8221; use_theme_fonts=&#8221;yes&#8221; uncode_shortcode_id=&#8221;175582&#8243; subheading=&#8221;Desenvolupament de Negoci&#8221;]ANTONIO SALVADOR[\/vc_custom_heading][\/vc_column][vc_column width=&#8221;1\/4&#8243;][vc_single_image media=&#8221;5508&#8243; media_width_percent=&#8221;100&#8243; image=&#8221;2281&#8243; img_size=&#8221;full&#8221; uncode_shortcode_id=&#8221;165707&#8243;][vc_single_image media=&#8221;5513&#8243; media_width_percent=&#8221;100&#8243; image=&#8221;1960&#8243; uncode_shortcode_id=&#8221;925636&#8243;][vc_custom_heading heading_semantic=&#8221;h3&#8243; text_font=&#8221;font-179873&#8243; text_size=&#8221;fontsize-25&#8243; text_weight=&#8221;600&#8243; sub_reduced=&#8221;yes&#8221; text=&#8221;NUESTRO EQUIPO A SU DISPOSICI\u00d3N&#8221; font_container=&#8221;tag:h2|font_size:30px|text_align:left&#8221; use_theme_fonts=&#8221;yes&#8221; uncode_shortcode_id=&#8221;141831&#8243; subheading=&#8221;Consultoria i Auditoria&#8221;]JORGE VICENTE[\/vc_custom_heading][\/vc_column][vc_column width=&#8221;1\/4&#8243;][vc_single_image media=&#8221;5510&#8243; media_width_percent=&#8221;100&#8243; image=&#8221;2286&#8243; img_size=&#8221;full&#8221; uncode_shortcode_id=&#8221;158241&#8243;][vc_single_image media=&#8221;5513&#8243; media_width_percent=&#8221;100&#8243; image=&#8221;1960&#8243; uncode_shortcode_id=&#8221;149898&#8243;][vc_custom_heading heading_semantic=&#8221;h3&#8243; text_font=&#8221;font-179873&#8243; text_size=&#8221;fontsize-25&#8243; text_weight=&#8221;600&#8243; sub_reduced=&#8221;yes&#8221; text=&#8221;NUESTRO EQUIPO A SU DISPOSICI\u00d3N&#8221; font_container=&#8221;tag:h2|font_size:30px|text_align:left&#8221; use_theme_fonts=&#8221;yes&#8221; uncode_shortcode_id=&#8221;577682&#8243; subheading=&#8221;Anal\u00edtica i Posicionament&#8221;]JOSE JIM\u00c9NEZ[\/vc_custom_heading][\/vc_column][\/vc_row][vc_row row_height_percent=&#8221;0&#8243; override_padding=&#8221;yes&#8221; h_padding=&#8221;2&#8243; top_padding=&#8221;2&#8243; bottom_padding=&#8221;4&#8243; overlay_alpha=&#8221;50&#8243; gutter_size=&#8221;2&#8243; column_width_percent=&#8221;100&#8243; shift_y=&#8221;0&#8243; z_index=&#8221;0&#8243; content_parallax=&#8221;0&#8243; el_class=&#8221;equipo&#8221; uncode_shortcode_id=&#8221;866873&#8243;][vc_column width=&#8221;1\/4&#8243;][vc_single_image media=&#8221;5507&#8243; media_width_percent=&#8221;100&#8243; image=&#8221;2280&#8243; img_size=&#8221;full&#8221; uncode_shortcode_id=&#8221;153119&#8243;][vc_single_image media=&#8221;5513&#8243; media_width_percent=&#8221;100&#8243; image=&#8221;1960&#8243; uncode_shortcode_id=&#8221;194266&#8243;][vc_custom_heading heading_semantic=&#8221;h3&#8243; text_font=&#8221;font-179873&#8243; text_size=&#8221;fontsize-25&#8243; text_weight=&#8221;600&#8243; sub_reduced=&#8221;yes&#8221; text=&#8221;NUESTRO EQUIPO A SU DISPOSICI\u00d3N&#8221; font_container=&#8221;tag:h2|font_size:30px|text_align:left&#8221; use_theme_fonts=&#8221;yes&#8221; uncode_shortcode_id=&#8221;191763&#8243; subheading=&#8221;Disseny UX\/UI&#8221;]M\u00aa EUGENIA GARC\u00cdA[\/vc_custom_heading][\/vc_column][vc_column width=&#8221;1\/4&#8243;][vc_single_image media=&#8221;5731&#8243; media_width_percent=&#8221;100&#8243; image=&#8221;2278&#8243; img_size=&#8221;full&#8221; uncode_shortcode_id=&#8221;171425&#8243;][vc_single_image media=&#8221;5513&#8243; media_width_percent=&#8221;100&#8243; image=&#8221;1960&#8243; uncode_shortcode_id=&#8221;226609&#8243;][vc_custom_heading heading_semantic=&#8221;h3&#8243; text_font=&#8221;font-179873&#8243; text_size=&#8221;fontsize-25&#8243; text_weight=&#8221;600&#8243; sub_reduced=&#8221;yes&#8221; text=&#8221;NUESTRO EQUIPO A SU DISPOSICI\u00d3N&#8221; font_container=&#8221;tag:h2|font_size:30px|text_align:left&#8221; use_theme_fonts=&#8221;yes&#8221; uncode_shortcode_id=&#8221;859676&#8243; subheading=&#8221;Desenvolupador&#8221;]DANIEL AND\u00daJAR[\/vc_custom_heading][\/vc_column][vc_column width=&#8221;1\/4&#8243;][vc_single_image media=&#8221;5509&#8243; media_width_percent=&#8221;100&#8243; image=&#8221;2290&#8243; img_size=&#8221;full&#8221; uncode_shortcode_id=&#8221;444803&#8243;][vc_single_image media=&#8221;5513&#8243; media_width_percent=&#8221;100&#8243; image=&#8221;1960&#8243; uncode_shortcode_id=&#8221;607252&#8243;][vc_custom_heading heading_semantic=&#8221;h3&#8243; text_font=&#8221;font-179873&#8243; text_size=&#8221;fontsize-25&#8243; text_weight=&#8221;600&#8243; sub_reduced=&#8221;yes&#8221; text=&#8221;NUESTRO EQUIPO A SU DISPOSICI\u00d3N&#8221; font_container=&#8221;tag:h2|font_size:30px|text_align:left&#8221; use_theme_fonts=&#8221;yes&#8221; uncode_shortcode_id=&#8221;629808&#8243; subheading=&#8221;Periodista&#8221;]JOSE GARC\u00cdA[\/vc_custom_heading][\/vc_column][vc_column width=&#8221;1\/4&#8243;][vc_single_image media=&#8221;5503&#8243; media_width_percent=&#8221;100&#8243; image=&#8221;2288&#8243; img_size=&#8221;full&#8221; uncode_shortcode_id=&#8221;522607&#8243;][vc_single_image media=&#8221;5513&#8243; media_width_percent=&#8221;100&#8243; image=&#8221;1960&#8243; uncode_shortcode_id=&#8221;215705&#8243;][vc_custom_heading heading_semantic=&#8221;h3&#8243; text_font=&#8221;font-179873&#8243; text_size=&#8221;fontsize-25&#8243; text_weight=&#8221;600&#8243; text=&#8221;NUESTRO EQUIPO A SU DISPOSICI\u00d3N&#8221; font_container=&#8221;tag:h2|font_size:30px|text_align:left&#8221; use_theme_fonts=&#8221;yes&#8221; uncode_shortcode_id=&#8221;592691&#8243; subheading=&#8221;Consultoria i Auditoria&#8221;]ALEJANDRO BAUTISTA[\/vc_custom_heading][\/vc_column][\/vc_row][\/vc_section][vc_row][vc_column][vc_column_text]<\/a>[\/vc_column_text][\/vc_column][\/vc_row]<\/p>\n<\/div>","protected":false},"excerpt":{"rendered":"<p>Ponemos a su disposici\u00f3n un equipo especializado que se encargar\u00e1 de analizar cu\u00e1les son las mejoras que pueden implementarse en su espacio web.<\/p>\n","protected":false},"author":4,"featured_media":0,"parent":0,"menu_order":0,"comment_status":"closed","ping_status":"closed","template":"","meta":{"_acf_changed":false,"footnotes":""},"class_list":["post-8205","page","type-page","status-publish","hentry"],"acf":[],"_form":null,"_mail":null,"_mail_2":null,"_messages":null,"_additional_settings":null,"_locale":null,"migrate_from_cf7_redirect":null,"_hash":null,"_links":{"self":[{"href":"https:\/\/www.tuwebaccesible.es\/cat\/wp-json\/wp\/v2\/pages\/8205","targetHints":{"allow":["GET"]}}],"collection":[{"href":"https:\/\/www.tuwebaccesible.es\/cat\/wp-json\/wp\/v2\/pages"}],"about":[{"href":"https:\/\/www.tuwebaccesible.es\/cat\/wp-json\/wp\/v2\/types\/page"}],"author":[{"embeddable":true,"href":"https:\/\/www.tuwebaccesible.es\/cat\/wp-json\/wp\/v2\/users\/4"}],"replies":[{"embeddable":true,"href":"https:\/\/www.tuwebaccesible.es\/cat\/wp-json\/wp\/v2\/comments?post=8205"}],"version-history":[{"count":0,"href":"https:\/\/www.tuwebaccesible.es\/cat\/wp-json\/wp\/v2\/pages\/8205\/revisions"}],"wp:attachment":[{"href":"https:\/\/www.tuwebaccesible.es\/cat\/wp-json\/wp\/v2\/media?parent=8205"}],"curies":[{"name":"wp","href":"https:\/\/api.w.org\/{rel}","templated":true}]}}