{"id":8198,"date":"2023-05-12T10:49:29","date_gmt":"2023-05-12T10:49:29","guid":{"rendered":"https:\/\/www.tuwebaccesible.es\/accessibilitat-daplicacions-mobils\/"},"modified":"2023-05-12T10:49:29","modified_gmt":"2023-05-12T10:49:29","slug":"accessibilitat-daplicacions-mobils","status":"publish","type":"page","link":"https:\/\/www.tuwebaccesible.es\/cat\/accessibilitat-daplicacions-mobils\/","title":{"rendered":"Accessibilitat d&#8217;Aplicacions M\u00f2bils"},"content":{"rendered":"<div class=\"wpb-content-wrapper\"><p>[vc_section][vc_row row_height_percent=&#8221;0&#8243; overlay_alpha=&#8221;50&#8243; gutter_size=&#8221;3&#8243; column_width_percent=&#8221;100&#8243; shift_y=&#8221;0&#8243; z_index=&#8221;0&#8243; uncode_shortcode_id=&#8221;184222&#8243; css=&#8221;.vc_custom_1721212346930{margin-top: 15px !important;margin-bottom: 15px !important;}&#8221;][vc_column width=&#8221;7\/12&#8243;][vc_custom_heading text_font=&#8221;font-179873&#8243; text_size=&#8221;fontsize-50&#8243; text_weight=&#8221;600&#8243; text_height=&#8221;fontheight-50&#8243; uncode_shortcode_id=&#8221;126158&#8243;]Auditoria d&#8217;accessibilitat d&#8217;aplicacions m\u00f2bils conforme a les WCAG 2.1 i la Norma EN 301 549.[\/vc_custom_heading][vc_column_text uncode_shortcode_id=&#8221;116081&#8243; el_class=&#8221;fontsize-18 fontheight-28&#8243;]El nostre servei d&#8217;auditoria d&#8217;accessibilitat d&#8217;aplicacions m\u00f2bils es basa en la metodologia oficial del <a href=\"https:\/\/www.w3.org\/WAI\/\" target=\"_blank\" rel=\"noopener\">W3C\/WAI<\/a>, que inclou la revisi\u00f3 autom\u00e0tica i manual de les aplicacions m\u00f2bils, i la revisi\u00f3 en diferents contexts d&#8217;acc\u00e9s amb diferents productes de suport.<br \/>\nTan important \u00e9s el compliment de la normativa vigent com l&#8217;experi\u00e8ncia de l&#8217;usuari. Cada aplicaci\u00f3 m\u00f2bil t\u00e9 els seus aspectes per millorar, aix\u00ed que el nostre equip realitzar\u00e0 un diagn\u00f2stic personalitzat, adaptant l&#8217;elaboraci\u00f3 d&#8217;informes a les necessitats i objectius de cada client.[\/vc_column_text][\/vc_column][vc_column column_width_percent=&#8221;100&#8243; gutter_size=&#8221;3&#8243; overlay_alpha=&#8221;50&#8243; shift_x=&#8221;0&#8243; shift_y=&#8221;0&#8243; shift_y_down=&#8221;0&#8243; z_index=&#8221;0&#8243; medium_width=&#8221;0&#8243; mobile_width=&#8221;0&#8243; width=&#8221;5\/12&#8243; uncode_shortcode_id=&#8221;345059&#8243; css=&#8221;.vc_custom_1721217054430{padding-top: 16px !important;}&#8221;][vc_single_image media=&#8221;5225&#8243; media_width_use_pixel=&#8221;yes&#8221; alignment=&#8221;right&#8221; uncode_shortcode_id=&#8221;195980&#8243; media_width_pixel=&#8221;432&#8243;][\/vc_column][\/vc_row][\/vc_section][vc_section back_color=&#8221;color-white-three&#8221; overlay_alpha=&#8221;50&#8243; uncode_shortcode_id=&#8221;476959&#8243; back_color_type=&#8221;uncode-palette&#8221;][vc_row row_height_percent=&#8221;0&#8243; override_padding=&#8221;yes&#8221; h_padding=&#8221;2&#8243; top_padding=&#8221;0&#8243; bottom_padding=&#8221;0&#8243; overlay_alpha=&#8221;50&#8243; gutter_size=&#8221;3&#8243; column_width_percent=&#8221;100&#8243; shift_y=&#8221;0&#8243; z_index=&#8221;0&#8243; uncode_shortcode_id=&#8221;323811&#8243; css=&#8221;.vc_custom_1721124401127{padding-top: 63px !important;padding-bottom: 63px !important;}&#8221;][vc_column width=&#8221;1\/2&#8243;][vc_row_inner row_inner_height_percent=&#8221;0&#8243; overlay_alpha=&#8221;50&#8243; gutter_size=&#8221;0&#8243; shift_y=&#8221;0&#8243; z_index=&#8221;0&#8243; uncode_shortcode_id=&#8221;119263&#8243;][vc_column_inner column_width_percent=&#8221;100&#8243; gutter_size=&#8221;3&#8243; overlay_alpha=&#8221;50&#8243; shift_x=&#8221;0&#8243; shift_y=&#8221;0&#8243; shift_y_down=&#8221;0&#8243; z_index=&#8221;0&#8243; medium_width=&#8221;0&#8243; mobile_width=&#8221;0&#8243; width=&#8221;2\/12&#8243; uncode_shortcode_id=&#8221;200346&#8243; el_class=&#8221;icons-w15&#8243;][vc_single_image media=&#8221;5111&#8243; media_width_use_pixel=&#8221;yes&#8221; image=&#8221;1287&#8243; uncode_shortcode_id=&#8221;207511&#8243; media_width_pixel=&#8221;65&#8243;][\/vc_column_inner][vc_column_inner column_width_percent=&#8221;100&#8243; gutter_size=&#8221;1&#8243; overlay_alpha=&#8221;50&#8243; shift_x=&#8221;0&#8243; shift_y=&#8221;0&#8243; shift_y_down=&#8221;0&#8243; z_index=&#8221;0&#8243; medium_width=&#8221;0&#8243; mobile_width=&#8221;0&#8243; width=&#8221;10\/12&#8243; uncode_shortcode_id=&#8221;171244&#8243; css=&#8221;.vc_custom_1721123237063{padding-top: 15px !important;}&#8221;][vc_custom_heading text_color=&#8221;color-black-Three&#8221; heading_semantic=&#8221;h3&#8243; text_font=&#8221;font-179873&#8243; text_size=&#8221;fontsize-30&#8243; text_weight=&#8221;600&#8243; text_height=&#8221;fontheight-32&#8243; uncode_shortcode_id=&#8221;796854&#8243; text_color_type=&#8221;uncode-palette&#8221;]Informe personalitzat[\/vc_custom_heading][vc_column_text uncode_shortcode_id=&#8221;613027&#8243; css=&#8221;.vc_custom_1732541192089{margin-top: 14px !important;}&#8221; el_class=&#8221;fontheight-28&#8243;]Elaboraci\u00f3 d\u2019<strong><span class=\"\" data-color-group=\"turquoise\">informes completament adaptats als objectius<\/span><\/strong> i a les caracter\u00edstiques de cada organitzaci\u00f3 o negoci. Reflectirem les problem\u00e0tiques o barreres de l&#8217;app en un estudi detallat, que a m\u00e9s, contindr\u00e0 el nivell d\u2019accessibilitat ofert per la mateixa. El principal repte de l\u2019an\u00e0lisi \u00e9s <strong><span class=\"\" data-color-group=\"turquoise\">detectar els errors per esmenar-los<\/span><\/strong> i aix\u00ed assolir el m\u00e0xim grau d\u2019accessibilitat.[\/vc_column_text][\/vc_column_inner][\/vc_row_inner][\/vc_column][vc_column width=&#8221;1\/2&#8243;][vc_row_inner row_inner_height_percent=&#8221;0&#8243; overlay_alpha=&#8221;50&#8243; gutter_size=&#8221;0&#8243; shift_y=&#8221;0&#8243; z_index=&#8221;0&#8243; uncode_shortcode_id=&#8221;946443&#8243;][vc_column_inner column_width_percent=&#8221;100&#8243; gutter_size=&#8221;3&#8243; overlay_alpha=&#8221;50&#8243; shift_x=&#8221;0&#8243; shift_y=&#8221;0&#8243; shift_y_down=&#8221;0&#8243; z_index=&#8221;0&#8243; medium_width=&#8221;0&#8243; mobile_width=&#8221;0&#8243; width=&#8221;2\/12&#8243; uncode_shortcode_id=&#8221;170694&#8243; el_class=&#8221;icons-w15&#8243;][vc_single_image media=&#8221;5113&#8243; media_width_use_pixel=&#8221;yes&#8221; image=&#8221;1287&#8243; uncode_shortcode_id=&#8221;184905&#8243; media_width_pixel=&#8221;65&#8243;][\/vc_column_inner][vc_column_inner column_width_percent=&#8221;100&#8243; gutter_size=&#8221;1&#8243; overlay_alpha=&#8221;50&#8243; shift_x=&#8221;0&#8243; shift_y=&#8221;0&#8243; shift_y_down=&#8221;0&#8243; z_index=&#8221;0&#8243; medium_width=&#8221;0&#8243; mobile_width=&#8221;0&#8243; width=&#8221;10\/12&#8243; uncode_shortcode_id=&#8221;398221&#8243; css=&#8221;.vc_custom_1721123340215{padding-top: 15px !important;}&#8221;][vc_custom_heading text_color=&#8221;color-black-Three&#8221; heading_semantic=&#8221;h3&#8243; text_font=&#8221;font-179873&#8243; text_size=&#8221;fontsize-30&#8243; text_weight=&#8221;600&#8243; text_height=&#8221;fontheight-32&#8243; uncode_shortcode_id=&#8221;167738&#8243; text_color_type=&#8221;uncode-palette&#8221;]Equip[\/vc_custom_heading][vc_column_text uncode_shortcode_id=&#8221;462027&#8243; css=&#8221;.vc_custom_1732541261694{margin-top: 14px !important;padding-right: 5px !important;}&#8221; el_class=&#8221;fontheight-28&#8243;]Posem a la seva disposici\u00f3 un <a href=\"https:\/\/www.tuwebaccesible.es\/ca\/experts-en-accessibilitat-web\/\">equip especialitzat<\/a> que s&#8217;encarregar\u00e0 d&#8217;analitzar quines s\u00f3n les millores que poden implementar-se en el seu espai web, per assegurar que la web s&#8217;ajusta a les especificacions d&#8217;accessibilitat recollides a la Norma EN 301 549\/ WCAG 2.1.[\/vc_column_text][\/vc_column_inner][\/vc_row_inner][\/vc_column][\/vc_row][\/vc_section][vc_section][vc_row row_height_percent=&#8221;0&#8243; override_padding=&#8221;yes&#8221; h_padding=&#8221;2&#8243; top_padding=&#8221;3&#8243; bottom_padding=&#8221;3&#8243; overlay_alpha=&#8221;50&#8243; gutter_size=&#8221;3&#8243; column_width_percent=&#8221;100&#8243; shift_y=&#8221;0&#8243; z_index=&#8221;0&#8243; uncode_shortcode_id=&#8221;987495&#8243;][vc_column column_width_percent=&#8221;100&#8243; gutter_size=&#8221;1&#8243; overlay_alpha=&#8221;50&#8243; shift_x=&#8221;0&#8243; shift_y=&#8221;0&#8243; shift_y_down=&#8221;0&#8243; z_index=&#8221;0&#8243; medium_width=&#8221;0&#8243; mobile_width=&#8221;0&#8243; width=&#8221;1\/1&#8243; uncode_shortcode_id=&#8221;468056&#8243;][vc_custom_heading text_font=&#8221;font-179873&#8243; text_size=&#8221;fontsize-50&#8243; text_weight=&#8221;600&#8243; text_height=&#8221;fontheight-50&#8243; uncode_shortcode_id=&#8221;210242&#8243;]Oferim l&#8217;elaboraci\u00f3 de diferents<br \/>\ntipus d&#8217;informe[\/vc_custom_heading][vc_column_text uncode_shortcode_id=&#8221;184607&#8243; css=&#8221;.vc_custom_1732541308464{margin-top: 20px !important;}&#8221; el_class=&#8221;fontheight-28&#8243;]L&#8217;objectiu \u00e9s analitzar amb detall quines s\u00f3n les millores que s&#8217;han d&#8217;implementar en<br \/>\nla seva aplicaci\u00f3 m\u00f2bil en funci\u00f3 de les caracter\u00edstiques del seu negoci.<\/p>\n<ul class=\"list-purple\">\n<li><strong>An\u00e0lisi de l&#8217;app<\/strong> per recopilar en un document l&#8217;estat de situaci\u00f3 de l&#8217;aplicaci\u00f3 m\u00f2bil.<\/li>\n<li><strong>Informes detallats<\/strong> per als desenvolupadors, amb tots els errors localitzats i una proposta amb solucions alternatives a nivell de codi.<\/li>\n<li><strong>Informes estrat\u00e8gics<\/strong>, en llenguatge no t\u00e8cnic, per donar una visi\u00f3 general del nivell d&#8217;accessibilitat d&#8217;aplicacions m\u00f2bils, i ajudar el client a abordar i prioritzar les accions tenint en compte diferents estrat\u00e8gies.<\/li>\n<li>Informes segons el model exigit per l&#8217;<strong>Observatori d&#8217;Accessibilitat<\/strong> als organismes p\u00fablics.<\/li>\n<\/ul>\n<p>[\/vc_column_text][\/vc_column][\/vc_row][\/vc_section][vc_row][vc_column width=&#8221;1\/1&#8243;][uncode_block id=&#8221;5480&#8243;][\/vc_column][\/vc_row]<\/p>\n<\/div>","protected":false},"excerpt":{"rendered":"<p>Conozca al detalle el nivel de accesibilidad que ofrecen sus aplicaciones m\u00f3viles.<\/p>\n","protected":false},"author":4,"featured_media":8200,"parent":0,"menu_order":0,"comment_status":"closed","ping_status":"closed","template":"","meta":{"_acf_changed":false,"footnotes":""},"class_list":["post-8198","page","type-page","status-publish","has-post-thumbnail","hentry"],"acf":[],"_links":{"self":[{"href":"https:\/\/www.tuwebaccesible.es\/cat\/wp-json\/wp\/v2\/pages\/8198","targetHints":{"allow":["GET"]}}],"collection":[{"href":"https:\/\/www.tuwebaccesible.es\/cat\/wp-json\/wp\/v2\/pages"}],"about":[{"href":"https:\/\/www.tuwebaccesible.es\/cat\/wp-json\/wp\/v2\/types\/page"}],"author":[{"embeddable":true,"href":"https:\/\/www.tuwebaccesible.es\/cat\/wp-json\/wp\/v2\/users\/4"}],"replies":[{"embeddable":true,"href":"https:\/\/www.tuwebaccesible.es\/cat\/wp-json\/wp\/v2\/comments?post=8198"}],"version-history":[{"count":0,"href":"https:\/\/www.tuwebaccesible.es\/cat\/wp-json\/wp\/v2\/pages\/8198\/revisions"}],"wp:featuredmedia":[{"embeddable":true,"href":"https:\/\/www.tuwebaccesible.es\/cat\/wp-json\/wp\/v2\/media\/8200"}],"wp:attachment":[{"href":"https:\/\/www.tuwebaccesible.es\/cat\/wp-json\/wp\/v2\/media?parent=8198"}],"curies":[{"name":"wp","href":"https:\/\/api.w.org\/{rel}","templated":true}]}}