{"id":8140,"date":"2024-03-11T09:47:05","date_gmt":"2024-03-11T09:47:05","guid":{"rendered":"https:\/\/www.tuwebaccesible.es\/funcionalitats\/"},"modified":"2024-12-05T09:07:07","modified_gmt":"2024-12-05T09:07:07","slug":"funcionalitats","status":"publish","type":"page","link":"https:\/\/www.tuwebaccesible.es\/cat\/funcionalitats\/","title":{"rendered":"Funcionalitats"},"content":{"rendered":"<div class=\"wpb-content-wrapper\"><p>[vc_row row_height_percent=&#8221;0&#8243; override_padding=&#8221;yes&#8221; h_padding=&#8221;2&#8243; top_padding=&#8221;2&#8243; bottom_padding=&#8221;0&#8243; overlay_alpha=&#8221;50&#8243; gutter_size=&#8221;3&#8243; column_width_percent=&#8221;100&#8243; shift_y=&#8221;0&#8243; z_index=&#8221;0&#8243; el_class=&#8221;mt-36&#8243; uncode_shortcode_id=&#8221;204663&#8243;][vc_column][vc_single_image media=&#8221;5564&#8243; media_width_use_pixel=&#8221;yes&#8221; image=&#8221;3636&#8243; img_size=&#8221;full&#8221; el_class=&#8221;align-to-left&#8221; uncode_shortcode_id=&#8221;327356&#8243; media_width_pixel=&#8221;231&#8243;][\/vc_column][\/vc_row][vc_row][vc_column][vc_custom_heading text_font=&#8221;font-179873&#8243; text_size=&#8221;fontsize-50&#8243; text_height=&#8221;fontheight-50&#8243; uncode_shortcode_id=&#8221;869684&#8243;]Funcions autom\u00e0tiques de WeAllWeb[\/vc_custom_heading][vc_column_text uncode_shortcode_id=&#8221;128498&#8243;]L&#8217;eina \u00e9s aplicable a tots els llocs web i organitzacions, independentment de la seva mida i\/o plataforma, i \u00e9s, amb difer\u00e8ncia, la ruta m\u00e9s r\u00e0pida cap a l&#8217;accessibilitat web. Aix\u00f2 la converteix en la soluci\u00f3 d&#8217;accessibilitat web m\u00e9s popular per a les empreses que la trien per motius de compliment WCAG 2.2.[\/vc_column_text][\/vc_column][\/vc_row][vc_row el_class=&#8221;row-icons-wow&#8221;][vc_column column_width_percent=&#8221;100&#8243; gutter_size=&#8221;2&#8243; overlay_alpha=&#8221;50&#8243; shift_x=&#8221;0&#8243; shift_y=&#8221;0&#8243; shift_y_down=&#8221;0&#8243; z_index=&#8221;0&#8243; medium_width=&#8221;0&#8243; mobile_width=&#8221;0&#8243; width=&#8221;1\/4&#8243; offset=&#8221;vc_col-xs-6&#8243; uncode_shortcode_id=&#8221;673270&#8243;][vc_single_image media=&#8221;5576&#8243; media_width_use_pixel=&#8221;yes&#8221; image=&#8221;4427&#8243; img_size=&#8221;full&#8221; css=&#8221;.vc_custom_1710325254370{margin-bottom: 17px !important;}&#8221; el_class=&#8221;align-to-left fontsize-30 fontheight-32&#8243; uncode_shortcode_id=&#8221;213570&#8243; media_width_pixel=&#8221;80&#8243;][vc_custom_heading heading_semantic=&#8221;div&#8221; text_font=&#8221;font-179873&#8243; text_size=&#8221;fontsize-30&#8243; text_height=&#8221;fontheight-30&#8243; uncode_shortcode_id=&#8221;135959&#8243;]Ceguesa[\/vc_custom_heading][\/vc_column][vc_column column_width_percent=&#8221;100&#8243; gutter_size=&#8221;2&#8243; overlay_alpha=&#8221;50&#8243; shift_x=&#8221;0&#8243; shift_y=&#8221;0&#8243; shift_y_down=&#8221;0&#8243; z_index=&#8221;0&#8243; medium_width=&#8221;0&#8243; mobile_width=&#8221;0&#8243; width=&#8221;1\/4&#8243; el_class=&#8221;icn-waw-funcionalidades&#8221; offset=&#8221;vc_col-xs-6&#8243; uncode_shortcode_id=&#8221;150137&#8243;][vc_single_image media=&#8221;5574&#8243; media_width_use_pixel=&#8221;yes&#8221; image=&#8221;4434&#8243; img_size=&#8221;full&#8221; el_class=&#8221;align-to-left icn-waw-funcionalidades&#8221; el_id=&#8221;icn-discapacidad-visual&#8221; uncode_shortcode_id=&#8221;389942&#8243; media_width_pixel=&#8221;92&#8243;][vc_custom_heading heading_semantic=&#8221;div&#8221; text_font=&#8221;font-179873&#8243; text_size=&#8221;fontsize-30&#8243; text_height=&#8221;fontheight-30&#8243; uncode_shortcode_id=&#8221;683584&#8243;]Discapacitat visual[\/vc_custom_heading][\/vc_column][vc_column column_width_percent=&#8221;100&#8243; gutter_size=&#8221;2&#8243; overlay_alpha=&#8221;50&#8243; shift_x=&#8221;0&#8243; shift_y=&#8221;0&#8243; shift_y_down=&#8221;0&#8243; z_index=&#8221;0&#8243; medium_width=&#8221;0&#8243; mobile_width=&#8221;0&#8243; width=&#8221;1\/4&#8243; el_class=&#8221;icn-waw-funcionalidades&#8221; offset=&#8221;vc_col-xs-6&#8243; uncode_shortcode_id=&#8221;191462&#8243;][vc_single_image media=&#8221;5573&#8243; media_width_use_pixel=&#8221;yes&#8221; image=&#8221;4433&#8243; img_size=&#8221;full&#8221; css=&#8221;.vc_custom_1710325713700{margin-top: 8px !important;margin-bottom: 17px !important;}&#8221; el_class=&#8221;align-to-left&#8221; uncode_shortcode_id=&#8221;155088&#8243; media_width_pixel=&#8221;89&#8243;][vc_custom_heading heading_semantic=&#8221;div&#8221; text_font=&#8221;font-179873&#8243; text_size=&#8221;fontsize-30&#8243; text_height=&#8221;fontheight-30&#8243; uncode_shortcode_id=&#8221;721692&#8243;]Disl\u00e8xia[\/vc_custom_heading][\/vc_column][vc_column column_width_percent=&#8221;100&#8243; gutter_size=&#8221;2&#8243; overlay_alpha=&#8221;50&#8243; shift_x=&#8221;0&#8243; shift_y=&#8221;0&#8243; shift_y_down=&#8221;0&#8243; z_index=&#8221;0&#8243; medium_width=&#8221;0&#8243; mobile_width=&#8221;0&#8243; width=&#8221;1\/4&#8243; el_class=&#8221;icn-waw-funcionalidades&#8221; offset=&#8221;vc_col-xs-6&#8243; uncode_shortcode_id=&#8221;122726&#8243;][vc_single_image media=&#8221;5577&#8243; media_width_use_pixel=&#8221;yes&#8221; image=&#8221;4432&#8243; img_size=&#8221;full&#8221; css=&#8221;.vc_custom_1710325749792{margin-top: 17px !important;margin-bottom: 17px !important;}&#8221; el_class=&#8221;align-to-left icn-waw-funcionalidades&#8221; uncode_shortcode_id=&#8221;206052&#8243; media_width_pixel=&#8221;82&#8243;][vc_custom_heading heading_semantic=&#8221;div&#8221; text_font=&#8221;font-179873&#8243; text_size=&#8221;fontsize-30&#8243; text_height=&#8221;fontheight-30&#8243; uncode_shortcode_id=&#8221;866255&#8243;]Aprenentatge[\/vc_custom_heading][\/vc_column][\/vc_row][vc_row el_class=&#8221;mt-36 row-icons-wow&#8221;][vc_column column_width_percent=&#8221;100&#8243; gutter_size=&#8221;2&#8243; overlay_alpha=&#8221;50&#8243; shift_x=&#8221;0&#8243; shift_y=&#8221;0&#8243; shift_y_down=&#8221;0&#8243; z_index=&#8221;0&#8243; medium_width=&#8221;0&#8243; mobile_width=&#8221;0&#8243; width=&#8221;1\/4&#8243; el_class=&#8221;icn-waw-funcionalidades&#8221; offset=&#8221;vc_col-xs-6&#8243; uncode_shortcode_id=&#8221;102274&#8243;][vc_single_image media=&#8221;5571&#8243; media_width_use_pixel=&#8221;yes&#8221; image=&#8221;4430&#8243; img_size=&#8221;full&#8221; css=&#8221;.vc_custom_1710326094312{margin-top: 9px !important;margin-bottom: 17px !important;}&#8221; el_class=&#8221;align-to-left&#8221; uncode_shortcode_id=&#8221;213774&#8243; media_width_pixel=&#8221;81&#8243;][vc_custom_heading heading_semantic=&#8221;div&#8221; text_font=&#8221;font-179873&#8243; text_size=&#8221;fontsize-30&#8243; text_height=&#8221;fontheight-30&#8243; uncode_shortcode_id=&#8221;151028&#8243;]Epilepsia[\/vc_custom_heading][\/vc_column][vc_column column_width_percent=&#8221;100&#8243; gutter_size=&#8221;2&#8243; overlay_alpha=&#8221;50&#8243; shift_x=&#8221;0&#8243; shift_y=&#8221;0&#8243; shift_y_down=&#8221;0&#8243; z_index=&#8221;0&#8243; medium_width=&#8221;0&#8243; mobile_width=&#8221;0&#8243; width=&#8221;1\/4&#8243; el_class=&#8221;icn-waw-funcionalidades&#8221; offset=&#8221;vc_col-xs-6&#8243; uncode_shortcode_id=&#8221;764934&#8243;][vc_single_image media=&#8221;5575&#8243; media_width_use_pixel=&#8221;yes&#8221; image=&#8221;4431&#8243; img_size=&#8221;full&#8221; css=&#8221;.vc_custom_1710325763950{margin-bottom: 17px !important;}&#8221; el_class=&#8221;align-to-left&#8221; uncode_shortcode_id=&#8221;489416&#8243; media_width_pixel=&#8221;74&#8243;][vc_custom_heading heading_semantic=&#8221;div&#8221; text_font=&#8221;font-179873&#8243; text_size=&#8221;fontsize-30&#8243; text_height=&#8221;fontheight-30&#8243; uncode_shortcode_id=&#8221;122521&#8243;]Discapacitat motora[\/vc_custom_heading][\/vc_column][vc_column column_width_percent=&#8221;100&#8243; gutter_size=&#8221;2&#8243; overlay_alpha=&#8221;50&#8243; shift_x=&#8221;0&#8243; shift_y=&#8221;0&#8243; shift_y_down=&#8221;0&#8243; z_index=&#8221;0&#8243; medium_width=&#8221;0&#8243; mobile_width=&#8221;0&#8243; width=&#8221;1\/4&#8243; el_class=&#8221;icn-waw-funcionalidades&#8221; offset=&#8221;vc_col-xs-6&#8243; uncode_shortcode_id=&#8221;126657&#8243;][vc_single_image media=&#8221;5572&#8243; media_width_use_pixel=&#8221;yes&#8221; image=&#8221;4429&#8243; img_size=&#8221;full&#8221; css=&#8221;.vc_custom_1710325794597{margin-top: 1px !important;margin-bottom: 17px !important;}&#8221; el_class=&#8221;align-to-left&#8221; uncode_shortcode_id=&#8221;132772&#8243; media_width_pixel=&#8221;81&#8243;][vc_custom_heading heading_semantic=&#8221;div&#8221; text_font=&#8221;font-179873&#8243; text_size=&#8221;fontsize-30&#8243; text_height=&#8221;fontheight-30&#8243; uncode_shortcode_id=&#8221;184333&#8243;]Disl\u00e8xia[\/vc_custom_heading][\/vc_column][vc_column column_width_percent=&#8221;100&#8243; gutter_size=&#8221;2&#8243; overlay_alpha=&#8221;50&#8243; shift_x=&#8221;0&#8243; shift_y=&#8221;0&#8243; shift_y_down=&#8221;0&#8243; z_index=&#8221;0&#8243; medium_width=&#8221;0&#8243; mobile_width=&#8221;0&#8243; width=&#8221;1\/4&#8243; el_class=&#8221;icn-waw-funcionalidades&#8221; offset=&#8221;vc_col-xs-6&#8243; uncode_shortcode_id=&#8221;121190&#8243;][vc_single_image media=&#8221;5570&#8243; media_width_use_pixel=&#8221;yes&#8221; image=&#8221;4428&#8243; img_size=&#8221;full&#8221; css=&#8221;.vc_custom_1710325809562{margin-top: 9px !important;margin-bottom: 17px !important;}&#8221; el_class=&#8221;align-to-left&#8221; uncode_shortcode_id=&#8221;709088&#8243; media_width_pixel=&#8221;82&#8243;][vc_custom_heading heading_semantic=&#8221;div&#8221; text_font=&#8221;font-179873&#8243; text_size=&#8221;fontsize-30&#8243; text_height=&#8221;fontheight-30&#8243; uncode_shortcode_id=&#8221;521746&#8243;]TDAH[\/vc_custom_heading][\/vc_column][\/vc_row][vc_row el_class=&#8221;mt-72&#8243;][vc_column width=&#8221;7\/12&#8243;][vc_custom_heading text_font=&#8221;font-179873&#8243; text_size=&#8221;fontsize-50&#8243; text_height=&#8221;fontheight-50&#8243; uncode_shortcode_id=&#8221;158047&#8243;]Perfils d&#8217;accessibilitat[\/vc_custom_heading][vc_column_text uncode_shortcode_id=&#8221;526651&#8243;]S\u00f3n conjunts predefinits de configuracions i ajustos que permeten a les persones amb discapacitats personalitzar l&#8217;experi\u00e8ncia d&#8217;\u00fas de dispositius i programari d&#8217;acord amb les seves necessitats espec\u00edfiques. Aquests perfils estan dissenyats per fer que la tecnologia sigui m\u00e9s accessible i usable per a una \u00e0mplia gamma d&#8217;usuaris amb discapacitats.[\/vc_column_text][\/vc_column][vc_column column_width_percent=&#8221;100&#8243; gutter_size=&#8221;3&#8243; overlay_alpha=&#8221;50&#8243; shift_x=&#8221;0&#8243; shift_y=&#8221;0&#8243; shift_y_down=&#8221;0&#8243; z_index=&#8221;0&#8243; align_medium=&#8221;align_center_tablet&#8221; medium_width=&#8221;0&#8243; align_mobile=&#8221;align_center_mobile&#8221; mobile_width=&#8221;0&#8243; width=&#8221;5\/12&#8243; uncode_shortcode_id=&#8221;253296&#8243;][vc_single_image media=&#8221;5569&#8243; media_width_use_pixel=&#8221;yes&#8221; alignment=&#8221;right&#8221; image=&#8221;4450&#8243; img_size=&#8221;full&#8221; el_class=&#8221;align-to-left text-sm-center&#8221; uncode_shortcode_id=&#8221;561887&#8243; media_width_pixel=&#8221;274&#8243;][\/vc_column][\/vc_row][vc_row el_class=&#8221;mt-72&#8243;][vc_column width=&#8221;7\/12&#8243;][vc_custom_heading text_font=&#8221;font-179873&#8243; text_size=&#8221;fontsize-50&#8243; text_height=&#8221;fontheight-50&#8243; uncode_shortcode_id=&#8221;133324&#8243;]Ajust de Navegaci\u00f3[\/vc_custom_heading][vc_column_text uncode_shortcode_id=&#8221;161866&#8243;]Configuracions i caracter\u00edstiques dissenyades per facilitar la navegaci\u00f3 i la interacci\u00f3 amb dispositius, aplicacions i llocs web per a persones amb discapacitats. Aquests ajustos poden incloure diverses opcions que fan que la navegaci\u00f3 sigui m\u00e9s intu\u00eftiva i accessible per a usuaris amb discapacitats motores, visuals, auditives o cognitives.[\/vc_column_text][\/vc_column][vc_column width=&#8221;5\/12&#8243;][vc_single_image media=&#8221;5568&#8243; media_width_use_pixel=&#8221;yes&#8221; alignment=&#8221;right&#8221; image=&#8221;4451&#8243; img_size=&#8221;full&#8221; el_class=&#8221;align-to-left text-sm-center&#8221; uncode_shortcode_id=&#8221;957974&#8243; media_width_pixel=&#8221;274&#8243;][\/vc_column][\/vc_row][vc_row el_class=&#8221;mt-72&#8243;][vc_column width=&#8221;7\/12&#8243;][vc_custom_heading text_font=&#8221;font-179873&#8243; text_size=&#8221;fontsize-50&#8243; text_height=&#8221;fontheight-50&#8243; uncode_shortcode_id=&#8221;180403&#8243;]Ajust de color[\/vc_custom_heading][vc_column_text uncode_shortcode_id=&#8221;168134&#8243;]Configuracions que permeten a les persones amb discapacitats visuals, cognitives o sensorials adaptar la visualitzaci\u00f3 de la pantalla de dispositius electr\u00f2nics segons les seves necessitats individuals. Aquests ajustos se centren en millorar la llegibilitat, reduir la fatiga visual i facilitar la identificaci\u00f3 d&#8217;elements importants a la pantalla.[\/vc_column_text][\/vc_column][vc_column width=&#8221;5\/12&#8243;][vc_single_image media=&#8221;5567&#8243; media_width_use_pixel=&#8221;yes&#8221; alignment=&#8221;right&#8221; image=&#8221;4453&#8243; img_size=&#8221;full&#8221; el_class=&#8221;align-to-left text-sm-center&#8221; uncode_shortcode_id=&#8221;317495&#8243; media_width_pixel=&#8221;275&#8243;][\/vc_column][\/vc_row][vc_row row_height_percent=&#8221;0&#8243; override_padding=&#8221;yes&#8221; h_padding=&#8221;2&#8243; top_padding=&#8221;2&#8243; bottom_padding=&#8221;3&#8243; overlay_alpha=&#8221;50&#8243; gutter_size=&#8221;3&#8243; column_width_percent=&#8221;100&#8243; shift_y=&#8221;0&#8243; z_index=&#8221;0&#8243; el_class=&#8221;mt-72&#8243; uncode_shortcode_id=&#8221;737033&#8243;][vc_column width=&#8221;7\/12&#8243;][vc_custom_heading text_font=&#8221;font-179873&#8243; text_size=&#8221;fontsize-50&#8243; text_height=&#8221;fontheight-50&#8243; uncode_shortcode_id=&#8221;560433&#8243;]Ajust de contingut[\/vc_custom_heading][vc_column_text uncode_shortcode_id=&#8221;192395&#8243;]Es refereixen a diverses pr\u00e0ctiques i t\u00e8cniques utilitzades per fer que el contingut digital, com llocs web, aplicacions i documents, sigui m\u00e9s accessible per a persones amb discapacitats. Aquests ajustos se centren a proporcionar alternatives i millorar l&#8217;experi\u00e8ncia d&#8217;usuari per a aquells amb discapacitats visuals, auditives, motores o cognitives.[\/vc_column_text][vc_button button_color=&#8221;color-black-Three&#8221; border_width=&#8221;3&#8243; display=&#8221;inline&#8221; inline_mobile=&#8221;yes&#8221; button_color_type=&#8221;uncode-palette&#8221; uncode_shortcode_id=&#8221;114048&#8243; el_class=&#8221;btn-no-border-black mt-40&#8243; link=&#8221;url:https%3A%2F%2Fwww.tuwebaccesible.es%2Fweallweb%2F%23prueba&#8221;]Sol\u00b7licita una demostraci\u00f3[\/vc_button][\/vc_column][vc_column width=&#8221;5\/12&#8243;][vc_single_image media=&#8221;5566&#8243; media_width_use_pixel=&#8221;yes&#8221; alignment=&#8221;right&#8221; image=&#8221;4454&#8243; img_size=&#8221;full&#8221; el_class=&#8221;align-to-left text-sm-center&#8221; el_id=&#8221;img-ajuste-contenido&#8221; uncode_shortcode_id=&#8221;122385&#8243; media_width_pixel=&#8221;277&#8243;][\/vc_column][\/vc_row][vc_section back_color=&#8221;color-light-lavender-Two&#8221; overlay_alpha=&#8221;50&#8243; uncode_shortcode_id=&#8221;134484&#8243; back_color_type=&#8221;uncode-palette&#8221;][vc_row row_height_percent=&#8221;0&#8243; override_padding=&#8221;yes&#8221; h_padding=&#8221;2&#8243; top_padding=&#8221;3&#8243; bottom_padding=&#8221;3&#8243; overlay_alpha=&#8221;50&#8243; gutter_size=&#8221;3&#8243; column_width_percent=&#8221;100&#8243; shift_y=&#8221;0&#8243; z_index=&#8221;0&#8243; uncode_shortcode_id=&#8221;108911&#8243;][vc_column column_width_percent=&#8221;100&#8243; position_vertical=&#8221;bottom&#8221; gutter_size=&#8221;3&#8243; overlay_alpha=&#8221;50&#8243; shift_x=&#8221;0&#8243; shift_y=&#8221;0&#8243; shift_y_down=&#8221;0&#8243; z_index=&#8221;0&#8243; medium_width=&#8221;0&#8243; mobile_width=&#8221;0&#8243; width=&#8221;2\/3&#8243; uncode_shortcode_id=&#8221;118176&#8243;][vc_custom_heading text_font=&#8221;font-179873&#8243; text_size=&#8221;fontsize-50&#8243; text_height=&#8221;fontheight-50&#8243; uncode_shortcode_id=&#8221;250627&#8243;]Certificat d&#8217;accessibilitat[\/vc_custom_heading][vc_column_text uncode_shortcode_id=&#8221;102846&#8243; el_class=&#8221;fontisize-18 fontheight-28&#8243; css=&#8221;.vc_custom_1732619574194{margin-top: 10px !important;}&#8221;]Reconeix i valida que el lloc web compleix amb certs est\u00e0ndards i pautes d&#8217;accessibilitat per a persones amb discapacitats. Aquest certificat \u00e9s important perqu\u00e8 demostra el comprom\u00eds d&#8217;una organitzaci\u00f3 o entitat amb la inclusi\u00f3 i l&#8217;accessibilitat universal.[\/vc_column_text][vc_button button_color=&#8221;color-black-Three&#8221; border_width=&#8221;3&#8243; display=&#8221;inline&#8221; inline_mobile=&#8221;yes&#8221; button_color_type=&#8221;uncode-palette&#8221; uncode_shortcode_id=&#8221;240404&#8243; el_class=&#8221;btn-no-border-black mt-40&#8243; link=&#8221;url:https%3A%2F%2Fwww.tuwebaccesible.es%2Fcertificacion-de-accesibilidad-web%2F&#8221;]M\u00e9s informaci\u00f3[\/vc_button][\/vc_column][vc_column width=&#8221;1\/3&#8243;][vc_single_image media=&#8221;5265&#8243; media_width_use_pixel=&#8221;yes&#8221; uncode_shortcode_id=&#8221;120057&#8243; media_width_pixel=&#8221;276&#8243; el_id=&#8221;img-wcag-home&#8221; el_class=&#8221;text-sm-center&#8221;][\/vc_column][\/vc_row][\/vc_section][vc_section][vc_row][vc_column width=&#8221;1\/1&#8243;][uncode_block id=&#8221;5652&#8243;][\/vc_column][\/vc_row][\/vc_section]<\/p>\n<\/div>","protected":false},"excerpt":{"rendered":"<p>[vc_row row_height_percent=&#8221;0&#8243; override_padding=&#8221;yes&#8221; h_padding=&#8221;2&#8243; top_padding=&#8221;2&#8243; bottom_padding=&#8221;0&#8243; overlay_alpha=&#8221;50&#8243; gutter_size=&#8221;3&#8243; column_width_percent=&#8221;100&#8243; shift_y=&#8221;0&#8243; z_index=&#8221;0&#8243; el_class=&#8221;mt-36&#8243; uncode_shortcode_id=&#8221;204663&#8243;][vc_column][vc_single_image media=&#8221;5564&#8243; media_width_use_pixel=&#8221;yes&#8221; image=&#8221;3636&#8243; img_size=&#8221;full&#8221; el_class=&#8221;align-to-left&#8221; uncode_shortcode_id=&#8221;327356&#8243; media_width_pixel=&#8221;231&#8243;][\/vc_column][\/vc_row][vc_row][vc_column][vc_custom_heading [&hellip;]<\/p>\n","protected":false},"author":4,"featured_media":0,"parent":0,"menu_order":0,"comment_status":"closed","ping_status":"closed","template":"","meta":{"_acf_changed":false,"footnotes":""},"class_list":["post-8140","page","type-page","status-publish","hentry"],"acf":[],"_form":null,"_mail":null,"_mail_2":null,"_messages":null,"_additional_settings":null,"_locale":null,"migrate_from_cf7_redirect":null,"_hash":null,"_links":{"self":[{"href":"https:\/\/www.tuwebaccesible.es\/cat\/wp-json\/wp\/v2\/pages\/8140","targetHints":{"allow":["GET"]}}],"collection":[{"href":"https:\/\/www.tuwebaccesible.es\/cat\/wp-json\/wp\/v2\/pages"}],"about":[{"href":"https:\/\/www.tuwebaccesible.es\/cat\/wp-json\/wp\/v2\/types\/page"}],"author":[{"embeddable":true,"href":"https:\/\/www.tuwebaccesible.es\/cat\/wp-json\/wp\/v2\/users\/4"}],"replies":[{"embeddable":true,"href":"https:\/\/www.tuwebaccesible.es\/cat\/wp-json\/wp\/v2\/comments?post=8140"}],"version-history":[{"count":1,"href":"https:\/\/www.tuwebaccesible.es\/cat\/wp-json\/wp\/v2\/pages\/8140\/revisions"}],"predecessor-version":[{"id":8181,"href":"https:\/\/www.tuwebaccesible.es\/cat\/wp-json\/wp\/v2\/pages\/8140\/revisions\/8181"}],"wp:attachment":[{"href":"https:\/\/www.tuwebaccesible.es\/cat\/wp-json\/wp\/v2\/media?parent=8140"}],"curies":[{"name":"wp","href":"https:\/\/api.w.org\/{rel}","templated":true}]}}