{"id":8126,"date":"2024-10-21T14:09:57","date_gmt":"2024-10-21T14:09:57","guid":{"rendered":"https:\/\/www.tuwebaccesible.es\/politica-de-privacitat\/"},"modified":"2024-12-05T09:07:05","modified_gmt":"2024-12-05T09:07:05","slug":"politica-de-privacitat","status":"publish","type":"page","link":"https:\/\/www.tuwebaccesible.es\/cat\/politica-de-privacitat\/","title":{"rendered":"Pol\u00edtica de privacitat"},"content":{"rendered":"<div class=\"wpb-content-wrapper\"><p>[vc_section][vc_row row_height_percent=&#8221;0&#8243; override_padding=&#8221;yes&#8221; h_padding=&#8221;2&#8243; top_padding=&#8221;3&#8243; bottom_padding=&#8221;1&#8243; overlay_alpha=&#8221;50&#8243; gutter_size=&#8221;3&#8243; column_width_percent=&#8221;100&#8243; shift_y=&#8221;0&#8243; z_index=&#8221;0&#8243; content_parallax=&#8221;0&#8243; uncode_shortcode_id=&#8221;129007&#8243;][vc_column column_width_percent=&#8221;100&#8243; gutter_size=&#8221;1&#8243; overlay_alpha=&#8221;50&#8243; shift_x=&#8221;0&#8243; shift_y=&#8221;0&#8243; shift_y_down=&#8221;0&#8243; z_index=&#8221;0&#8243; medium_width=&#8221;0&#8243; mobile_width=&#8221;0&#8243; width=&#8221;1\/1&#8243; uncode_shortcode_id=&#8221;468056&#8243;][vc_custom_heading text_font=&#8221;font-179873&#8243; text_size=&#8221;fontsize-25&#8243; text_weight=&#8221;600&#8243; uncode_shortcode_id=&#8221;173829&#8243;]Qui \u00e9s el RESPONSABLE del tractament de les seves dades?[\/vc_custom_heading][vc_column_text uncode_shortcode_id=&#8221;131985&#8243; css=&#8221;.vc_custom_1732622369368{margin-top: 20px !important;}&#8221; el_class=&#8221;fontheight-28&#8243;]<strong>Taller de Ideas para la Red S.L.<\/strong>, d&#8217;ara endavant RESPONSABLE, \u00e9s el Responsable del tractament de les dades personals de l&#8217;Usuari i l&#8217;informa que aquestes dades seran tractades de conformitat amb el que disposen les normatives vigents en protecci\u00f3 de dades personals, el Reglament (UE) 2016\/679 de 27 d&#8217;abril de 2016 (GDPR) relatiu a la protecci\u00f3 de les persones f\u00edsiques pel que fa al tractament de dades personals i a la lliure circulaci\u00f3 d&#8217;aquestes dades i la Llei Org\u00e0nica 3\/2018, de 5 de desembre, de Protecci\u00f3 de Dades Personals i garantia dels drets digitals (LOPDGDD).<\/p>\n<p>Identitat: <strong>Taller de Ideas para la Red S.L.\u2013 CIF B04723896<\/strong><\/p>\n<p>Adre\u00e7a Postal: <strong><span class=\"LrzXr\">Carrer San Pedro, 11, 04001 Almeria<\/span><\/strong><\/p>\n<p>Tel\u00e8fon: <a href=\"tel:+34637816500\"><strong>+34 637 816 500<\/strong><\/a><\/p>\n<p>Correu Electr\u00f2nic de Contacte: <a href=\"mailto:hola@tuwebaccesible.es\"><strong>hola@tuwebaccesible.es<\/strong><\/a>[\/vc_column_text][\/vc_column][\/vc_row][\/vc_section][vc_section][vc_row row_height_percent=&#8221;0&#8243; override_padding=&#8221;yes&#8221; h_padding=&#8221;2&#8243; top_padding=&#8221;2&#8243; bottom_padding=&#8221;1&#8243; overlay_alpha=&#8221;50&#8243; gutter_size=&#8221;3&#8243; column_width_percent=&#8221;100&#8243; shift_y=&#8221;0&#8243; z_index=&#8221;0&#8243; content_parallax=&#8221;0&#8243; uncode_shortcode_id=&#8221;138482&#8243;][vc_column column_width_percent=&#8221;100&#8243; gutter_size=&#8221;1&#8243; overlay_alpha=&#8221;50&#8243; shift_x=&#8221;0&#8243; shift_y=&#8221;0&#8243; shift_y_down=&#8221;0&#8243; z_index=&#8221;0&#8243; medium_width=&#8221;0&#8243; mobile_width=&#8221;0&#8243; width=&#8221;1\/1&#8243; uncode_shortcode_id=&#8221;468056&#8243;][vc_custom_heading text_font=&#8221;font-179873&#8243; text_size=&#8221;fontsize-25&#8243; text_weight=&#8221;600&#8243; uncode_shortcode_id=&#8221;144784&#8243;]Amb quina FINALITAT tractem les seves dades personals?[\/vc_custom_heading][vc_column_text uncode_shortcode_id=&#8221;204669&#8243; css=&#8221;.vc_custom_1732622402012{margin-top: 20px !important;}&#8221; el_class=&#8221;fontheight-28&#8243;]En <strong>Taller de Ideas para la Red S.L.<\/strong> utilitzem la seva informaci\u00f3 exclusivament per mantenir una relaci\u00f3 comercial amb l&#8217;interessat i informar-lo dels productes i serveis que li podrien interessar. Les operacions previstes per realitzar el tractament s\u00f3n:<\/p>\n<ul>\n<li>Enviament de comunicacions comercials publicit\u00e0ries per correu electr\u00f2nic, fax, SMS, MMS, comunitats socials o qualsevol altre mitj\u00e0 electr\u00f2nic o f\u00edsic, present o futur, que permeti realitzar comunicacions comercials. Aquestes comunicacions seran realitzades pel RESPONSABLE i relacionades sobre els seus productes i serveis, o dels seus col\u00b7laboradors o prove\u00efdors amb els que aquest hagi aconseguit algun acord de promoci\u00f3. En aquest cas, els tercers mai no tindran acc\u00e9s a les dades personals.<\/li>\n<li>Realitzar estudis estad\u00edstics.<\/li>\n<li>Tramitar enc\u00e0rrecs, sol\u00b7licituds o qualsevol tipus de petici\u00f3 que sigui realitzada per l&#8217;usuari a trav\u00e9s de qualsevol de les formes de contacte que es posen a la seva disposici\u00f3.<\/li>\n<\/ul>\n<p>[\/vc_column_text][\/vc_column][\/vc_row][\/vc_section][vc_section][vc_row row_height_percent=&#8221;0&#8243; override_padding=&#8221;yes&#8221; h_padding=&#8221;2&#8243; top_padding=&#8221;2&#8243; bottom_padding=&#8221;1&#8243; overlay_alpha=&#8221;50&#8243; gutter_size=&#8221;3&#8243; column_width_percent=&#8221;100&#8243; shift_y=&#8221;0&#8243; z_index=&#8221;0&#8243; content_parallax=&#8221;0&#8243; uncode_shortcode_id=&#8221;138482&#8243;][vc_column column_width_percent=&#8221;100&#8243; gutter_size=&#8221;1&#8243; overlay_alpha=&#8221;50&#8243; shift_x=&#8221;0&#8243; shift_y=&#8221;0&#8243; shift_y_down=&#8221;0&#8243; z_index=&#8221;0&#8243; medium_width=&#8221;0&#8243; mobile_width=&#8221;0&#8243; width=&#8221;1\/1&#8243; uncode_shortcode_id=&#8221;468056&#8243;][vc_custom_heading text_font=&#8221;font-179873&#8243; text_size=&#8221;fontsize-25&#8243; text_weight=&#8221;600&#8243; uncode_shortcode_id=&#8221;163938&#8243;]Quina \u00e9s la nostra LEGITIMACI\u00d3 per al tractament de les seves dades?[\/vc_custom_heading][vc_column_text uncode_shortcode_id=&#8221;160228&#8243; css=&#8221;.vc_custom_1732622440915{margin-top: 20px !important;}&#8221; el_class=&#8221;fontheight-28&#8243;]En <strong>Taller de Ideas para la Red S.L.<\/strong> utilitzem la seva informaci\u00f3 exclusivament per mantenir una relaci\u00f3 comercial amb l&#8217;interessat i informar-lo dels productes i serveis que li podrien interessar. Les operacions previstes per realitzar el tractament s\u00f3n:<\/p>\n<ul>\n<li>Enviament de comunicacions comercials publicit\u00e0ries per correu electr\u00f2nic, fax, SMS, MMS, comunitats socials o qualsevol altre mitj\u00e0 electr\u00f2nic o f\u00edsic, present o futur, que permeti realitzar comunicacions comercials. Aquestes comunicacions seran realitzades pel RESPONSABLE i relacionades sobre els seus productes i serveis, o dels seus col\u00b7laboradors o prove\u00efdors amb els que aquest hagi aconseguit algun acord de promoci\u00f3. En aquest cas, els tercers mai no tindran acc\u00e9s a les dades personals.<\/li>\n<li>Realitzar estudis estad\u00edstics.<\/li>\n<li>Tramitar enc\u00e0rrecs, sol\u00b7licituds o qualsevol tipus de petici\u00f3 que sigui realitzada per l&#8217;usuari a trav\u00e9s de qualsevol de les formes de contacte que es posen a la seva disposici\u00f3.<\/li>\n<\/ul>\n<p>[\/vc_column_text][\/vc_column][\/vc_row][\/vc_section][vc_section][vc_row row_height_percent=&#8221;0&#8243; override_padding=&#8221;yes&#8221; h_padding=&#8221;2&#8243; top_padding=&#8221;2&#8243; bottom_padding=&#8221;1&#8243; overlay_alpha=&#8221;50&#8243; gutter_size=&#8221;3&#8243; column_width_percent=&#8221;100&#8243; shift_y=&#8221;0&#8243; z_index=&#8221;0&#8243; content_parallax=&#8221;0&#8243; uncode_shortcode_id=&#8221;138482&#8243;][vc_column column_width_percent=&#8221;100&#8243; gutter_size=&#8221;1&#8243; overlay_alpha=&#8221;50&#8243; shift_x=&#8221;0&#8243; shift_y=&#8221;0&#8243; shift_y_down=&#8221;0&#8243; z_index=&#8221;0&#8243; medium_width=&#8221;0&#8243; mobile_width=&#8221;0&#8243; width=&#8221;1\/1&#8243; uncode_shortcode_id=&#8221;468056&#8243;][vc_custom_heading text_font=&#8221;font-179873&#8243; text_size=&#8221;fontsize-25&#8243; text_weight=&#8221;600&#8243; uncode_shortcode_id=&#8221;152968&#8243;]Per quant TEMPS conservem les dades?[\/vc_custom_heading][vc_column_text uncode_shortcode_id=&#8221;112476&#8243; css=&#8221;.vc_custom_1732622469994{margin-top: 20px !important;}&#8221; el_class=&#8221;fontheight-28&#8243;]Les dades es conservaran mentre l&#8217;interessat no sol\u00b7liciti la seva supressi\u00f3, i en el seu cas, durant els anys necessaris per complir amb les obligacions legals.[\/vc_column_text][\/vc_column][\/vc_row][\/vc_section][vc_section][vc_row row_height_percent=&#8221;0&#8243; override_padding=&#8221;yes&#8221; h_padding=&#8221;2&#8243; top_padding=&#8221;2&#8243; bottom_padding=&#8221;1&#8243; overlay_alpha=&#8221;50&#8243; gutter_size=&#8221;3&#8243; column_width_percent=&#8221;100&#8243; shift_y=&#8221;0&#8243; z_index=&#8221;0&#8243; content_parallax=&#8221;0&#8243; uncode_shortcode_id=&#8221;138482&#8243;][vc_column column_width_percent=&#8221;100&#8243; gutter_size=&#8221;1&#8243; overlay_alpha=&#8221;50&#8243; shift_x=&#8221;0&#8243; shift_y=&#8221;0&#8243; shift_y_down=&#8221;0&#8243; z_index=&#8221;0&#8243; medium_width=&#8221;0&#8243; mobile_width=&#8221;0&#8243; width=&#8221;1\/1&#8243; uncode_shortcode_id=&#8221;468056&#8243;][vc_custom_heading text_font=&#8221;font-179873&#8243; text_size=&#8221;fontsize-25&#8243; text_weight=&#8221;600&#8243; uncode_shortcode_id=&#8221;645578&#8243;]Quins s\u00f3n els seus DRETS quan ens facilita les seves dades?[\/vc_custom_heading][vc_column_text uncode_shortcode_id=&#8221;184124&#8243; css=&#8221;.vc_custom_1732622509940{margin-top: 20px !important;}&#8221; el_class=&#8221;fontheight-28&#8243;]<\/p>\n<ul>\n<li>T\u00e9 dret a accedir, rectificar i suprimir les dades, aix\u00ed com altres drets, indicats en la informaci\u00f3 addicional, que pot exercir dirigint-se davant el RESPONSABLE.<\/li>\n<li>Qualsevol persona t\u00e9 dret a obtenir confirmaci\u00f3 sobre si a TALLER DE IDEAS PARA LA RED, SL estem tractant, o no, dades personals que els concerneixin.<\/li>\n<li>Les persones interessades tenen dret a accedir a les seves dades personals, aix\u00ed com a sol\u00b7licitar la rectificaci\u00f3 de les dades inexactes o, si escau, sol\u00b7licitar la seva supressi\u00f3 quan, entre altres motius, les dades ja no siguin necess\u00e0ries per als fins per als quals van ser recollides. Igualment t\u00e9 dret a la portabilitat de les seves dades.<\/li>\n<li>En determinades circumst\u00e0ncies, els interessats podran sol\u00b7licitar la limitaci\u00f3 del tractament de les seves dades, en aquest cas nom\u00e9s les conservarem per a l&#8217;exercici o la defensa de reclamacions.<\/li>\n<li>En determinades circumst\u00e0ncies i per motius relacionats amb la seva situaci\u00f3 particular, els interessats podran oposar-se al tractament de les seves dades. En aquest cas, TALLER DE IDEAS PARA LA RED, SL deixar\u00e0 de tractar les dades, llevat que hi hagi motius leg\u00edtims imperiosos, o l&#8217;exercici o la defensa de possibles reclamacions.<\/li>\n<li>Podr\u00e0 exercitar materialment els seus drets de la seg\u00fcent manera: dirigint-se a l&#8217;adre\u00e7a del responsable del tractament.<\/li>\n<li>Quan es realitzi l&#8217;enviament de comunicacions comercials utilitzant com a base jur\u00eddica l&#8217;inter\u00e8s leg\u00edtim del responsable, l&#8217;interessat podr\u00e0 oposar-se al tractament de les seves dades amb aquesta finalitat.<\/li>\n<li>Si ha atorgat el seu consentiment per a alguna finalitat concreta, t\u00e9 dret a retirar el consentiment atorgat en qualsevol moment, sense que aix\u00f2 afecti la licitud del tractament basat en el consentiment previ a la seva retirada.<\/li>\n<li>En cas que senti vulnerats els seus drets pel que fa a la protecci\u00f3 de les seves dades personals, especialment quan no hagi obtingut satisfacci\u00f3 en l&#8217;exercici dels seus drets, pot presentar una reclamaci\u00f3 davant l&#8217;Autoritat de Control en mat\u00e8ria de Protecci\u00f3 de Dades competent a trav\u00e9s del seu lloc web: <a href=\"http:\/\/www.aepd.es\" target=\"_blank\" rel=\"noopener\">www.aepd.es<\/a>.<\/li>\n<\/ul>\n<p>[\/vc_column_text][\/vc_column][\/vc_row][\/vc_section][vc_section][vc_row row_height_percent=&#8221;0&#8243; override_padding=&#8221;yes&#8221; h_padding=&#8221;2&#8243; top_padding=&#8221;2&#8243; bottom_padding=&#8221;1&#8243; overlay_alpha=&#8221;50&#8243; gutter_size=&#8221;3&#8243; column_width_percent=&#8221;100&#8243; shift_y=&#8221;0&#8243; z_index=&#8221;0&#8243; content_parallax=&#8221;0&#8243; uncode_shortcode_id=&#8221;138482&#8243;][vc_column column_width_percent=&#8221;100&#8243; gutter_size=&#8221;1&#8243; overlay_alpha=&#8221;50&#8243; shift_x=&#8221;0&#8243; shift_y=&#8221;0&#8243; shift_y_down=&#8221;0&#8243; z_index=&#8221;0&#8243; medium_width=&#8221;0&#8243; mobile_width=&#8221;0&#8243; width=&#8221;1\/1&#8243; uncode_shortcode_id=&#8221;468056&#8243;][vc_custom_heading text_font=&#8221;font-179873&#8243; text_size=&#8221;fontsize-25&#8243; text_weight=&#8221;600&#8243; uncode_shortcode_id=&#8221;202163&#8243;]Com hem obtingut les seves dades?[\/vc_custom_heading][vc_column_text uncode_shortcode_id=&#8221;228545&#8243; css=&#8221;.vc_custom_1732622545075{margin-top: 20px !important;}&#8221; el_class=&#8221;fontheight-28&#8243;]Les dades personals que tractem a TALLER DE IDEAS PARA LA RED, SL procedeixen de: Dels propis clients.<br \/>\nLes categories de dades que es tracten s\u00f3n:<\/p>\n<ul>\n<li>Dades identificatives.<\/li>\n<li>Adreces postals i electr\u00f2niques.<\/li>\n<li>Informaci\u00f3 comercial.<\/li>\n<\/ul>\n<p>No es tracten categories especials de dades personals (s\u00f3n aquelles dades que revelen l&#8217;origen \u00e8tnic o racial, les opinions pol\u00edtiques, les conviccions religioses o filos\u00f2fiques, o l&#8217;afiliaci\u00f3 sindical, dades gen\u00e8tiques, dades biom\u00e8triques dirigides a identificar de manera inequ\u00edvoca una persona f\u00edsica, dades relatives a la salut o dades relatives a la vida sexual o l&#8217;orientaci\u00f3 sexual d&#8217;una persona f\u00edsica).[\/vc_column_text][\/vc_column][\/vc_row][\/vc_section][vc_section][vc_row row_height_percent=&#8221;0&#8243; override_padding=&#8221;yes&#8221; h_padding=&#8221;2&#8243; top_padding=&#8221;2&#8243; bottom_padding=&#8221;1&#8243; overlay_alpha=&#8221;50&#8243; gutter_size=&#8221;3&#8243; column_width_percent=&#8221;100&#8243; shift_y=&#8221;0&#8243; z_index=&#8221;0&#8243; content_parallax=&#8221;0&#8243; uncode_shortcode_id=&#8221;138482&#8243;][vc_column column_width_percent=&#8221;100&#8243; gutter_size=&#8221;1&#8243; overlay_alpha=&#8221;50&#8243; shift_x=&#8221;0&#8243; shift_y=&#8221;0&#8243; shift_y_down=&#8221;0&#8243; z_index=&#8221;0&#8243; medium_width=&#8221;0&#8243; mobile_width=&#8221;0&#8243; width=&#8221;1\/1&#8243; uncode_shortcode_id=&#8221;468056&#8243;][vc_custom_heading text_font=&#8221;font-179873&#8243; text_size=&#8221;fontsize-25&#8243; text_weight=&#8221;600&#8243; uncode_shortcode_id=&#8221;132782&#8243;]A quins destinataris es comunicaran les seves dades?[\/vc_custom_heading][vc_column_text uncode_shortcode_id=&#8221;120649&#8243; css=&#8221;.vc_custom_1732622583378{margin-top: 20px !important;}&#8221; el_class=&#8221;fontheight-28&#8243;]\u00danicament a aquelles autoritats en qu\u00e8 sigui necessari perqu\u00e8:<\/p>\n<ul>\n<li>Les mateixes ho requereixin al RESPONSABLE.<\/li>\n<li>I\/o per complir el RESPONSABLE amb una obligaci\u00f3 legal.<\/li>\n<\/ul>\n<p>[\/vc_column_text][\/vc_column][\/vc_row][\/vc_section][vc_section][vc_row row_height_percent=&#8221;0&#8243; override_padding=&#8221;yes&#8221; h_padding=&#8221;2&#8243; top_padding=&#8221;2&#8243; bottom_padding=&#8221;3&#8243; overlay_alpha=&#8221;50&#8243; gutter_size=&#8221;3&#8243; column_width_percent=&#8221;100&#8243; shift_y=&#8221;0&#8243; z_index=&#8221;0&#8243; content_parallax=&#8221;0&#8243; uncode_shortcode_id=&#8221;674469&#8243;][vc_column column_width_percent=&#8221;100&#8243; gutter_size=&#8221;1&#8243; overlay_alpha=&#8221;50&#8243; shift_x=&#8221;0&#8243; shift_y=&#8221;0&#8243; shift_y_down=&#8221;0&#8243; z_index=&#8221;0&#8243; medium_width=&#8221;0&#8243; mobile_width=&#8221;0&#8243; width=&#8221;1\/1&#8243; uncode_shortcode_id=&#8221;468056&#8243;][vc_custom_heading text_font=&#8221;font-179873&#8243; text_size=&#8221;fontsize-25&#8243; text_weight=&#8221;600&#8243; uncode_shortcode_id=&#8221;632409&#8243;]Estan previstes transfer\u00e8ncies de dades a pa\u00efsos tercers?[\/vc_custom_heading][vc_column_text uncode_shortcode_id=&#8221;881826&#8243; css=&#8221;.vc_custom_1732622610485{margin-top: 20px !important;}&#8221; el_class=&#8221;fontheight-28&#8243;]No estan previstes transfer\u00e8ncies de dades a pa\u00efsos tercers.[\/vc_column_text][\/vc_column][\/vc_row][\/vc_section]<\/p>\n<\/div>","protected":false},"excerpt":{"rendered":"<p>[vc_section][vc_row row_height_percent=&#8221;0&#8243; override_padding=&#8221;yes&#8221; h_padding=&#8221;2&#8243; top_padding=&#8221;3&#8243; bottom_padding=&#8221;1&#8243; overlay_alpha=&#8221;50&#8243; gutter_size=&#8221;3&#8243; column_width_percent=&#8221;100&#8243; shift_y=&#8221;0&#8243; z_index=&#8221;0&#8243; content_parallax=&#8221;0&#8243; uncode_shortcode_id=&#8221;129007&#8243;][vc_column column_width_percent=&#8221;100&#8243; gutter_size=&#8221;1&#8243; overlay_alpha=&#8221;50&#8243; shift_x=&#8221;0&#8243; shift_y=&#8221;0&#8243; shift_y_down=&#8221;0&#8243; z_index=&#8221;0&#8243; [&hellip;]<\/p>\n","protected":false},"author":4,"featured_media":0,"parent":0,"menu_order":0,"comment_status":"closed","ping_status":"closed","template":"","meta":{"_acf_changed":false,"footnotes":""},"class_list":["post-8126","page","type-page","status-publish","hentry"],"acf":[],"_form":null,"_mail":null,"_mail_2":null,"_messages":null,"_additional_settings":null,"_locale":null,"migrate_from_cf7_redirect":null,"_hash":null,"_links":{"self":[{"href":"https:\/\/www.tuwebaccesible.es\/cat\/wp-json\/wp\/v2\/pages\/8126","targetHints":{"allow":["GET"]}}],"collection":[{"href":"https:\/\/www.tuwebaccesible.es\/cat\/wp-json\/wp\/v2\/pages"}],"about":[{"href":"https:\/\/www.tuwebaccesible.es\/cat\/wp-json\/wp\/v2\/types\/page"}],"author":[{"embeddable":true,"href":"https:\/\/www.tuwebaccesible.es\/cat\/wp-json\/wp\/v2\/users\/4"}],"replies":[{"embeddable":true,"href":"https:\/\/www.tuwebaccesible.es\/cat\/wp-json\/wp\/v2\/comments?post=8126"}],"version-history":[{"count":1,"href":"https:\/\/www.tuwebaccesible.es\/cat\/wp-json\/wp\/v2\/pages\/8126\/revisions"}],"predecessor-version":[{"id":8153,"href":"https:\/\/www.tuwebaccesible.es\/cat\/wp-json\/wp\/v2\/pages\/8126\/revisions\/8153"}],"wp:attachment":[{"href":"https:\/\/www.tuwebaccesible.es\/cat\/wp-json\/wp\/v2\/media?parent=8126"}],"curies":[{"name":"wp","href":"https:\/\/api.w.org\/{rel}","templated":true}]}}