{"id":8123,"date":"2024-10-25T10:00:08","date_gmt":"2024-10-25T10:00:08","guid":{"rendered":"https:\/\/www.tuwebaccesible.es\/normativa-ada-americans-with-disabilities-act\/"},"modified":"2025-09-29T10:30:33","modified_gmt":"2025-09-29T10:30:33","slug":"normativa-ada-americans-with-disabilities-act","status":"publish","type":"page","link":"https:\/\/www.tuwebaccesible.es\/cat\/normativa-ada-americans-with-disabilities-act\/","title":{"rendered":"Normativa ADA (Americans with Disabilities Act)"},"content":{"rendered":"<div class=\"wpb-content-wrapper\"><p>[vc_section overlay_alpha=&#8221;50&#8243; content_parallax=&#8221;0&#8243; uncode_shortcode_id=&#8221;487025&#8243;][vc_row row_height_percent=&#8221;0&#8243; override_padding=&#8221;yes&#8221; h_padding=&#8221;2&#8243; top_padding=&#8221;3&#8243; bottom_padding=&#8221;3&#8243; overlay_alpha=&#8221;50&#8243; gutter_size=&#8221;3&#8243; column_width_percent=&#8221;100&#8243; shift_y=&#8221;0&#8243; z_index=&#8221;0&#8243; content_parallax=&#8221;0&#8243; uncode_shortcode_id=&#8221;772958&#8243;][vc_column column_width_percent=&#8221;100&#8243; gutter_size=&#8221;0&#8243; overlay_alpha=&#8221;50&#8243; shift_x=&#8221;0&#8243; shift_y=&#8221;0&#8243; shift_y_down=&#8221;0&#8243; z_index=&#8221;0&#8243; medium_width=&#8221;0&#8243; mobile_width=&#8221;0&#8243; width=&#8221;5\/12&#8243; uncode_shortcode_id=&#8221;742230&#8243; el_id=&#8221;left-column-ADA&#8221; el_class=&#8221;pt-sm-0&#8243;][vc_row_inner row_inner_height_percent=&#8221;0&#8243; overlay_alpha=&#8221;50&#8243; gutter_size=&#8221;3&#8243; shift_y=&#8221;0&#8243; z_index=&#8221;0&#8243; uncode_shortcode_id=&#8221;473442&#8243; el_class=&#8221;pt-sm-0&#8243; limit_content=&#8221;&#8221;][vc_column_inner column_width_percent=&#8221;100&#8243; gutter_size=&#8221;3&#8243; overlay_alpha=&#8221;50&#8243; shift_x=&#8221;0&#8243; shift_y=&#8221;0&#8243; shift_y_down=&#8221;0&#8243; z_index=&#8221;0&#8243; medium_visibility=&#8221;yes&#8221; medium_width=&#8221;0&#8243; mobile_visibility=&#8221;yes&#8221; mobile_width=&#8221;0&#8243; width=&#8221;2\/12&#8243; uncode_shortcode_id=&#8221;131491&#8243; el_class=&#8221;pt-sm-0&#8243;][\/vc_column_inner][vc_column_inner column_width_percent=&#8221;100&#8243; gutter_size=&#8221;3&#8243; overlay_alpha=&#8221;50&#8243; shift_x=&#8221;0&#8243; shift_y=&#8221;0&#8243; shift_y_down=&#8221;0&#8243; z_index=&#8221;0&#8243; medium_width=&#8221;0&#8243; mobile_width=&#8221;0&#8243; width=&#8221;10\/12&#8243; uncode_shortcode_id=&#8221;726809&#8243; el_class=&#8221;pt-sm-0&#8243;][vc_single_image media=&#8221;6476&#8243; media_width_use_pixel=&#8221;yes&#8221; alignment=&#8221;center&#8221; uncode_shortcode_id=&#8221;206849&#8243; media_width_pixel=&#8221;255&#8243;][\/vc_column_inner][\/vc_row_inner][vc_row_inner row_inner_height_percent=&#8221;0&#8243; overlay_alpha=&#8221;50&#8243; gutter_size=&#8221;3&#8243; shift_y=&#8221;0&#8243; z_index=&#8221;0&#8243; uncode_shortcode_id=&#8221;198395&#8243; el_class=&#8221;mt-sm-0 mt-30&#8243; limit_content=&#8221;&#8221;][vc_column_inner column_width_percent=&#8221;100&#8243; gutter_size=&#8221;3&#8243; overlay_alpha=&#8221;50&#8243; shift_x=&#8221;0&#8243; shift_y=&#8221;0&#8243; shift_y_down=&#8221;0&#8243; z_index=&#8221;0&#8243; medium_visibility=&#8221;yes&#8221; medium_width=&#8221;0&#8243; mobile_visibility=&#8221;yes&#8221; mobile_width=&#8221;0&#8243; width=&#8221;2\/12&#8243; uncode_shortcode_id=&#8221;178485&#8243;][\/vc_column_inner][vc_column_inner column_width_percent=&#8221;100&#8243; align_horizontal=&#8221;align_center&#8221; gutter_size=&#8221;0&#8243; overlay_alpha=&#8221;50&#8243; shift_x=&#8221;0&#8243; shift_y=&#8221;0&#8243; shift_y_down=&#8221;0&#8243; z_index=&#8221;0&#8243; medium_width=&#8221;0&#8243; mobile_width=&#8221;0&#8243; width=&#8221;10\/12&#8243; uncode_shortcode_id=&#8221;103642&#8243;][vc_button button_color=&#8221;color-black-Three&#8221; border_width=&#8221;3&#8243; display=&#8221;inline&#8221; inline_mobile=&#8221;yes&#8221; button_color_type=&#8221;uncode-palette&#8221; uncode_shortcode_id=&#8221;104076&#8243; el_class=&#8221;btn-no-border-black&#8221; link=&#8221;url:%2Fca%2Fnormativa-ada-americans-with-disabilities-act%2F%23contacto&#8221;]CONTACTA&#8217;NS[\/vc_button][\/vc_column_inner][\/vc_row_inner][\/vc_column][vc_column column_width_percent=&#8221;100&#8243; position_vertical=&#8221;middle&#8221; gutter_size=&#8221;3&#8243; overlay_alpha=&#8221;50&#8243; shift_x=&#8221;0&#8243; shift_y=&#8221;0&#8243; shift_y_down=&#8221;0&#8243; z_index=&#8221;0&#8243; medium_width=&#8221;0&#8243; mobile_width=&#8221;0&#8243; width=&#8221;7\/12&#8243; uncode_shortcode_id=&#8221;711228&#8243; el_class=&#8221;pr-sm-0 pr-80&#8243;][vc_column_text text_color=&#8221;color-white-Two&#8221; uncode_shortcode_id=&#8221;151135&#8243; text_color_type=&#8221;uncode-palette&#8221; el_class=&#8221;fontsize-30 fontheight-35&#8243;]<strong>Ets una empresa que opera en el mercat americ\u00e0 o internacional i <span style=\"text-transform: uppercase;\">necessites complir amb la normativa ADA<\/span> (Americans with Disabilities Act)?<\/strong>[\/vc_column_text][vc_column_text uncode_shortcode_id=&#8221;129467&#8243; el_class=&#8221;mt-15&#8243;]Compta amb el suport d&#8217;experts en accessibilitat web per a empreses que operen en el mercat americ\u00e0 o internacional.[\/vc_column_text][vc_column_text uncode_shortcode_id=&#8221;325443&#8243; el_class=&#8221;mt-15&#8243;]Coneixem en profunditat els requisits de la <a href=\"https:\/\/www.tuwebaccesible.es\/normativa-ada-guia-completa-accesibilidad\/\">normativa ADA (Americans with Disabilities Act)<\/a> i estem aqu\u00ed per garantir que el teu lloc web compleixi amb els est\u00e0ndards necessaris.[\/vc_column_text][\/vc_column][\/vc_row][\/vc_section][vc_section back_color=&#8221;color-white-Four&#8221; overlay_alpha=&#8221;50&#8243; content_parallax=&#8221;0&#8243; uncode_shortcode_id=&#8221;197620&#8243; back_color_type=&#8221;uncode-palette&#8221;][vc_row row_height_percent=&#8221;0&#8243; overlay_alpha=&#8221;50&#8243; gutter_size=&#8221;0&#8243; column_width_percent=&#8221;100&#8243; shift_y=&#8221;0&#8243; z_index=&#8221;0&#8243; content_parallax=&#8221;0&#8243; full_width=&#8221;stretch_row&#8221; bg_type=&#8221;bg_color&#8221; bg_color_value=&#8221;#f7f7f7&#8243; css=&#8221;.vc_custom_1759141795724{padding-top: 41px !important;}&#8221; el_class=&#8221;fila-funcionalidades&#8221; uncode_shortcode_id=&#8221;150101&#8243;][vc_column width=&#8221;1\/1&#8243;][vc_custom_heading heading_semantic=&#8221;h3&#8243; text_font=&#8221;font-179873&#8243; text_size=&#8221;fontsize-50&#8243; text_height=&#8221;fontheight-50&#8243; uncode_shortcode_id=&#8221;326332&#8243;]Per qu\u00e8 complir amb la normativa ADA?[\/vc_custom_heading][vc_separator sep_color=&#8221;color-light-urple&#8221; uncode_shortcode_id=&#8221;285012&#8243; sep_color_type=&#8221;uncode-palette&#8221; el_width=&#8221;20%&#8221; el_height=&#8221;5px&#8221; el_class=&#8221;mt-25&#8243;][\/vc_column][\/vc_row][vc_row row_height_percent=&#8221;0&#8243; overlay_alpha=&#8221;50&#8243; gutter_size=&#8221;0&#8243; column_width_percent=&#8221;100&#8243; shift_y=&#8221;0&#8243; z_index=&#8221;0&#8243; content_parallax=&#8221;0&#8243; full_width=&#8221;stretch_row&#8221; bg_type=&#8221;bg_color&#8221; bg_color_value=&#8221;#f7f7f7&#8243; css=&#8221;.vc_custom_1759141803271{padding-bottom: 30px !important;}&#8221; uncode_shortcode_id=&#8221;125753&#8243;][vc_column width=&#8221;1\/1&#8243;][vc_column_text el_class=&#8221;lista-funcionalidades&#8221; uncode_shortcode_id=&#8221;511250&#8243;]<\/p>\n<ul class=\"list-pros-waw\">\n<li><strong>Evita riscos legals:<\/strong> L&#8217;incompliment de la <a href=\"https:\/\/www.ada.gov\/\" target=\"_blank\" rel=\"noopener\">normativa ADA<\/a> pot resultar en demandes costoses i sancions. Una auditoria d&#8217;accessibilitat redueix aquest risc.<\/li>\n<li><strong>Millora del posicionament SEO:<\/strong> Els motors de cerca prioritzen llocs web accessibles, cosa que pot incrementar la teva visibilitat en l\u00ednia.<\/li>\n<li><strong>Expansi\u00f3 del mercat:<\/strong> En fer que el teu contingut sigui accessible, arribes a una audi\u00e8ncia m\u00e9s \u00e0mplia, inclosos milions d&#8217;americans amb discapacitats.<\/li>\n<li><strong>Enfortiment de la imatge corporativa:<\/strong> Mostrar un comprom\u00eds amb la inclusi\u00f3 i la responsabilitat social millora la percepci\u00f3 de la teva marca.<\/li>\n<\/ul>\n<p>[\/vc_column_text][\/vc_column][\/vc_row][\/vc_section][vc_section back_color=&#8221;color-white-Four&#8221; overlay_alpha=&#8221;50&#8243; content_parallax=&#8221;0&#8243; uncode_shortcode_id=&#8221;140810&#8243; back_color_type=&#8221;uncode-palette&#8221;][vc_row row_height_percent=&#8221;0&#8243; override_padding=&#8221;yes&#8221; h_padding=&#8221;2&#8243; top_padding=&#8221;3&#8243; bottom_padding=&#8221;4&#8243; overlay_alpha=&#8221;50&#8243; gutter_size=&#8221;3&#8243; column_width_percent=&#8221;100&#8243; shift_y=&#8221;0&#8243; z_index=&#8221;0&#8243; uncode_shortcode_id=&#8221;116304&#8243;][vc_column column_width_percent=&#8221;100&#8243; gutter_size=&#8221;3&#8243; overlay_alpha=&#8221;50&#8243; shift_x=&#8221;0&#8243; shift_y=&#8221;0&#8243; shift_y_down=&#8221;0&#8243; z_index=&#8221;0&#8243; medium_width=&#8221;0&#8243; mobile_width=&#8221;0&#8243; width=&#8221;1\/3&#8243; uncode_shortcode_id=&#8221;100146&#8243;][vc_single_image media=&#8221;6356&#8243; media_width_use_pixel=&#8221;yes&#8221; uncode_shortcode_id=&#8221;484791&#8243; el_class=&#8221;img-admin-publ-home&#8221; media_width_pixel=&#8221;363&#8243;][\/vc_column][vc_column width=&#8221;2\/3&#8243;][vc_custom_heading text_font=&#8221;font-179873&#8243; text_size=&#8221;fontsize-50&#8243; text_height=&#8221;fontheight-50&#8243; uncode_shortcode_id=&#8221;112196&#8243;]Riscos de no complir amb la normativa ADA[\/vc_custom_heading][vc_accordion sign=&#8221;plus&#8221; sign_size=&#8221;md&#8221; gutter_simple=&#8221;0&#8243; uncode_shortcode_id=&#8221;213547&#8243; active_tab=&#8221;0&#8243; el_id=&#8221;accordion-ADA&#8221;][vc_accordion_tab gutter_size=&#8221;2&#8243; column_padding=&#8221;2&#8243; title=&#8221;Demandes Legals i Sancions&#8221; tab_id=&#8221;1721639180-1-54&#8243;][vc_column_text uncode_shortcode_id=&#8221;188978&#8243;]\u00c9s habitual que les empreses s&#8217;enfrontin a demandes si els seus llocs web o aplicacions no s\u00f3n accessibles per a persones amb discapacitats. Els demandants, sovint recolzats per advocats especialitzats en accessibilitat, poden presentar reclamacions sota l&#8217;ADA, cosa que pot resultar en:<\/p>\n<ul>\n<li><strong>Sancions econ\u00f2miques significatives:<\/strong> Les demandes per incompliment de l&#8217;ADA poden portar a acords extrajudicials o a condemnes que superin els centenars de milers de d\u00f2lars.<\/li>\n<li><strong>Costos legals addicionals:<\/strong> Fins i tot si l&#8217;empresa aconsegueix resoldre la demanda, les despeses en honoraris legals poden ser elevades.<\/li>\n<\/ul>\n<p>[\/vc_column_text][\/vc_accordion_tab][vc_accordion_tab gutter_size=&#8221;2&#8243; column_padding=&#8221;2&#8243; title=&#8221;Dany a la Reputaci\u00f3&#8221; tab_id=&#8221;1721639180-2-68&#8243;][vc_column_text uncode_shortcode_id=&#8221;207192&#8243;]La falta d&#8217;accessibilitat pot ser percebuda com una manca de comprom\u00eds amb la inclusi\u00f3 i la responsabilitat social, cosa que podria:<\/p>\n<ul>\n<li><strong>Reduir la confian\u00e7a del consumidor:<\/strong> Els usuaris amb discapacitats i les seves fam\u00edlies poden evitar interactuar amb empreses que no valoren l&#8217;accessibilitat.<\/li>\n<li><strong>Impactar en la fidelitat del client:<\/strong> L&#8217;accessibilitat digital \u00e9s un valor creixent per als consumidors, i no oferir-la podria allunyar potencials clients.<\/li>\n<\/ul>\n<p>[\/vc_column_text][\/vc_accordion_tab][vc_accordion_tab gutter_size=&#8221;2&#8243; column_padding=&#8221;2&#8243; title=&#8221;P\u00e8rdua d&#8217;Oportunitats de Negoci&#8221; tab_id=&#8221;1721640234573-2-6&#8243;][vc_column_text uncode_shortcode_id=&#8221;235221&#8243;]No garantir l&#8217;accessibilitat limita l&#8217;acc\u00e9s a un mercat considerable, ja que milions d&#8217;americans tenen algun tipus de discapacitat. En no complir amb l&#8217;ADA, les empreses corren el risc de:<\/p>\n<ul>\n<li><strong>Perdre clients potencials:<\/strong> M\u00e9s de 61 milions de persones als Estats Units tenen alguna discapacitat, cosa que representa un mercat significatiu que queda excl\u00f2s si els serveis digitals no s\u00f3n accessibles.<\/li>\n<li><strong>Dificultar la participaci\u00f3 en licitacions o contractes p\u00fablics:<\/strong> Algunes institucions p\u00fabliques exigeixen que els prove\u00efdors compleixin amb els est\u00e0ndards d&#8217;accessibilitat per poder participar en les seves contractacions.<\/li>\n<\/ul>\n<p>[\/vc_column_text][\/vc_accordion_tab][vc_accordion_tab gutter_size=&#8221;2&#8243; column_padding=&#8221;2&#8243; title=&#8221;Impacte Negatiu en el SEO&#8221; tab_id=&#8221;1729852336124-3-2&#8243;][vc_column_text uncode_shortcode_id=&#8221;223063&#8243;]Els llocs web accessibles no nom\u00e9s compleixen amb la normativa, sin\u00f3 que tamb\u00e9 tendeixen a posicionar-se millor en els motors de cerca. Les pr\u00e0ctiques d&#8217;accessibilitat, com la correcta estructuraci\u00f3 del contingut i l&#8217;\u00fas d&#8217;etiquetes adequades, beneficien el SEO. No implementar aquestes millores pot:<\/p>\n<ul>\n<li><strong>Reduir la visibilitat en l\u00ednia:<\/strong> Els llocs no accessibles poden tenir pitjor rendiment en els r\u00e0nquings de cerca.<\/li>\n<li><strong>Limitar el tr\u00e0nsit web:<\/strong> En no ser visibles per als motors de cerca, \u00e9s menys probable que nous usuaris trobin el lloc.<\/li>\n<\/ul>\n<p>[\/vc_column_text][\/vc_accordion_tab][\/vc_accordion][\/vc_column][\/vc_row][\/vc_section][vc_row row_height_percent=&#8221;0&#8243; override_padding=&#8221;yes&#8221; h_padding=&#8221;2&#8243; top_padding=&#8221;2&#8243; bottom_padding=&#8221;0&#8243; back_color=&#8221;color-xsdn&#8221; overlay_alpha=&#8221;50&#8243; gutter_size=&#8221;0&#8243; column_width_percent=&#8221;100&#8243; shift_y=&#8221;0&#8243; z_index=&#8221;0&#8243; content_parallax=&#8221;0&#8243; full_width=&#8221;stretch_row&#8221; bg_type=&#8221;bg_color&#8221; bg_color_value=&#8221;#f7f7f7&#8243; css=&#8221;.vc_custom_1759141813014{padding-top: 44px !important;padding-bottom: 44px !important;}&#8221; el_class=&#8221;container-funcionalidades&#8221; uncode_shortcode_id=&#8221;113759&#8243; back_color_type=&#8221;uncode-palette&#8221;][vc_column][vc_custom_heading heading_semantic=&#8221;h3&#8243; text_font=&#8221;font-179873&#8243; text_size=&#8221;fontsize-50&#8243; text_height=&#8221;fontheight-50&#8243; uncode_shortcode_id=&#8221;187364&#8243;]Proceso de Trabajo[\/vc_custom_heading][vc_row_inner gap=&#8221;15&#8243; el_class=&#8221;row-caracteristicas-fcn&#8221; limit_content=&#8221;&#8221;][vc_column_inner column_width_percent=&#8221;100&#8243; gutter_size=&#8221;2&#8243; overlay_alpha=&#8221;50&#8243; shift_x=&#8221;0&#8243; shift_y=&#8221;0&#8243; shift_y_down=&#8221;0&#8243; z_index=&#8221;0&#8243; medium_width=&#8221;0&#8243; mobile_width=&#8221;0&#8243; width=&#8221;1\/4&#8243; uncode_shortcode_id=&#8221;194571&#8243;][vc_single_image media=&#8221;5930&#8243; media_width_use_pixel=&#8221;yes&#8221; image=&#8221;4573&#8243; img_size=&#8221;full&#8221; css=&#8221;.vc_custom_1710761245407{margin-bottom: 14px !important;}&#8221; uncode_shortcode_id=&#8221;358671&#8243; media_width_pixel=&#8221;65&#8243;][vc_custom_heading heading_semantic=&#8221;h4&#8243; text_font=&#8221;font-179873&#8243; text_size=&#8221;fontsize-30&#8243; text_height=&#8221;fontheight-28&#8243; uncode_shortcode_id=&#8221;913122&#8243;]Avaluaci\u00f3 inicial[\/vc_custom_heading][vc_column_text el_class=&#8221;text-caracteristicas-fcn&#8221; uncode_shortcode_id=&#8221;149677&#8243;]Realitzarem una auditoria inicial per identificar els problemes d&#8217;accessibilitat del teu lloc web i oferir-te solucions efectives.[\/vc_column_text][\/vc_column_inner][vc_column_inner column_width_percent=&#8221;100&#8243; gutter_size=&#8221;2&#8243; overlay_alpha=&#8221;50&#8243; shift_x=&#8221;0&#8243; shift_y=&#8221;0&#8243; shift_y_down=&#8221;0&#8243; z_index=&#8221;0&#8243; medium_width=&#8221;0&#8243; mobile_width=&#8221;0&#8243; width=&#8221;1\/4&#8243; uncode_shortcode_id=&#8221;919589&#8243;][vc_single_image media=&#8221;5932&#8243; media_width_use_pixel=&#8221;yes&#8221; image=&#8221;4575&#8243; img_size=&#8221;full&#8221; css=&#8221;.vc_custom_1710761256743{margin-bottom: 14px !important;}&#8221; uncode_shortcode_id=&#8221;906138&#8243; media_width_pixel=&#8221;65&#8243;][vc_custom_heading heading_semantic=&#8221;h4&#8243; text_font=&#8221;font-179873&#8243; text_size=&#8221;fontsize-30&#8243; text_height=&#8221;fontheight-28&#8243; uncode_shortcode_id=&#8221;385811&#8243;]Informe d&#8217;Errors Detallat[\/vc_custom_heading][vc_column_text el_class=&#8221;text-caracteristicas-fcn&#8221; uncode_shortcode_id=&#8221;183416&#8243;]Presentem un informe d&#8217;errors exhaustiu que descriu les barreres detectades i proposa solucions pr\u00e0ctiques per complir amb l&#8217;ADA.[\/vc_column_text][\/vc_column_inner][vc_column_inner column_width_percent=&#8221;100&#8243; gutter_size=&#8221;2&#8243; overlay_alpha=&#8221;50&#8243; shift_x=&#8221;0&#8243; shift_y=&#8221;0&#8243; shift_y_down=&#8221;0&#8243; z_index=&#8221;0&#8243; medium_width=&#8221;0&#8243; mobile_width=&#8221;0&#8243; width=&#8221;1\/4&#8243; uncode_shortcode_id=&#8221;681035&#8243;][vc_single_image media=&#8221;5392&#8243; media_width_use_pixel=&#8221;yes&#8221; image=&#8221;4576&#8243; img_size=&#8221;full&#8221; css=&#8221;.vc_custom_1710761267320{margin-bottom: 14px !important;}&#8221; uncode_shortcode_id=&#8221;319705&#8243; media_width_pixel=&#8221;65&#8243;][vc_custom_heading heading_semantic=&#8221;h4&#8243; text_font=&#8221;font-179873&#8243; text_size=&#8221;fontsize-30&#8243; text_height=&#8221;fontheight-28&#8243; uncode_shortcode_id=&#8221;782662&#8243;]T&#8217;acompanyem en els canvis[\/vc_custom_heading][vc_column_text el_class=&#8221;text-caracteristicas-fcn&#8221; uncode_shortcode_id=&#8221;460365&#8243;]Oferim assessorament i seguiment per implementar les millores necess\u00e0ries i fer ajustos en el disseny i contingut del teu portal.[\/vc_column_text][\/vc_column_inner][vc_column_inner column_width_percent=&#8221;100&#8243; gutter_size=&#8221;2&#8243; overlay_alpha=&#8221;50&#8243; shift_x=&#8221;0&#8243; shift_y=&#8221;0&#8243; shift_y_down=&#8221;0&#8243; z_index=&#8221;0&#8243; medium_width=&#8221;0&#8243; mobile_width=&#8221;0&#8243; width=&#8221;1\/4&#8243; uncode_shortcode_id=&#8221;104530&#8243;][vc_single_image media=&#8221;5931&#8243; media_width_use_pixel=&#8221;yes&#8221; image=&#8221;4577&#8243; img_size=&#8221;full&#8221; css=&#8221;.vc_custom_1710761278918{margin-bottom: 14px !important;}&#8221; uncode_shortcode_id=&#8221;477269&#8243; media_width_pixel=&#8221;65&#8243;][vc_custom_heading heading_semantic=&#8221;h4&#8243; text_font=&#8221;font-179873&#8243; text_size=&#8221;fontsize-30&#8243; text_height=&#8221;fontheight-28&#8243; uncode_shortcode_id=&#8221;133315&#8243;]Revisi\u00f3 i Certificaci\u00f3[\/vc_custom_heading][vc_column_text el_class=&#8221;text-caracteristicas-fcn&#8221; uncode_shortcode_id=&#8221;184222&#8243;]Verificarem que els canvis implementats compleixin amb els est\u00e0ndards de l&#8217;ADA i certificarem l&#8217;accessibilitat del teu lloc web.[\/vc_column_text][\/vc_column_inner][\/vc_row_inner][\/vc_column][\/vc_row][vc_section back_color=&#8221;color-white-Four&#8221; overlay_alpha=&#8221;50&#8243; content_parallax=&#8221;0&#8243; uncode_shortcode_id=&#8221;867936&#8243; back_color_type=&#8221;uncode-palette&#8221;][vc_row row_height_percent=&#8221;0&#8243; override_padding=&#8221;yes&#8221; h_padding=&#8221;2&#8243; top_padding=&#8221;3&#8243; bottom_padding=&#8221;3&#8243; overlay_alpha=&#8221;50&#8243; gutter_size=&#8221;3&#8243; column_width_percent=&#8221;100&#8243; shift_y=&#8221;0&#8243; z_index=&#8221;0&#8243; uncode_shortcode_id=&#8221;173101&#8243;][vc_column column_width_percent=&#8221;100&#8243; position_vertical=&#8221;middle&#8221; gutter_size=&#8221;3&#8243; overlay_alpha=&#8221;50&#8243; shift_x=&#8221;0&#8243; shift_y=&#8221;0&#8243; shift_y_down=&#8221;0&#8243; z_index=&#8221;0&#8243; medium_width=&#8221;0&#8243; mobile_width=&#8221;0&#8243; width=&#8221;4\/12&#8243; uncode_shortcode_id=&#8221;206517&#8243;][vc_single_image media=&#8221;6336&#8243; media_width_use_pixel=&#8221;yes&#8221; uncode_shortcode_id=&#8221;414338&#8243; el_class=&#8221;img-admin-publ-home&#8221; media_width_pixel=&#8221;363&#8243;][\/vc_column][vc_column width=&#8221;8\/12&#8243;][vc_custom_heading text_font=&#8221;font-179873&#8243; text_size=&#8221;fontsize-50&#8243; text_height=&#8221;fontheight-50&#8243; uncode_shortcode_id=&#8221;192421&#8243;]A qui va dirigit?[\/vc_custom_heading][vc_custom_heading heading_semantic=&#8221;h4&#8243; text_font=&#8221;font-179873&#8243; text_size=&#8221;fontsize-30&#8243; text_height=&#8221;fontheight-28&#8243; uncode_shortcode_id=&#8221;232461&#8243;]Empreses o Ag\u00e8ncies Espanyoles que Treballen amb el Mercat Americ\u00e0[\/vc_custom_heading][vc_column_text uncode_shortcode_id=&#8221;231333&#8243; el_class=&#8221;fontsize-18 fontheight-28&#8243;]Si ets una empresa o ag\u00e8ncia a Espanya que col\u00b7labora amb clients als Estats Units, complir amb l&#8217;ADA \u00e9s crucial. T&#8217;oferim les eines i coneixements necessaris per adaptar els teus serveis digitals als est\u00e0ndards americans, assegurant que els teus productes siguin accessibles i estiguin en conformitat amb la normativa vigent.[\/vc_column_text][vc_custom_heading heading_semantic=&#8221;h4&#8243; text_font=&#8221;font-179873&#8243; text_size=&#8221;fontsize-30&#8243; text_height=&#8221;fontheight-28&#8243; uncode_shortcode_id=&#8221;195579&#8243;]Empreses Americanes[\/vc_custom_heading][vc_column_text uncode_shortcode_id=&#8221;190311&#8243; el_class=&#8221;fontsize-18 fontheight-28&#8243;]Els nostres serveis estan dissenyats per ajudar les empreses als Estats Units a complir amb la normativa ADA i evitar sancions legals. L&#8217;accessibilitat digital \u00e9s una responsabilitat i una oportunitat de negoci que pot millorar significativament la reputaci\u00f3 i l&#8217;abast de la teva marca.[\/vc_column_text][\/vc_column][\/vc_row][\/vc_section][vc_section][vc_row row_height_percent=&#8221;0&#8243; override_padding=&#8221;yes&#8221; h_padding=&#8221;2&#8243; top_padding=&#8221;3&#8243; bottom_padding=&#8221;3&#8243; overlay_alpha=&#8221;50&#8243; gutter_size=&#8221;0&#8243; column_width_percent=&#8221;100&#8243; shift_y=&#8221;0&#8243; z_index=&#8221;0&#8243; content_parallax=&#8221;0&#8243; uncode_shortcode_id=&#8221;170390&#8243; el_id=&#8221;accordion-preguntas-frecuentes&#8221;][vc_column width=&#8221;1\/1&#8243;][vc_custom_heading text_font=&#8221;font-179873&#8243; text_size=&#8221;fontsize-50&#8243; text_height=&#8221;fontheight-50&#8243; uncode_shortcode_id=&#8221;169842&#8243;]Preguntes Freq\u00fcents (FAQs)[\/vc_custom_heading][vc_accordion sign=&#8221;plus&#8221; sign_size=&#8221;md&#8221; gutter_simple=&#8221;0&#8243; uncode_shortcode_id=&#8221;479743&#8243; el_class=&#8221;secondary-accordion-ADA&#8221; active_tab=&#8221;0&#8243;][vc_accordion_tab gutter_size=&#8221;2&#8243; column_padding=&#8221;2&#8243; title=&#8221;Qu\u00e8 \u00e9s l&#8217;ADA i per qu\u00e8 \u00e9s important per al meu lloc web?&#8221; tab_id=&#8221;1730199680-1-78&#8243;][vc_column_text uncode_shortcode_id=&#8221;104057&#8243;]L&#8217;ADA \u00e9s una llei que exigeix que els serveis i productes digitals siguin accessibles per a persones amb discapacitats, cosa que inclou els llocs web. Complir amb aquesta normativa \u00e9s essencial per evitar demandes legals i millorar l&#8217;experi\u00e8ncia de l&#8217;usuari.[\/vc_column_text][\/vc_accordion_tab][vc_accordion_tab gutter_size=&#8221;2&#8243; column_padding=&#8221;2&#8243; title=&#8221;Qu\u00e8 \u00e9s un VPAT i per qu\u00e8 el necessito?&#8221; tab_id=&#8221;1730199680-2-98&#8243;][vc_column_text uncode_shortcode_id=&#8221;907588&#8243;]El VPAT (Voluntary Product Accessibility Template) \u00e9s un document que descriu l&#8217;accessibilitat d&#8217;un producte digital, indicant la seva conformitat amb els est\u00e0ndards establerts. \u00c9s especialment rellevant als Estats Units, on s&#8217;utilitza per demostrar el compliment amb l&#8217;ADA i altres normatives.[\/vc_column_text][\/vc_accordion_tab][vc_accordion_tab gutter_size=&#8221;2&#8243; column_padding=&#8221;2&#8243; title=&#8221;Quant temps pren una auditoria d&#8217;accessibilitat?&#8221; tab_id=&#8221;1730200849428-2-3&#8243;][vc_column_text uncode_shortcode_id=&#8221;170180&#8243;]El temps pot variar segons la complexitat del lloc web o aplicaci\u00f3, per\u00f2 generalment, una auditoria completa pren entre 2 i 4 setmanes.[\/vc_column_text][\/vc_accordion_tab][\/vc_accordion][\/vc_column][\/vc_row][\/vc_section][vc_row][vc_column width=&#8221;1\/1&#8243;][uncode_block id=&#8221;5652&#8243;][\/vc_column][\/vc_row]<\/p>\n<\/div>","protected":false},"excerpt":{"rendered":"<p>[vc_section overlay_alpha=&#8221;50&#8243; content_parallax=&#8221;0&#8243; uncode_shortcode_id=&#8221;487025&#8243;][vc_row row_height_percent=&#8221;0&#8243; override_padding=&#8221;yes&#8221; h_padding=&#8221;2&#8243; top_padding=&#8221;3&#8243; bottom_padding=&#8221;3&#8243; overlay_alpha=&#8221;50&#8243; gutter_size=&#8221;3&#8243; column_width_percent=&#8221;100&#8243; shift_y=&#8221;0&#8243; z_index=&#8221;0&#8243; content_parallax=&#8221;0&#8243; uncode_shortcode_id=&#8221;772958&#8243;][vc_column column_width_percent=&#8221;100&#8243; gutter_size=&#8221;0&#8243; overlay_alpha=&#8221;50&#8243; shift_x=&#8221;0&#8243; [&hellip;]<\/p>\n","protected":false},"author":4,"featured_media":8125,"parent":0,"menu_order":0,"comment_status":"closed","ping_status":"closed","template":"","meta":{"_acf_changed":false,"footnotes":""},"class_list":["post-8123","page","type-page","status-publish","has-post-thumbnail","hentry"],"acf":[],"_form":null,"_mail":null,"_mail_2":null,"_messages":null,"_additional_settings":null,"_locale":null,"migrate_from_cf7_redirect":null,"_hash":null,"_links":{"self":[{"href":"https:\/\/www.tuwebaccesible.es\/cat\/wp-json\/wp\/v2\/pages\/8123","targetHints":{"allow":["GET"]}}],"collection":[{"href":"https:\/\/www.tuwebaccesible.es\/cat\/wp-json\/wp\/v2\/pages"}],"about":[{"href":"https:\/\/www.tuwebaccesible.es\/cat\/wp-json\/wp\/v2\/types\/page"}],"author":[{"embeddable":true,"href":"https:\/\/www.tuwebaccesible.es\/cat\/wp-json\/wp\/v2\/users\/4"}],"replies":[{"embeddable":true,"href":"https:\/\/www.tuwebaccesible.es\/cat\/wp-json\/wp\/v2\/comments?post=8123"}],"version-history":[{"count":2,"href":"https:\/\/www.tuwebaccesible.es\/cat\/wp-json\/wp\/v2\/pages\/8123\/revisions"}],"predecessor-version":[{"id":10817,"href":"https:\/\/www.tuwebaccesible.es\/cat\/wp-json\/wp\/v2\/pages\/8123\/revisions\/10817"}],"wp:featuredmedia":[{"embeddable":true,"href":"https:\/\/www.tuwebaccesible.es\/cat\/wp-json\/wp\/v2\/media\/8125"}],"wp:attachment":[{"href":"https:\/\/www.tuwebaccesible.es\/cat\/wp-json\/wp\/v2\/media?parent=8123"}],"curies":[{"name":"wp","href":"https:\/\/api.w.org\/{rel}","templated":true}]}}