{"id":8118,"date":"2024-11-22T07:41:21","date_gmt":"2024-11-22T07:41:21","guid":{"rendered":"https:\/\/www.tuwebaccesible.es\/reial-decret-1112-2018\/"},"modified":"2025-09-29T10:29:22","modified_gmt":"2025-09-29T10:29:22","slug":"reial-decret-1112-2018","status":"publish","type":"page","link":"https:\/\/www.tuwebaccesible.es\/cat\/reial-decret-1112-2018\/","title":{"rendered":"Reial decret 1112\/2018"},"content":{"rendered":"<div class=\"wpb-content-wrapper\"><p>[vc_section overlay_alpha=&#8221;50&#8243; content_parallax=&#8221;0&#8243; uncode_shortcode_id=&#8221;487025&#8243;][vc_row row_height_percent=&#8221;0&#8243; override_padding=&#8221;yes&#8221; h_padding=&#8221;2&#8243; top_padding=&#8221;3&#8243; bottom_padding=&#8221;3&#8243; overlay_alpha=&#8221;50&#8243; gutter_size=&#8221;3&#8243; column_width_percent=&#8221;100&#8243; shift_y=&#8221;0&#8243; z_index=&#8221;0&#8243; content_parallax=&#8221;0&#8243; uncode_shortcode_id=&#8221;772958&#8243;][vc_column column_width_percent=&#8221;100&#8243; gutter_size=&#8221;0&#8243; overlay_alpha=&#8221;50&#8243; shift_x=&#8221;0&#8243; shift_y=&#8221;0&#8243; shift_y_down=&#8221;0&#8243; z_index=&#8221;0&#8243; medium_width=&#8221;0&#8243; mobile_width=&#8221;0&#8243; width=&#8221;5\/12&#8243; uncode_shortcode_id=&#8221;742230&#8243; el_id=&#8221;left-column-ADA&#8221; el_class=&#8221;pt-sm-0&#8243;][vc_row_inner row_inner_height_percent=&#8221;0&#8243; overlay_alpha=&#8221;50&#8243; gutter_size=&#8221;3&#8243; shift_y=&#8221;0&#8243; z_index=&#8221;0&#8243; uncode_shortcode_id=&#8221;473442&#8243; el_class=&#8221;pt-sm-0&#8243; limit_content=&#8221;&#8221;][vc_column_inner column_width_percent=&#8221;100&#8243; gutter_size=&#8221;3&#8243; overlay_alpha=&#8221;50&#8243; shift_x=&#8221;0&#8243; shift_y=&#8221;0&#8243; shift_y_down=&#8221;0&#8243; z_index=&#8221;0&#8243; medium_visibility=&#8221;yes&#8221; medium_width=&#8221;0&#8243; mobile_visibility=&#8221;yes&#8221; mobile_width=&#8221;0&#8243; width=&#8221;2\/12&#8243; uncode_shortcode_id=&#8221;131491&#8243; el_class=&#8221;pt-sm-0&#8243;][\/vc_column_inner][vc_column_inner column_width_percent=&#8221;100&#8243; gutter_size=&#8221;3&#8243; overlay_alpha=&#8221;50&#8243; shift_x=&#8221;0&#8243; shift_y=&#8221;0&#8243; shift_y_down=&#8221;0&#8243; z_index=&#8221;0&#8243; medium_width=&#8221;0&#8243; mobile_width=&#8221;0&#8243; width=&#8221;10\/12&#8243; uncode_shortcode_id=&#8221;726809&#8243; el_class=&#8221;pt-sm-0&#8243;][vc_single_image media=&#8221;6504&#8243; media_width_use_pixel=&#8221;yes&#8221; alignment=&#8221;center&#8221; uncode_shortcode_id=&#8221;206633&#8243; media_width_pixel=&#8221;255&#8243;][\/vc_column_inner][\/vc_row_inner][vc_row_inner row_inner_height_percent=&#8221;0&#8243; overlay_alpha=&#8221;50&#8243; gutter_size=&#8221;3&#8243; shift_y=&#8221;0&#8243; z_index=&#8221;0&#8243; uncode_shortcode_id=&#8221;198395&#8243; el_class=&#8221;mt-sm-0 mt-30&#8243; limit_content=&#8221;&#8221;][vc_column_inner column_width_percent=&#8221;100&#8243; gutter_size=&#8221;3&#8243; overlay_alpha=&#8221;50&#8243; shift_x=&#8221;0&#8243; shift_y=&#8221;0&#8243; shift_y_down=&#8221;0&#8243; z_index=&#8221;0&#8243; medium_visibility=&#8221;yes&#8221; medium_width=&#8221;0&#8243; mobile_visibility=&#8221;yes&#8221; mobile_width=&#8221;0&#8243; width=&#8221;2\/12&#8243; uncode_shortcode_id=&#8221;178485&#8243;][\/vc_column_inner][vc_column_inner column_width_percent=&#8221;100&#8243; align_horizontal=&#8221;align_center&#8221; gutter_size=&#8221;0&#8243; overlay_alpha=&#8221;50&#8243; shift_x=&#8221;0&#8243; shift_y=&#8221;0&#8243; shift_y_down=&#8221;0&#8243; z_index=&#8221;0&#8243; medium_width=&#8221;0&#8243; mobile_width=&#8221;0&#8243; width=&#8221;10\/12&#8243; uncode_shortcode_id=&#8221;103642&#8243;][vc_button button_color=&#8221;color-black-Three&#8221; border_width=&#8221;3&#8243; display=&#8221;inline&#8221; inline_mobile=&#8221;yes&#8221; button_color_type=&#8221;uncode-palette&#8221; uncode_shortcode_id=&#8221;130413&#8243; el_class=&#8221;btn-no-border-black&#8221; link=&#8221;url:%2Fca%2Freial-decret-1112-2018%2F%2F%23contacto&#8221;]CONTACTA&#8217;NS[\/vc_button][\/vc_column_inner][\/vc_row_inner][\/vc_column][vc_column column_width_percent=&#8221;100&#8243; position_vertical=&#8221;middle&#8221; gutter_size=&#8221;3&#8243; overlay_alpha=&#8221;50&#8243; shift_x=&#8221;0&#8243; shift_y=&#8221;0&#8243; shift_y_down=&#8221;0&#8243; z_index=&#8221;0&#8243; medium_width=&#8221;0&#8243; mobile_width=&#8221;0&#8243; width=&#8221;7\/12&#8243; uncode_shortcode_id=&#8221;711228&#8243; el_class=&#8221;pr-sm-0 pr-80&#8243;][vc_column_text text_color=&#8221;color-white-Two&#8221; uncode_shortcode_id=&#8221;902927&#8243; text_color_type=&#8221;uncode-palette&#8221; el_class=&#8221;fontsize-30 fontheight-35&#8243;]<strong>Has de complir amb el Reial decret 1112\/2018 sobre l&#8217;accessibilitat de portals web o aplicacions del sector p\u00fablic i d&#8217;empreses recolzades per fons p\u00fablics?<\/strong>[\/vc_column_text][vc_column_text uncode_shortcode_id=&#8221;570082&#8243; el_class=&#8221;mt-15&#8243;]Compta amb el suport d&#8217;experts en accessibilitat web per garantir el compliment del <a href=\"https:\/\/www.tuwebaccesible.es\/cat\/real-decret-1112-guia-completa\/\">Reial decret 1112\/2018<\/a> a la teva empresa o instituci\u00f3.[\/vc_column_text][vc_column_text uncode_shortcode_id=&#8221;322543&#8243; el_class=&#8221;mt-15&#8243;]Coneixem en profunditat el Reial decret 1112\/2018 i et podem ajudar a garantir que el teu lloc web compleixi amb els est\u00e0ndards d&#8217;accessibilitat exigits.[\/vc_column_text][\/vc_column][\/vc_row][\/vc_section][vc_section back_color=&#8221;color-white-Four&#8221; overlay_alpha=&#8221;50&#8243; content_parallax=&#8221;0&#8243; uncode_shortcode_id=&#8221;154928&#8243; back_color_type=&#8221;uncode-palette&#8221;][vc_row row_height_percent=&#8221;0&#8243; override_padding=&#8221;yes&#8221; h_padding=&#8221;2&#8243; top_padding=&#8221;2&#8243; bottom_padding=&#8221;2&#8243; overlay_alpha=&#8221;50&#8243; gutter_size=&#8221;0&#8243; column_width_percent=&#8221;100&#8243; shift_y=&#8221;0&#8243; z_index=&#8221;0&#8243; content_parallax=&#8221;0&#8243; full_width=&#8221;stretch_row&#8221; bg_type=&#8221;bg_color&#8221; bg_color_value=&#8221;#f7f7f7&#8243; css=&#8221;.vc_custom_1759141684458{padding-top: 41px !important;}&#8221; el_class=&#8221;fila-funcionalidades&#8221; uncode_shortcode_id=&#8221;124571&#8243;][vc_column width=&#8221;1\/1&#8243;][vc_custom_heading heading_semantic=&#8221;h3&#8243; text_font=&#8221;font-179873&#8243; text_size=&#8221;fontsize-50&#8243; text_height=&#8221;fontheight-50&#8243; uncode_shortcode_id=&#8221;310875&#8243;]Per qu\u00e8 complir amb el Reial decret 1112\/2018?[\/vc_custom_heading][vc_separator sep_color=&#8221;color-light-urple&#8221; uncode_shortcode_id=&#8221;285012&#8243; sep_color_type=&#8221;uncode-palette&#8221; el_width=&#8221;20%&#8221; el_height=&#8221;5px&#8221; el_class=&#8221;mt-25&#8243;][\/vc_column][\/vc_row][vc_row row_height_percent=&#8221;0&#8243; override_padding=&#8221;yes&#8221; h_padding=&#8221;2&#8243; top_padding=&#8221;2&#8243; bottom_padding=&#8221;2&#8243; overlay_alpha=&#8221;50&#8243; gutter_size=&#8221;0&#8243; column_width_percent=&#8221;100&#8243; shift_y=&#8221;0&#8243; z_index=&#8221;0&#8243; content_parallax=&#8221;0&#8243; full_width=&#8221;stretch_row&#8221; bg_type=&#8221;bg_color&#8221; bg_color_value=&#8221;#f7f7f7&#8243; css=&#8221;.vc_custom_1759141697806{padding-bottom: 30px !important;}&#8221; uncode_shortcode_id=&#8221;921669&#8243;][vc_column width=&#8221;1\/1&#8243;][vc_column_text el_class=&#8221;lista-funcionalidades&#8221; uncode_shortcode_id=&#8221;178004&#8243;]<\/p>\n<ul class=\"list-pros-waw\">\n<li><strong>Evita sancions legals:<\/strong> L&#8217;incompliment del Reial decret 1112\/2018 pot resultar en multes i reclamacions legals. Una auditoria d&#8217;accessibilitat assegura que el teu lloc web compleixi amb la normativa i evita aquests riscos.<\/li>\n<li><strong>Millora del posicionament SEO:<\/strong> Els motors de cerca premien els llocs accessibles, augmentant la seva visibilitat en l\u00ednia i atraient m\u00e9s tr\u00e0nsit.<\/li>\n<li><strong>Expansi\u00f3 del mercat:<\/strong> Un lloc web accessible permet arribar a una audi\u00e8ncia m\u00e9s \u00e0mplia, incloses persones amb discapacitats, enfortint la teva pres\u00e8ncia.<\/li>\n<li><strong>Enfortiment de la imatge corporativa:<\/strong> Complir amb els est\u00e0ndards d&#8217;accessibilitat projecta una imatge de responsabilitat social i inclusi\u00f3, millorant la reputaci\u00f3 de la teva marca.<\/li>\n<\/ul>\n<p>[\/vc_column_text][\/vc_column][\/vc_row][\/vc_section][vc_section back_color=&#8221;color-white-Four&#8221; overlay_alpha=&#8221;50&#8243; content_parallax=&#8221;0&#8243; uncode_shortcode_id=&#8221;140810&#8243; back_color_type=&#8221;uncode-palette&#8221;][vc_row row_height_percent=&#8221;0&#8243; override_padding=&#8221;yes&#8221; h_padding=&#8221;2&#8243; top_padding=&#8221;2&#8243; bottom_padding=&#8221;4&#8243; overlay_alpha=&#8221;50&#8243; gutter_size=&#8221;3&#8243; column_width_percent=&#8221;100&#8243; shift_y=&#8221;0&#8243; z_index=&#8221;0&#8243; content_parallax=&#8221;0&#8243; uncode_shortcode_id=&#8221;188339&#8243;][vc_column column_width_percent=&#8221;100&#8243; gutter_size=&#8221;3&#8243; overlay_alpha=&#8221;50&#8243; shift_x=&#8221;0&#8243; shift_y=&#8221;0&#8243; shift_y_down=&#8221;0&#8243; z_index=&#8221;0&#8243; medium_width=&#8221;0&#8243; mobile_width=&#8221;0&#8243; width=&#8221;1\/3&#8243; uncode_shortcode_id=&#8221;100146&#8243;][vc_single_image media=&#8221;6356&#8243; media_width_use_pixel=&#8221;yes&#8221; uncode_shortcode_id=&#8221;484791&#8243; el_class=&#8221;img-admin-publ-home&#8221; media_width_pixel=&#8221;363&#8243;][\/vc_column][vc_column width=&#8221;2\/3&#8243;][vc_custom_heading text_font=&#8221;font-179873&#8243; text_size=&#8221;fontsize-50&#8243; text_height=&#8221;fontheight-50&#8243; uncode_shortcode_id=&#8221;763506&#8243;]Riscs de no complir amb el Reial decret 1112\/2018[\/vc_custom_heading][vc_accordion sign=&#8221;plus&#8221; sign_size=&#8221;md&#8221; gutter_simple=&#8221;0&#8243; uncode_shortcode_id=&#8221;213547&#8243; active_tab=&#8221;0&#8243; el_id=&#8221;accordion-ADA&#8221;][vc_accordion_tab gutter_size=&#8221;2&#8243; column_padding=&#8221;2&#8243; title=&#8221;Demandes Legals i Sancions&#8221; tab_id=&#8221;1721639180-1-54&#8243;][vc_column_text uncode_shortcode_id=&#8221;942684&#8243;]Les empreses i organismes p\u00fablics a Espanya han de garantir que els seus llocs web i aplicacions m\u00f2bils siguin accessibles, complint amb els requisits establerts al Reial decret 1112\/2018. L&#8217;incompliment pot derivar en:<\/p>\n<ul>\n<li><strong>Sancions econ\u00f2miques:<\/strong> No complir amb els criteris del decret pot comportar multes significatives, regulades segons la gravetat de la infracci\u00f3 i l&#8217;impacte en els usuaris.<\/li>\n<li><strong>Reclamacions legals:<\/strong> Els ciutadans afectats poden presentar queixes davant les autoritats competents, cosa que pot donar lloc a investigacions, sancions i l&#8217;obligaci\u00f3 de fer ajustos per garantir l&#8217;accessibilitat.<\/li>\n<\/ul>\n<p>[\/vc_column_text][\/vc_accordion_tab][vc_accordion_tab gutter_size=&#8221;2&#8243; column_padding=&#8221;2&#8243; title=&#8221;Dany a la Reputaci\u00f3&#8221; tab_id=&#8221;1721639180-2-68&#8243;][vc_column_text uncode_shortcode_id=&#8221;104348&#8243;]La falta d&#8217;accessibilitat als llocs web i aplicacions d&#8217;una organitzaci\u00f3 pot ser vista com una falta de comprom\u00eds amb la inclusi\u00f3 i la responsabilitat social, la qual cosa podria:<\/p>\n<ul>\n<li><strong>Reduir la confian\u00e7a de l&#8217;usuari:<\/strong> Les persones amb discapacitats podrien evitar interactuar amb organitzacions que no compleixen amb els est\u00e0ndards del Reial decret 1112\/2018.<\/li>\n<li><strong>Afecctar la fidelitat del client:<\/strong> No garantir una experi\u00e8ncia accessible pot portar a la p\u00e8rdua d&#8217;usuaris, que prefereixen entitats compromeses amb la inclusi\u00f3 i el compliment de la normativa d&#8217;accessibilitat a Espanya.<\/li>\n<\/ul>\n<p>[\/vc_column_text][\/vc_accordion_tab][vc_accordion_tab gutter_size=&#8221;2&#8243; column_padding=&#8221;2&#8243; title=&#8221;P\u00e8rdua d&#8217;Oportunitats de Negoci&#8221; tab_id=&#8221;1721640234573-2-6&#8243;][vc_column_text uncode_shortcode_id=&#8221;539326&#8243;]No garantir l&#8217;accessibilitat digital limita l&#8217;acc\u00e9s a un mercat significatiu. En no complir amb el Reial decret 1112\/2018, les organitzacions corren el risc de:<\/p>\n<ul>\n<li><strong>Perdre clients potencials:<\/strong> La falta d&#8217;accessibilitat digital exclou una part significativa de la poblaci\u00f3, reduint l&#8217;abast dels serveis i limitant el mercat.<\/li>\n<li><strong>Complicar l&#8217;execuci\u00f3 de projectes p\u00fablics:<\/strong> No complir amb el Reial decret 1112\/2018 podria suposar grans dificultats per proposar o per assumir projectes provinents de licitacions p\u00fabliques.<\/li>\n<\/ul>\n<p>[\/vc_column_text][\/vc_accordion_tab][vc_accordion_tab gutter_size=&#8221;2&#8243; column_padding=&#8221;2&#8243; title=&#8221;Impacte Negatiu en el SEO&#8221; tab_id=&#8221;1729852336124-3-2&#8243;][vc_column_text uncode_shortcode_id=&#8221;200245&#8243;]Els llocs web accessibles no nom\u00e9s compleixen amb la normativa, sin\u00f3 que tamb\u00e9 milloren el SEO. No implementar aquestes pr\u00e0ctiques pot:<\/p>\n<ul>\n<li><strong>Reduir la visibilitat:<\/strong> Els llocs web no accessibles tenen un pitjor rendiment en els motors de cerca, cosa que impacta negativament en el seu posicionament.<\/li>\n<li><strong>Limitar el tr\u00e0nsit:<\/strong> En no ser accessibles, es dificulta que nous usuaris trobin el lloc, cosa que restringeix l&#8217;abast i el potencial de creixement del negoci.<\/li>\n<\/ul>\n<p>[\/vc_column_text][\/vc_accordion_tab][\/vc_accordion][\/vc_column][\/vc_row][\/vc_section][vc_row row_height_percent=&#8221;0&#8243; override_padding=&#8221;yes&#8221; h_padding=&#8221;2&#8243; top_padding=&#8221;2&#8243; bottom_padding=&#8221;2&#8243; back_color=&#8221;color-xsdn&#8221; overlay_alpha=&#8221;50&#8243; gutter_size=&#8221;0&#8243; column_width_percent=&#8221;100&#8243; shift_y=&#8221;0&#8243; z_index=&#8221;0&#8243; content_parallax=&#8221;0&#8243; full_width=&#8221;stretch_row&#8221; bg_type=&#8221;bg_color&#8221; bg_color_value=&#8221;#f7f7f7&#8243; css=&#8221;.vc_custom_1759141716189{padding-top: 44px !important;padding-bottom: 44px !important;}&#8221; el_class=&#8221;container-funcionalidades&#8221; uncode_shortcode_id=&#8221;214116&#8243; back_color_type=&#8221;uncode-palette&#8221;][vc_column][vc_custom_heading heading_semantic=&#8221;h3&#8243; text_font=&#8221;font-179873&#8243; text_size=&#8221;fontsize-50&#8243; text_height=&#8221;fontheight-50&#8243; uncode_shortcode_id=&#8221;135808&#8243;]Proc\u00e9s de Treball[\/vc_custom_heading][vc_row_inner row_inner_height_percent=&#8221;0&#8243; overlay_alpha=&#8221;50&#8243; gutter_size=&#8221;3&#8243; shift_y=&#8221;0&#8243; z_index=&#8221;0&#8243; gap=&#8221;15&#8243; el_class=&#8221;row-caracteristicas-fcn&#8221; uncode_shortcode_id=&#8221;300862&#8243; limit_content=&#8221;&#8221;][vc_column_inner column_width_percent=&#8221;100&#8243; gutter_size=&#8221;2&#8243; overlay_alpha=&#8221;50&#8243; shift_x=&#8221;0&#8243; shift_y=&#8221;0&#8243; shift_y_down=&#8221;0&#8243; z_index=&#8221;0&#8243; medium_width=&#8221;0&#8243; mobile_width=&#8221;0&#8243; width=&#8221;1\/4&#8243; uncode_shortcode_id=&#8221;194571&#8243;][vc_single_image media=&#8221;5930&#8243; media_width_use_pixel=&#8221;yes&#8221; image=&#8221;4573&#8243; img_size=&#8221;full&#8221; css=&#8221;.vc_custom_1710761245407{margin-bottom: 14px !important;}&#8221; uncode_shortcode_id=&#8221;358671&#8243; media_width_pixel=&#8221;65&#8243;][vc_custom_heading heading_semantic=&#8221;h4&#8243; text_font=&#8221;font-179873&#8243; text_size=&#8221;fontsize-30&#8243; text_height=&#8221;fontheight-28&#8243; uncode_shortcode_id=&#8221;204670&#8243;]Diagn\u00f2stic preliminar[\/vc_custom_heading][vc_column_text el_class=&#8221;text-caracteristicas-fcn&#8221; uncode_shortcode_id=&#8221;218260&#8243;]Realitzarem una auditoria inicial per identificar els problemes d&#8217;accessibilitat del teu lloc web i oferir-te solucions efectives.[\/vc_column_text][\/vc_column_inner][vc_column_inner column_width_percent=&#8221;100&#8243; gutter_size=&#8221;2&#8243; overlay_alpha=&#8221;50&#8243; shift_x=&#8221;0&#8243; shift_y=&#8221;0&#8243; shift_y_down=&#8221;0&#8243; z_index=&#8221;0&#8243; medium_width=&#8221;0&#8243; mobile_width=&#8221;0&#8243; width=&#8221;1\/4&#8243; uncode_shortcode_id=&#8221;919589&#8243;][vc_single_image media=&#8221;5932&#8243; media_width_use_pixel=&#8221;yes&#8221; image=&#8221;4575&#8243; img_size=&#8221;full&#8221; css=&#8221;.vc_custom_1710761256743{margin-bottom: 14px !important;}&#8221; uncode_shortcode_id=&#8221;906138&#8243; media_width_pixel=&#8221;65&#8243;][vc_custom_heading heading_semantic=&#8221;h4&#8243; text_font=&#8221;font-179873&#8243; text_size=&#8221;fontsize-30&#8243; text_height=&#8221;fontheight-28&#8243; uncode_shortcode_id=&#8221;228676&#8243;]Informe de Errors Detallat[\/vc_custom_heading][vc_column_text el_class=&#8221;text-caracteristicas-fcn&#8221; uncode_shortcode_id=&#8221;194884&#8243;]Presentem un informe d&#8217;errors que descriu les barreres detectades i proposa solucions per complir amb el Reial decret 1112\/2018.[\/vc_column_text][\/vc_column_inner][vc_column_inner column_width_percent=&#8221;100&#8243; gutter_size=&#8221;2&#8243; overlay_alpha=&#8221;50&#8243; shift_x=&#8221;0&#8243; shift_y=&#8221;0&#8243; shift_y_down=&#8221;0&#8243; z_index=&#8221;0&#8243; medium_width=&#8221;0&#8243; mobile_width=&#8221;0&#8243; width=&#8221;1\/4&#8243; uncode_shortcode_id=&#8221;681035&#8243;][vc_single_image media=&#8221;5392&#8243; media_width_use_pixel=&#8221;yes&#8221; image=&#8221;4576&#8243; img_size=&#8221;full&#8221; css=&#8221;.vc_custom_1710761267320{margin-bottom: 14px !important;}&#8221; uncode_shortcode_id=&#8221;319705&#8243; media_width_pixel=&#8221;65&#8243;][vc_custom_heading heading_semantic=&#8221;h4&#8243; text_font=&#8221;font-179873&#8243; text_size=&#8221;fontsize-30&#8243; text_height=&#8221;fontheight-28&#8243; uncode_shortcode_id=&#8221;196815&#8243;]T&#8217;acompanyem en els canvis[\/vc_custom_heading][vc_column_text el_class=&#8221;text-caracteristicas-fcn&#8221; uncode_shortcode_id=&#8221;139163&#8243;]Oferim assessorament i seguiment per implementar les millores necess\u00e0ries i fer ajustos en el disseny i contingut del teu portal.[\/vc_column_text][\/vc_column_inner][vc_column_inner column_width_percent=&#8221;100&#8243; gutter_size=&#8221;2&#8243; overlay_alpha=&#8221;50&#8243; shift_x=&#8221;0&#8243; shift_y=&#8221;0&#8243; shift_y_down=&#8221;0&#8243; z_index=&#8221;0&#8243; medium_width=&#8221;0&#8243; mobile_width=&#8221;0&#8243; width=&#8221;1\/4&#8243; uncode_shortcode_id=&#8221;104530&#8243;][vc_single_image media=&#8221;5931&#8243; media_width_use_pixel=&#8221;yes&#8221; image=&#8221;4577&#8243; img_size=&#8221;full&#8221; css=&#8221;.vc_custom_1710761278918{margin-bottom: 14px !important;}&#8221; uncode_shortcode_id=&#8221;477269&#8243; media_width_pixel=&#8221;65&#8243;][vc_custom_heading heading_semantic=&#8221;h4&#8243; text_font=&#8221;font-179873&#8243; text_size=&#8221;fontsize-30&#8243; text_height=&#8221;fontheight-28&#8243; uncode_shortcode_id=&#8221;446488&#8243;]Revisi\u00f3 i Certificaci\u00f3[\/vc_custom_heading][vc_column_text el_class=&#8221;text-caracteristicas-fcn&#8221; uncode_shortcode_id=&#8221;842507&#8243;]Verificarem que els canvis compleixen amb els est\u00e0ndards del Reial decret 1112\/2018 i certificarem l&#8217;accessibilitat del teu lloc web.[\/vc_column_text][\/vc_column_inner][\/vc_row_inner][\/vc_column][\/vc_row][vc_section back_color=&#8221;color-white-Four&#8221; overlay_alpha=&#8221;50&#8243; content_parallax=&#8221;0&#8243; uncode_shortcode_id=&#8221;867936&#8243; back_color_type=&#8221;uncode-palette&#8221;][vc_row row_height_percent=&#8221;0&#8243; override_padding=&#8221;yes&#8221; h_padding=&#8221;2&#8243; top_padding=&#8221;3&#8243; bottom_padding=&#8221;3&#8243; overlay_alpha=&#8221;50&#8243; gutter_size=&#8221;3&#8243; column_width_percent=&#8221;100&#8243; shift_y=&#8221;0&#8243; z_index=&#8221;0&#8243; uncode_shortcode_id=&#8221;173101&#8243;][vc_column column_width_percent=&#8221;100&#8243; position_vertical=&#8221;middle&#8221; gutter_size=&#8221;3&#8243; overlay_alpha=&#8221;50&#8243; shift_x=&#8221;0&#8243; shift_y=&#8221;0&#8243; shift_y_down=&#8221;0&#8243; z_index=&#8221;0&#8243; medium_width=&#8221;0&#8243; mobile_width=&#8221;0&#8243; width=&#8221;4\/12&#8243; uncode_shortcode_id=&#8221;206517&#8243;][vc_single_image media=&#8221;6336&#8243; media_width_use_pixel=&#8221;yes&#8221; uncode_shortcode_id=&#8221;414338&#8243; el_class=&#8221;img-admin-publ-home&#8221; media_width_pixel=&#8221;363&#8243;][\/vc_column][vc_column width=&#8221;8\/12&#8243;][vc_custom_heading text_font=&#8221;font-179873&#8243; text_size=&#8221;fontsize-50&#8243; text_height=&#8221;fontheight-50&#8243; uncode_shortcode_id=&#8221;289199&#8243;]A qui va dirigit?[\/vc_custom_heading][vc_custom_heading heading_semantic=&#8221;h4&#8243; text_font=&#8221;font-179873&#8243; text_size=&#8221;fontsize-30&#8243; text_height=&#8221;fontheight-28&#8243; uncode_shortcode_id=&#8221;187482&#8243;]Administracions p\u00fabliques[\/vc_custom_heading][vc_column_text uncode_shortcode_id=&#8221;197179&#8243; el_class=&#8221;fontsize-18 fontheight-28&#8243;]Tots els organismes p\u00fablics que gestionen serveis digitals han de garantir que les seves plataformes siguin accessibles, permetent a tots els ciutadans, incloses les persones amb discapacitat, accedir a la informaci\u00f3 i realitzar tr\u00e0mits de manera equitativa.[\/vc_column_text][vc_custom_heading heading_semantic=&#8221;h4&#8243; text_font=&#8221;font-179873&#8243; text_size=&#8221;fontsize-30&#8243; text_height=&#8221;fontheight-28&#8243; uncode_shortcode_id=&#8221;159697&#8243;]Empreses privades recolzades amb fons p\u00fablics[\/vc_custom_heading][vc_column_text uncode_shortcode_id=&#8221;209753&#8243; el_class=&#8221;fontsize-18 fontheight-28&#8243;]Totes les empreses que es trobin recolzades per fons europeus han de complir amb els requisits d&#8217;accessibilitat establerts en el <a href=\"https:\/\/www.boe.es\/diario_boe\/txt.php?id=BOE-A-2018-12699\" target=\"_blank\" rel=\"noopener\">Reial decret 1112\/2018<\/a>, garantint que els seus llocs web i aplicacions siguin accessibles per a totes les persones.[\/vc_column_text][vc_custom_heading heading_semantic=&#8221;h4&#8243; text_font=&#8221;font-179873&#8243; text_size=&#8221;fontsize-30&#8243; text_height=&#8221;fontheight-28&#8243; uncode_shortcode_id=&#8221;242992&#8243;]Empreses del Tercer Sector[\/vc_custom_heading][vc_column_text uncode_shortcode_id=&#8221;114744&#8243; el_class=&#8221;fontsize-18 fontheight-28&#8243;]Les entitats que presten serveis al p\u00fablic o gestionen informaci\u00f3 digital, tamb\u00e9 tenen l&#8217;obligaci\u00f3 de garantir que el seu contingut i serveis siguin accessibles, promovent la inclusi\u00f3 digital.[\/vc_column_text][\/vc_column][\/vc_row][\/vc_section][vc_section][vc_row row_height_percent=&#8221;0&#8243; override_padding=&#8221;yes&#8221; h_padding=&#8221;2&#8243; top_padding=&#8221;3&#8243; bottom_padding=&#8221;3&#8243; overlay_alpha=&#8221;50&#8243; gutter_size=&#8221;0&#8243; column_width_percent=&#8221;100&#8243; shift_y=&#8221;0&#8243; z_index=&#8221;0&#8243; content_parallax=&#8221;0&#8243; uncode_shortcode_id=&#8221;101017&#8243; el_id=&#8221;accordion-preguntas-frecuentes&#8221;][vc_column width=&#8221;1\/1&#8243;][vc_custom_heading text_font=&#8221;font-179873&#8243; text_size=&#8221;fontsize-50&#8243; text_height=&#8221;fontheight-50&#8243; uncode_shortcode_id=&#8221;191337&#8243;]Preguntes Freq\u00fcents (FAQs)[\/vc_custom_heading][vc_accordion sign=&#8221;plus&#8221; sign_size=&#8221;md&#8221; gutter_simple=&#8221;0&#8243; uncode_shortcode_id=&#8221;479743&#8243; el_class=&#8221;secondary-accordion-ADA&#8221; active_tab=&#8221;0&#8243;][vc_accordion_tab gutter_size=&#8221;2&#8243; column_padding=&#8221;2&#8243; title=&#8221;A qui afecta el Reial decret 1112\/2018?&#8221; tab_id=&#8221;1730199680-1-78&#8243;][vc_column_text uncode_shortcode_id=&#8221;852420&#8243;]Totes les empreses que ofereixin serveis o productes en l\u00ednia, com botigues electr\u00f2niques, que estiguin finan\u00e7ades per fons europeus, administracions p\u00fabliques i empreses del tercer sector hauran de complir amb aquest Re[\/vc_column_text][\/vc_accordion_tab][vc_accordion_tab gutter_size=&#8221;2&#8243; column_padding=&#8221;2&#8243; title=&#8221;Quines s\u00f3n les conseq\u00fc\u00e8ncies de no complir amb el Reial decret 1112\/2018?&#8221; tab_id=&#8221;1730199680-2-98&#8243;][vc_column_text uncode_shortcode_id=&#8221;835696&#8243;]L&#8217;incompliment pot resultar en sancions econ\u00f2miques, demandes legals i danys a la reputaci\u00f3 de l&#8217;empresa, a m\u00e9s de l&#8217;exclusi\u00f3 de licitacions p\u00fabliques.[\/vc_column_text][\/vc_accordion_tab][vc_accordion_tab gutter_size=&#8221;2&#8243; column_padding=&#8221;2&#8243; title=&#8221;Com puc saber si el meu lloc web compleix amb el Reial decret 1112\/2018?&#8221; tab_id=&#8221;1730200849428-2-3&#8243;][vc_column_text uncode_shortcode_id=&#8221;165437&#8243;]Realitzar auditories d&#8217;accessibilitat web que avalu\u00efn si el teu lloc compleix amb els requisits t\u00e8cnics establerts en la normativa, ja siguin auditories internes o realitzades per experts externs.[\/vc_column_text][\/vc_accordion_tab][\/vc_accordion][\/vc_column][\/vc_row][\/vc_section][vc_row][vc_column width=&#8221;1\/1&#8243;][uncode_block id=&#8221;5652&#8243;][\/vc_column][\/vc_row]<\/p>\n<\/div>","protected":false},"excerpt":{"rendered":"<p>El C\u00f3digo de Accesibilidad de Catalu\u00f1a: Decreto 209\/2023 garantiza la accesibilidad web en Catalu\u00f1a, estableciendo normas para fomentar la inclusi\u00f3n digital.<\/p>\n","protected":false},"author":4,"featured_media":8119,"parent":0,"menu_order":0,"comment_status":"closed","ping_status":"closed","template":"","meta":{"_acf_changed":false,"footnotes":""},"class_list":["post-8118","page","type-page","status-publish","has-post-thumbnail","hentry"],"acf":[],"_form":null,"_mail":null,"_mail_2":null,"_messages":null,"_additional_settings":null,"_locale":null,"migrate_from_cf7_redirect":null,"_hash":null,"_links":{"self":[{"href":"https:\/\/www.tuwebaccesible.es\/cat\/wp-json\/wp\/v2\/pages\/8118","targetHints":{"allow":["GET"]}}],"collection":[{"href":"https:\/\/www.tuwebaccesible.es\/cat\/wp-json\/wp\/v2\/pages"}],"about":[{"href":"https:\/\/www.tuwebaccesible.es\/cat\/wp-json\/wp\/v2\/types\/page"}],"author":[{"embeddable":true,"href":"https:\/\/www.tuwebaccesible.es\/cat\/wp-json\/wp\/v2\/users\/4"}],"replies":[{"embeddable":true,"href":"https:\/\/www.tuwebaccesible.es\/cat\/wp-json\/wp\/v2\/comments?post=8118"}],"version-history":[{"count":2,"href":"https:\/\/www.tuwebaccesible.es\/cat\/wp-json\/wp\/v2\/pages\/8118\/revisions"}],"predecessor-version":[{"id":10816,"href":"https:\/\/www.tuwebaccesible.es\/cat\/wp-json\/wp\/v2\/pages\/8118\/revisions\/10816"}],"wp:featuredmedia":[{"embeddable":true,"href":"https:\/\/www.tuwebaccesible.es\/cat\/wp-json\/wp\/v2\/media\/8119"}],"wp:attachment":[{"href":"https:\/\/www.tuwebaccesible.es\/cat\/wp-json\/wp\/v2\/media?parent=8118"}],"curies":[{"name":"wp","href":"https:\/\/api.w.org\/{rel}","templated":true}]}}